{"id":2410,"date":"2024-07-22T14:50:10","date_gmt":"2024-07-22T12:50:10","guid":{"rendered":"https:\/\/coleaders.com\/offres-entreprises\/"},"modified":"2026-03-01T14:31:31","modified_gmt":"2026-03-01T13:31:31","slug":"offres-entreprises","status":"publish","type":"page","link":"https:\/\/coleaders.com\/en\/offres-entreprises\/","title":{"rendered":"For Organisations"},"content":{"rendered":"\n<h2 class=\"wp-block-heading\"><strong>Our clients\u2019 challenges<\/strong><\/h2>\n\n\n\n<p>We are passionate about supporting our clients through their transformation challenges. While each company\u2019s situation is unique, these challenges share four common characteristics:<\/p>\n\n\n\n<div class=\"wp-block-pb-accordion-item c-accordion__item js-accordion-item no-js\" data-initially-open=\"false\" data-click-to-close=\"true\" data-auto-close=\"true\" data-scroll=\"false\" data-scroll-offset=\"0\"><h3 id=\"at-24100\" class=\"c-accordion__title js-accordion-controller\" role=\"button\"><strong><strong>Significant business challenges need to be addressed<\/strong><\/strong><\/h3><div id=\"ac-24100\" class=\"c-accordion__content\">\n<p>The change required is linked to <strong>major business challenges <\/strong>(market disruptions, a new strategy, merger or integration, a shift in business model, performance ambitions, etc.).<\/p>\n<\/div><\/div>\n\n\n\n<div class=\"wp-block-pb-accordion-item c-accordion__item js-accordion-item no-js\" data-initially-open=\"false\" data-click-to-close=\"true\" data-auto-close=\"true\" data-scroll=\"false\" data-scroll-offset=\"0\"><h3 id=\"at-24101\" class=\"c-accordion__title js-accordion-controller\" role=\"button\"><strong><strong>New approaches are necessary to succeed<\/strong><\/strong><\/h3><div id=\"ac-24101\" class=\"c-accordion__content\">\n<p>Existing solutions are <strong>no longer sufficient<\/strong>, new approaches are <strong>required to succeed.<\/strong><\/p>\n<\/div><\/div>\n\n\n\n<div class=\"wp-block-pb-accordion-item c-accordion__item js-accordion-item no-js\" data-initially-open=\"false\" data-click-to-close=\"true\" data-auto-close=\"true\" data-scroll=\"false\" data-scroll-offset=\"0\"><h3 id=\"at-24102\" class=\"c-accordion__title js-accordion-controller\" role=\"button\"><strong><strong>Collective leadership is required<\/strong><\/strong><\/h3><div id=\"ac-24102\" class=\"c-accordion__content\">\n<p>The change does not involve <strong>only an individual leader.<\/strong> It requires <strong>collective as well as individual leadership<\/strong> \u2014 at the level of a team, a division or the entire organisation.<\/p>\n<\/div><\/div>\n\n\n\n<div class=\"wp-block-pb-accordion-item c-accordion__item js-accordion-item no-js\" data-initially-open=\"false\" data-click-to-close=\"true\" data-auto-close=\"true\" data-scroll=\"false\" data-scroll-offset=\"0\"><h3 id=\"at-24103\" class=\"c-accordion__title js-accordion-controller\" role=\"button\"><strong>Lasting shifts in our mindsets and relationships are needed<\/strong><\/h3><div id=\"ac-24103\" class=\"c-accordion__content\">\n<p>Transformation is not only about acting differently. It also requires lasting shifts <strong>in our mindsets and relationships<\/strong>, as <strong>the way we are and collaborate directly impacts<\/strong> our business performance and value creation.<\/p>\n<\/div><\/div>\n\n\n\n<h2 class=\"wp-block-heading\"><strong>The keys to successful transformation<\/strong><\/h2>\n\n\n\n<p>With each client, we design <strong>a tailor-made approach <\/strong>grounded in <strong>our systemic coaching principles<\/strong>, adapting to <strong>your context and your specific challenges.<\/strong><\/p>\n\n\n\n<p>Our integrated approach equips you with <strong>the eight keys for successful transformation,<\/strong> along four stages :<\/p>\n\n\n\n<div class=\"wp-block-pb-accordion-item c-accordion__item js-accordion-item no-js\" data-initially-open=\"false\" data-click-to-close=\"true\" data-auto-close=\"true\" data-scroll=\"false\" data-scroll-offset=\"0\"><h3 id=\"at-24104\" class=\"c-accordion__title js-accordion-controller\" role=\"button\"><strong>I. Starting with ourselves as leaders to embody to change<\/strong><\/h3><div id=\"ac-24104\" class=\"c-accordion__content\">\n<ul class=\"wp-block-list\">\n<li><strong>Executive Coaching:<\/strong>\u00a0Embody change personally as a leader<\/li>\n\n\n\n<li><strong>Leadership Team Coaching:<\/strong>\u00a0Embody change through aligned leadership team dynamics<\/li>\n<\/ul>\n<\/div><\/div>\n\n\n\n<div class=\"wp-block-pb-accordion-item c-accordion__item js-accordion-item no-js\" data-initially-open=\"false\" data-click-to-close=\"true\" data-auto-close=\"true\" data-scroll=\"false\" data-scroll-offset=\"0\"><h3 id=\"at-24105\" class=\"c-accordion__title js-accordion-controller\" role=\"button\">II. <strong>Mobilising teams to co-create the change<\/strong><\/h3><div id=\"ac-24105\" class=\"c-accordion__content\">\n<ul class=\"wp-block-list\">\n<li><strong>Shared Vision <\/strong>Development<strong>:<\/strong>\u00a0Co-create and commit to a shared vision<\/li>\n\n\n\n<li><strong>Collective Intelligence:<\/strong>\u00a0Mobilise collective intelligence in service of transformation<\/li>\n<\/ul>\n<\/div><\/div>\n\n\n\n<div class=\"wp-block-pb-accordion-item c-accordion__item js-accordion-item no-js\" data-initially-open=\"false\" data-click-to-close=\"true\" data-auto-close=\"true\" data-scroll=\"false\" data-scroll-offset=\"0\"><h3 id=\"at-24106\" class=\"c-accordion__title js-accordion-controller\" role=\"button\"><strong>III. Experimenting and deploying new leadership practices<\/strong><\/h3><div id=\"ac-24106\" class=\"c-accordion__content\">\n<ul class=\"wp-block-list\">\n<li>Training in <strong>Collaborative Management:<\/strong>\u00a0Renew management practices in a collaborative mode<\/li>\n\n\n\n<li>Training in <strong>Leading a Learning Organisation:<\/strong>\u00a0Deploy new systemic leadership capabilities<\/li>\n<\/ul>\n<\/div><\/div>\n\n\n\n<div class=\"wp-block-pb-accordion-item c-accordion__item js-accordion-item no-js\" data-initially-open=\"false\" data-click-to-close=\"true\" data-auto-close=\"true\" data-scroll=\"false\" data-scroll-offset=\"0\"><h3 id=\"at-24107\" class=\"c-accordion__title js-accordion-controller\" role=\"button\"><strong>IV. Developing continuous action learning through peer- and internal coaching<\/strong><\/h3><div id=\"ac-24107\" class=\"c-accordion__content\">\n<ul class=\"wp-block-list\">\n<li>Facilitating<strong> action learning and peer coaching:<\/strong>\u00a0Strengthening continuous, action-based learning through peer coaching<\/li>\n\n\n\n<li><strong>Training and Supervision in Systemic Coaching:<\/strong>\u00a0Developing\u00a0<strong>internal coaching capabilities<\/strong><\/li>\n<\/ul>\n<\/div><\/div>\n\n\n<div class=\"wp-block-image\">\n<figure class=\"aligncenter size-large is-resized\"><img loading=\"lazy\" decoding=\"async\" width=\"1600\" height=\"1365\" src=\"https:\/\/coleaders.com\/beta\/wp-content\/uploads\/2026\/03\/Screenshot-2026-03-01-at-14.30.18-1600x1365.png\" alt=\"\" class=\"wp-image-2688\" style=\"aspect-ratio:1.1887135442737835;width:673px;height:auto\" srcset=\"https:\/\/coleaders.com\/beta\/wp-content\/uploads\/2026\/03\/Screenshot-2026-03-01-at-14.30.18-1600x1365.png 1600w, https:\/\/coleaders.com\/beta\/wp-content\/uploads\/2026\/03\/Screenshot-2026-03-01-at-14.30.18-1200x1024.png 1200w, https:\/\/coleaders.com\/beta\/wp-content\/uploads\/2026\/03\/Screenshot-2026-03-01-at-14.30.18-768x655.png 768w, https:\/\/coleaders.com\/beta\/wp-content\/uploads\/2026\/03\/Screenshot-2026-03-01-at-14.30.18-1536x1310.png 1536w, https:\/\/coleaders.com\/beta\/wp-content\/uploads\/2026\/03\/Screenshot-2026-03-01-at-14.30.18.png 1878w\" sizes=\"auto, (max-width: 1600px) 100vw, 1600px\" \/><figcaption class=\"wp-element-caption\">The Wheel of Transformation<\/figcaption><\/figure>\n<\/div>\n\n\n<p>Discover each of our systemic coaching services for organisations in transformation. <\/p>\n","protected":false},"excerpt":{"rendered":"<p>Nos offres d\u2019accompagnement vous donnent les cl\u00e9s pour incarner, accompagner et r\u00e9ussir les transformations humaines et strat\u00e9giques de votre entreprise, tout en la pr\u00e9parant pour le futur.<\/p>\n","protected":false},"author":1,"featured_media":0,"parent":0,"menu_order":1,"comment_status":"closed","ping_status":"closed","template":"single-offres.php","meta":{"_acf_changed":false,"footnotes":""},"class_list":["post-2410","page","type-page","status-publish","hentry"],"acf":[],"yoast_head":"<!-- This site is optimized with the Yoast SEO plugin v26.8 - https:\/\/yoast.com\/product\/yoast-seo-wordpress\/ -->\n<title>For Organisations - COLEADERS<\/title>\n<meta name=\"robots\" content=\"index, follow, max-snippet:-1, max-image-preview:large, max-video-preview:-1\" \/>\n<link rel=\"canonical\" href=\"https:\/\/coleaders.com\/en\/offres-entreprises\/\" \/>\n<meta property=\"og:locale\" content=\"en_US\" \/>\n<meta property=\"og:type\" content=\"article\" \/>\n<meta property=\"og:title\" content=\"For Organisations - COLEADERS\" \/>\n<meta property=\"og:description\" content=\"Nos offres d\u2019accompagnement vous donnent les cl\u00e9s pour incarner, accompagner et r\u00e9ussir les transformations humaines et strat\u00e9giques de votre entreprise, tout en la pr\u00e9parant pour le futur.\" \/>\n<meta property=\"og:url\" content=\"https:\/\/coleaders.com\/en\/offres-entreprises\/\" \/>\n<meta property=\"og:site_name\" content=\"COLEADERS\" \/>\n<meta property=\"article:modified_time\" content=\"2026-03-01T13:31:31+00:00\" \/>\n<meta property=\"og:image\" content=\"https:\/\/coleaders.com\/beta\/wp-content\/uploads\/2026\/03\/Screenshot-2026-03-01-at-14.30.18.png\" \/>\n\t<meta property=\"og:image:width\" content=\"1878\" \/>\n\t<meta property=\"og:image:height\" content=\"1602\" \/>\n\t<meta property=\"og:image:type\" content=\"image\/png\" \/>\n<meta name=\"twitter:card\" content=\"summary_large_image\" \/>\n<meta name=\"twitter:label1\" content=\"Est. reading time\" \/>\n\t<meta name=\"twitter:data1\" content=\"2 minutes\" \/>\n<script type=\"application\/ld+json\" class=\"yoast-schema-graph\">{\"@context\":\"https:\/\/schema.org\",\"@graph\":[{\"@type\":\"WebPage\",\"@id\":\"https:\/\/coleaders.com\/en\/offres-entreprises\/\",\"url\":\"https:\/\/coleaders.com\/en\/offres-entreprises\/\",\"name\":\"For Organisations - COLEADERS\",\"isPartOf\":{\"@id\":\"https:\/\/coleaders.com\/#website\"},\"primaryImageOfPage\":{\"@id\":\"https:\/\/coleaders.com\/en\/offres-entreprises\/#primaryimage\"},\"image\":{\"@id\":\"https:\/\/coleaders.com\/en\/offres-entreprises\/#primaryimage\"},\"thumbnailUrl\":\"https:\/\/coleaders.com\/beta\/wp-content\/uploads\/2026\/03\/Screenshot-2026-03-01-at-14.30.18-1600x1365.png\",\"datePublished\":\"2024-07-22T12:50:10+00:00\",\"dateModified\":\"2026-03-01T13:31:31+00:00\",\"breadcrumb\":{\"@id\":\"https:\/\/coleaders.com\/en\/offres-entreprises\/#breadcrumb\"},\"inLanguage\":\"en-US\",\"potentialAction\":[{\"@type\":\"ReadAction\",\"target\":[\"https:\/\/coleaders.com\/en\/offres-entreprises\/\"]}]},{\"@type\":\"ImageObject\",\"inLanguage\":\"en-US\",\"@id\":\"https:\/\/coleaders.com\/en\/offres-entreprises\/#primaryimage\",\"url\":\"https:\/\/coleaders.com\/beta\/wp-content\/uploads\/2026\/03\/Screenshot-2026-03-01-at-14.30.18-1600x1365.png\",\"contentUrl\":\"https:\/\/coleaders.com\/beta\/wp-content\/uploads\/2026\/03\/Screenshot-2026-03-01-at-14.30.18-1600x1365.png\"},{\"@type\":\"BreadcrumbList\",\"@id\":\"https:\/\/coleaders.com\/en\/offres-entreprises\/#breadcrumb\",\"itemListElement\":[{\"@type\":\"ListItem\",\"position\":1,\"name\":\"Accueil\",\"item\":\"https:\/\/coleaders.com\/en\/\"},{\"@type\":\"ListItem\",\"position\":2,\"name\":\"For Organisations\"}]},{\"@type\":\"WebSite\",\"@id\":\"https:\/\/coleaders.com\/#website\",\"url\":\"https:\/\/coleaders.com\/\",\"name\":\"COLEADERS\",\"description\":\"Une \u00e9quipe de coachs ex\u00e9cutifs pour accompagner vos dirigeants et vos \u00e9quipes et r\u00e9ussir la dimension humaine des transformations de votre entreprise.\",\"publisher\":{\"@id\":\"https:\/\/coleaders.com\/#organization\"},\"alternateName\":\"COLEADERS\",\"potentialAction\":[{\"@type\":\"SearchAction\",\"target\":{\"@type\":\"EntryPoint\",\"urlTemplate\":\"https:\/\/coleaders.com\/?s={search_term_string}\"},\"query-input\":{\"@type\":\"PropertyValueSpecification\",\"valueRequired\":true,\"valueName\":\"search_term_string\"}}],\"inLanguage\":\"en-US\"},{\"@type\":\"Organization\",\"@id\":\"https:\/\/coleaders.com\/#organization\",\"name\":\"COLEADERS\",\"alternateName\":\"COLEADERS\",\"url\":\"https:\/\/coleaders.com\/\",\"logo\":{\"@type\":\"ImageObject\",\"inLanguage\":\"en-US\",\"@id\":\"https:\/\/coleaders.com\/#\/schema\/logo\/image\/\",\"url\":\"https:\/\/coleaders.com\/beta\/wp-content\/uploads\/2026\/01\/cropped-coleaders-favicon.png\",\"contentUrl\":\"https:\/\/coleaders.com\/beta\/wp-content\/uploads\/2026\/01\/cropped-coleaders-favicon.png\",\"width\":512,\"height\":512,\"caption\":\"COLEADERS\"},\"image\":{\"@id\":\"https:\/\/coleaders.com\/#\/schema\/logo\/image\/\"},\"sameAs\":[\"https:\/\/www.linkedin.com\/in\/christophemikolajczak\/\"]}]}<\/script>\n<!-- \/ Yoast SEO plugin. -->","yoast_head_json":{"title":"For Organisations - COLEADERS","robots":{"index":"index","follow":"follow","max-snippet":"max-snippet:-1","max-image-preview":"max-image-preview:large","max-video-preview":"max-video-preview:-1"},"canonical":"https:\/\/coleaders.com\/en\/offres-entreprises\/","og_locale":"en_US","og_type":"article","og_title":"For Organisations - COLEADERS","og_description":"Nos offres d\u2019accompagnement vous donnent les cl\u00e9s pour incarner, accompagner et r\u00e9ussir les transformations humaines et strat\u00e9giques de votre entreprise, tout en la pr\u00e9parant pour le futur.","og_url":"https:\/\/coleaders.com\/en\/offres-entreprises\/","og_site_name":"COLEADERS","article_modified_time":"2026-03-01T13:31:31+00:00","og_image":[{"width":1878,"height":1602,"url":"https:\/\/coleaders.com\/beta\/wp-content\/uploads\/2026\/03\/Screenshot-2026-03-01-at-14.30.18.png","type":"image\/png"}],"twitter_card":"summary_large_image","twitter_misc":{"Est. reading time":"2 minutes"},"schema":{"@context":"https:\/\/schema.org","@graph":[{"@type":"WebPage","@id":"https:\/\/coleaders.com\/en\/offres-entreprises\/","url":"https:\/\/coleaders.com\/en\/offres-entreprises\/","name":"For Organisations - COLEADERS","isPartOf":{"@id":"https:\/\/coleaders.com\/#website"},"primaryImageOfPage":{"@id":"https:\/\/coleaders.com\/en\/offres-entreprises\/#primaryimage"},"image":{"@id":"https:\/\/coleaders.com\/en\/offres-entreprises\/#primaryimage"},"thumbnailUrl":"https:\/\/coleaders.com\/beta\/wp-content\/uploads\/2026\/03\/Screenshot-2026-03-01-at-14.30.18-1600x1365.png","datePublished":"2024-07-22T12:50:10+00:00","dateModified":"2026-03-01T13:31:31+00:00","breadcrumb":{"@id":"https:\/\/coleaders.com\/en\/offres-entreprises\/#breadcrumb"},"inLanguage":"en-US","potentialAction":[{"@type":"ReadAction","target":["https:\/\/coleaders.com\/en\/offres-entreprises\/"]}]},{"@type":"ImageObject","inLanguage":"en-US","@id":"https:\/\/coleaders.com\/en\/offres-entreprises\/#primaryimage","url":"https:\/\/coleaders.com\/beta\/wp-content\/uploads\/2026\/03\/Screenshot-2026-03-01-at-14.30.18-1600x1365.png","contentUrl":"https:\/\/coleaders.com\/beta\/wp-content\/uploads\/2026\/03\/Screenshot-2026-03-01-at-14.30.18-1600x1365.png"},{"@type":"BreadcrumbList","@id":"https:\/\/coleaders.com\/en\/offres-entreprises\/#breadcrumb","itemListElement":[{"@type":"ListItem","position":1,"name":"Accueil","item":"https:\/\/coleaders.com\/en\/"},{"@type":"ListItem","position":2,"name":"For Organisations"}]},{"@type":"WebSite","@id":"https:\/\/coleaders.com\/#website","url":"https:\/\/coleaders.com\/","name":"COLEADERS","description":"Une \u00e9quipe de coachs ex\u00e9cutifs pour accompagner vos dirigeants et vos \u00e9quipes et r\u00e9ussir la dimension humaine des transformations de votre entreprise.","publisher":{"@id":"https:\/\/coleaders.com\/#organization"},"alternateName":"COLEADERS","potentialAction":[{"@type":"SearchAction","target":{"@type":"EntryPoint","urlTemplate":"https:\/\/coleaders.com\/?s={search_term_string}"},"query-input":{"@type":"PropertyValueSpecification","valueRequired":true,"valueName":"search_term_string"}}],"inLanguage":"en-US"},{"@type":"Organization","@id":"https:\/\/coleaders.com\/#organization","name":"COLEADERS","alternateName":"COLEADERS","url":"https:\/\/coleaders.com\/","logo":{"@type":"ImageObject","inLanguage":"en-US","@id":"https:\/\/coleaders.com\/#\/schema\/logo\/image\/","url":"https:\/\/coleaders.com\/beta\/wp-content\/uploads\/2026\/01\/cropped-coleaders-favicon.png","contentUrl":"https:\/\/coleaders.com\/beta\/wp-content\/uploads\/2026\/01\/cropped-coleaders-favicon.png","width":512,"height":512,"caption":"COLEADERS"},"image":{"@id":"https:\/\/coleaders.com\/#\/schema\/logo\/image\/"},"sameAs":["https:\/\/www.linkedin.com\/in\/christophemikolajczak\/"]}]}},"_links":{"self":[{"href":"https:\/\/coleaders.com\/en\/wp-json\/wp\/v2\/pages\/2410","targetHints":{"allow":["GET"]}}],"collection":[{"href":"https:\/\/coleaders.com\/en\/wp-json\/wp\/v2\/pages"}],"about":[{"href":"https:\/\/coleaders.com\/en\/wp-json\/wp\/v2\/types\/page"}],"author":[{"embeddable":true,"href":"https:\/\/coleaders.com\/en\/wp-json\/wp\/v2\/users\/1"}],"replies":[{"embeddable":true,"href":"https:\/\/coleaders.com\/en\/wp-json\/wp\/v2\/comments?post=2410"}],"version-history":[{"count":8,"href":"https:\/\/coleaders.com\/en\/wp-json\/wp\/v2\/pages\/2410\/revisions"}],"predecessor-version":[{"id":2689,"href":"https:\/\/coleaders.com\/en\/wp-json\/wp\/v2\/pages\/2410\/revisions\/2689"}],"wp:attachment":[{"href":"https:\/\/coleaders.com\/en\/wp-json\/wp\/v2\/media?parent=2410"}],"curies":[{"name":"wp","href":"https:\/\/api.w.org\/{rel}","templated":true}]}}