{"id":2409,"date":"2024-07-22T14:50:57","date_gmt":"2024-07-22T12:50:57","guid":{"rendered":"https:\/\/coleaders.com\/coaching-dequipe-dirigeante-2\/"},"modified":"2024-07-22T14:50:57","modified_gmt":"2024-07-22T12:50:57","slug":"coaching-dequipe-dirigeante","status":"publish","type":"page","link":"https:\/\/coleaders.com\/en\/offres-entreprises\/coaching-dequipe-dirigeante\/","title":{"rendered":"Coaching d\u2019\u00e9quipe dirigeante"},"content":{"rendered":"\n<p>Devenez une \u00e9quipe dirigeante visionnaire et collaborative. R\u00e9alisez ensemble vos projets de transformation gr\u00e2ce \u00e0 notre approche du coaching syst\u00e9mique d&#8217;\u00e9quipe, \u00e9prouv\u00e9e par de nombreux comit\u00e9s de direction.<\/p>\n","protected":false},"excerpt":{"rendered":"<p>Devenez une \u00e9quipe dirigeante visionnaire et collaborative. R\u00e9alisez ensemble vos projets de transformation gr\u00e2ce \u00e0 notre approche du coaching syst\u00e9mique d&#8217;\u00e9quipe, \u00e9prouv\u00e9e par de nombreux comit\u00e9s de direction.<\/p>\n","protected":false},"author":1,"featured_media":2282,"parent":2410,"menu_order":1,"comment_status":"closed","ping_status":"closed","template":"single-offres.php","meta":{"_acf_changed":false,"footnotes":""},"class_list":["post-2409","page","type-page","status-publish","has-post-thumbnail","hentry"],"acf":[],"yoast_head":"<!-- This site is optimized with the Yoast SEO plugin v26.8 - https:\/\/yoast.com\/product\/yoast-seo-wordpress\/ -->\n<title>Coaching d\u2019\u00e9quipe dirigeante - COLEADERS<\/title>\n<meta name=\"robots\" content=\"index, follow, max-snippet:-1, max-image-preview:large, max-video-preview:-1\" \/>\n<link rel=\"canonical\" href=\"https:\/\/coleaders.com\/en\/coaching-dequipe-dirigeante-2\/\" \/>\n<meta property=\"og:locale\" content=\"en_US\" \/>\n<meta property=\"og:type\" content=\"article\" \/>\n<meta property=\"og:title\" content=\"Coaching d\u2019\u00e9quipe dirigeante - COLEADERS\" \/>\n<meta property=\"og:description\" content=\"Devenez une \u00e9quipe dirigeante visionnaire et collaborative. R\u00e9alisez ensemble vos projets de transformation gr\u00e2ce \u00e0 notre approche du coaching syst\u00e9mique d&#039;\u00e9quipe, \u00e9prouv\u00e9e par de nombreux comit\u00e9s de direction.\" \/>\n<meta property=\"og:url\" content=\"https:\/\/coleaders.com\/en\/coaching-dequipe-dirigeante-2\/\" \/>\n<meta property=\"og:site_name\" content=\"COLEADERS\" \/>\n<meta property=\"og:image\" content=\"https:\/\/coleaders.com\/beta\/wp-content\/uploads\/2026\/01\/coleaders-og-white.png\" \/>\n\t<meta property=\"og:image:width\" content=\"1024\" \/>\n\t<meta property=\"og:image:height\" content=\"675\" \/>\n\t<meta property=\"og:image:type\" content=\"image\/png\" \/>\n<meta name=\"twitter:card\" content=\"summary_large_image\" \/>\n<script type=\"application\/ld+json\" class=\"yoast-schema-graph\">{\"@context\":\"https:\/\/schema.org\",\"@graph\":[{\"@type\":\"WebPage\",\"@id\":\"https:\/\/coleaders.com\/en\/coaching-dequipe-dirigeante-2\/\",\"url\":\"https:\/\/coleaders.com\/en\/coaching-dequipe-dirigeante-2\/\",\"name\":\"Coaching d\u2019\u00e9quipe dirigeante - COLEADERS\",\"isPartOf\":{\"@id\":\"https:\/\/coleaders.com\/#website\"},\"primaryImageOfPage\":{\"@id\":\"https:\/\/coleaders.com\/en\/coaching-dequipe-dirigeante-2\/#primaryimage\"},\"image\":{\"@id\":\"https:\/\/coleaders.com\/en\/coaching-dequipe-dirigeante-2\/#primaryimage\"},\"thumbnailUrl\":\"https:\/\/coleaders.com\/beta\/wp-content\/uploads\/2025\/10\/lee-hans-0is0m3PdOMk-unsplash-scaled.jpg\",\"datePublished\":\"2024-07-22T12:50:57+00:00\",\"breadcrumb\":{\"@id\":\"https:\/\/coleaders.com\/en\/coaching-dequipe-dirigeante-2\/#breadcrumb\"},\"inLanguage\":\"en-US\",\"potentialAction\":[{\"@type\":\"ReadAction\",\"target\":[\"https:\/\/coleaders.com\/en\/coaching-dequipe-dirigeante-2\/\"]}]},{\"@type\":\"ImageObject\",\"inLanguage\":\"en-US\",\"@id\":\"https:\/\/coleaders.com\/en\/coaching-dequipe-dirigeante-2\/#primaryimage\",\"url\":\"https:\/\/coleaders.com\/beta\/wp-content\/uploads\/2025\/10\/lee-hans-0is0m3PdOMk-unsplash-scaled.jpg\",\"contentUrl\":\"https:\/\/coleaders.com\/beta\/wp-content\/uploads\/2025\/10\/lee-hans-0is0m3PdOMk-unsplash-scaled.jpg\",\"width\":2560,\"height\":1669},{\"@type\":\"BreadcrumbList\",\"@id\":\"https:\/\/coleaders.com\/en\/coaching-dequipe-dirigeante-2\/#breadcrumb\",\"itemListElement\":[{\"@type\":\"ListItem\",\"position\":1,\"name\":\"Accueil\",\"item\":\"https:\/\/coleaders.com\/en\/\"},{\"@type\":\"ListItem\",\"position\":2,\"name\":\"Coaching d\u2019\u00e9quipe dirigeante\"}]},{\"@type\":\"WebSite\",\"@id\":\"https:\/\/coleaders.com\/#website\",\"url\":\"https:\/\/coleaders.com\/\",\"name\":\"COLEADERS\",\"description\":\"Une \u00e9quipe de coachs ex\u00e9cutifs pour accompagner vos dirigeants et vos \u00e9quipes et r\u00e9ussir la dimension humaine des transformations de votre entreprise.\",\"publisher\":{\"@id\":\"https:\/\/coleaders.com\/#organization\"},\"alternateName\":\"COLEADERS\",\"potentialAction\":[{\"@type\":\"SearchAction\",\"target\":{\"@type\":\"EntryPoint\",\"urlTemplate\":\"https:\/\/coleaders.com\/?s={search_term_string}\"},\"query-input\":{\"@type\":\"PropertyValueSpecification\",\"valueRequired\":true,\"valueName\":\"search_term_string\"}}],\"inLanguage\":\"en-US\"},{\"@type\":\"Organization\",\"@id\":\"https:\/\/coleaders.com\/#organization\",\"name\":\"COLEADERS\",\"alternateName\":\"COLEADERS\",\"url\":\"https:\/\/coleaders.com\/\",\"logo\":{\"@type\":\"ImageObject\",\"inLanguage\":\"en-US\",\"@id\":\"https:\/\/coleaders.com\/#\/schema\/logo\/image\/\",\"url\":\"https:\/\/coleaders.com\/beta\/wp-content\/uploads\/2026\/01\/cropped-coleaders-favicon.png\",\"contentUrl\":\"https:\/\/coleaders.com\/beta\/wp-content\/uploads\/2026\/01\/cropped-coleaders-favicon.png\",\"width\":512,\"height\":512,\"caption\":\"COLEADERS\"},\"image\":{\"@id\":\"https:\/\/coleaders.com\/#\/schema\/logo\/image\/\"},\"sameAs\":[\"https:\/\/www.linkedin.com\/in\/christophemikolajczak\/\"]}]}<\/script>\n<!-- \/ Yoast SEO plugin. -->","yoast_head_json":{"title":"Coaching d\u2019\u00e9quipe dirigeante - COLEADERS","robots":{"index":"index","follow":"follow","max-snippet":"max-snippet:-1","max-image-preview":"max-image-preview:large","max-video-preview":"max-video-preview:-1"},"canonical":"https:\/\/coleaders.com\/en\/coaching-dequipe-dirigeante-2\/","og_locale":"en_US","og_type":"article","og_title":"Coaching d\u2019\u00e9quipe dirigeante - COLEADERS","og_description":"Devenez une \u00e9quipe dirigeante visionnaire et collaborative. R\u00e9alisez ensemble vos projets de transformation gr\u00e2ce \u00e0 notre approche du coaching syst\u00e9mique d'\u00e9quipe, \u00e9prouv\u00e9e par de nombreux comit\u00e9s de direction.","og_url":"https:\/\/coleaders.com\/en\/coaching-dequipe-dirigeante-2\/","og_site_name":"COLEADERS","og_image":[{"width":1024,"height":675,"url":"https:\/\/coleaders.com\/beta\/wp-content\/uploads\/2026\/01\/coleaders-og-white.png","type":"image\/png"}],"twitter_card":"summary_large_image","schema":{"@context":"https:\/\/schema.org","@graph":[{"@type":"WebPage","@id":"https:\/\/coleaders.com\/en\/coaching-dequipe-dirigeante-2\/","url":"https:\/\/coleaders.com\/en\/coaching-dequipe-dirigeante-2\/","name":"Coaching d\u2019\u00e9quipe dirigeante - COLEADERS","isPartOf":{"@id":"https:\/\/coleaders.com\/#website"},"primaryImageOfPage":{"@id":"https:\/\/coleaders.com\/en\/coaching-dequipe-dirigeante-2\/#primaryimage"},"image":{"@id":"https:\/\/coleaders.com\/en\/coaching-dequipe-dirigeante-2\/#primaryimage"},"thumbnailUrl":"https:\/\/coleaders.com\/beta\/wp-content\/uploads\/2025\/10\/lee-hans-0is0m3PdOMk-unsplash-scaled.jpg","datePublished":"2024-07-22T12:50:57+00:00","breadcrumb":{"@id":"https:\/\/coleaders.com\/en\/coaching-dequipe-dirigeante-2\/#breadcrumb"},"inLanguage":"en-US","potentialAction":[{"@type":"ReadAction","target":["https:\/\/coleaders.com\/en\/coaching-dequipe-dirigeante-2\/"]}]},{"@type":"ImageObject","inLanguage":"en-US","@id":"https:\/\/coleaders.com\/en\/coaching-dequipe-dirigeante-2\/#primaryimage","url":"https:\/\/coleaders.com\/beta\/wp-content\/uploads\/2025\/10\/lee-hans-0is0m3PdOMk-unsplash-scaled.jpg","contentUrl":"https:\/\/coleaders.com\/beta\/wp-content\/uploads\/2025\/10\/lee-hans-0is0m3PdOMk-unsplash-scaled.jpg","width":2560,"height":1669},{"@type":"BreadcrumbList","@id":"https:\/\/coleaders.com\/en\/coaching-dequipe-dirigeante-2\/#breadcrumb","itemListElement":[{"@type":"ListItem","position":1,"name":"Accueil","item":"https:\/\/coleaders.com\/en\/"},{"@type":"ListItem","position":2,"name":"Coaching d\u2019\u00e9quipe dirigeante"}]},{"@type":"WebSite","@id":"https:\/\/coleaders.com\/#website","url":"https:\/\/coleaders.com\/","name":"COLEADERS","description":"Une \u00e9quipe de coachs ex\u00e9cutifs pour accompagner vos dirigeants et vos \u00e9quipes et r\u00e9ussir la dimension humaine des transformations de votre entreprise.","publisher":{"@id":"https:\/\/coleaders.com\/#organization"},"alternateName":"COLEADERS","potentialAction":[{"@type":"SearchAction","target":{"@type":"EntryPoint","urlTemplate":"https:\/\/coleaders.com\/?s={search_term_string}"},"query-input":{"@type":"PropertyValueSpecification","valueRequired":true,"valueName":"search_term_string"}}],"inLanguage":"en-US"},{"@type":"Organization","@id":"https:\/\/coleaders.com\/#organization","name":"COLEADERS","alternateName":"COLEADERS","url":"https:\/\/coleaders.com\/","logo":{"@type":"ImageObject","inLanguage":"en-US","@id":"https:\/\/coleaders.com\/#\/schema\/logo\/image\/","url":"https:\/\/coleaders.com\/beta\/wp-content\/uploads\/2026\/01\/cropped-coleaders-favicon.png","contentUrl":"https:\/\/coleaders.com\/beta\/wp-content\/uploads\/2026\/01\/cropped-coleaders-favicon.png","width":512,"height":512,"caption":"COLEADERS"},"image":{"@id":"https:\/\/coleaders.com\/#\/schema\/logo\/image\/"},"sameAs":["https:\/\/www.linkedin.com\/in\/christophemikolajczak\/"]}]}},"_links":{"self":[{"href":"https:\/\/coleaders.com\/en\/wp-json\/wp\/v2\/pages\/2409","targetHints":{"allow":["GET"]}}],"collection":[{"href":"https:\/\/coleaders.com\/en\/wp-json\/wp\/v2\/pages"}],"about":[{"href":"https:\/\/coleaders.com\/en\/wp-json\/wp\/v2\/types\/page"}],"author":[{"embeddable":true,"href":"https:\/\/coleaders.com\/en\/wp-json\/wp\/v2\/users\/1"}],"replies":[{"embeddable":true,"href":"https:\/\/coleaders.com\/en\/wp-json\/wp\/v2\/comments?post=2409"}],"version-history":[{"count":0,"href":"https:\/\/coleaders.com\/en\/wp-json\/wp\/v2\/pages\/2409\/revisions"}],"up":[{"embeddable":true,"href":"https:\/\/coleaders.com\/en\/wp-json\/wp\/v2\/pages\/2410"}],"wp:featuredmedia":[{"embeddable":true,"href":"https:\/\/coleaders.com\/en\/wp-json\/wp\/v2\/media\/2282"}],"wp:attachment":[{"href":"https:\/\/coleaders.com\/en\/wp-json\/wp\/v2\/media?parent=2409"}],"curies":[{"name":"wp","href":"https:\/\/api.w.org\/{rel}","templated":true}]}}