{"id":2408,"date":"2024-07-22T14:51:31","date_gmt":"2024-07-22T12:51:31","guid":{"rendered":"https:\/\/coleaders.com\/coaching-de-dirigeant-2\/"},"modified":"2024-07-22T14:51:31","modified_gmt":"2024-07-22T12:51:31","slug":"coaching-de-dirigeant","status":"publish","type":"page","link":"https:\/\/coleaders.com\/en\/offres-entreprises\/coaching-de-dirigeant\/","title":{"rendered":"Coaching de dirigeant"},"content":{"rendered":"\n<p>D\u00e9ployez de nouvelles dimensions de votre leadership avec confiance et audace, pour relever pleinement les d\u00e9fis de transformation li\u00e9s \u00e0 votre r\u00f4le. D\u00e9veloppez un leadership inspirant, et amplifier votre impact positif aupr\u00e8s de votre organisation.<\/p>\n","protected":false},"excerpt":{"rendered":"<p>D\u00e9ployez de nouvelles dimensions de votre leadership avec confiance et audace, pour relever pleinement les d\u00e9fis de transformation li\u00e9s \u00e0 votre r\u00f4le. D\u00e9veloppez un leadership&#8230;<\/p>\n","protected":false},"author":1,"featured_media":2228,"parent":2410,"menu_order":2,"comment_status":"closed","ping_status":"closed","template":"single-offres.php","meta":{"_acf_changed":false,"footnotes":""},"class_list":["post-2408","page","type-page","status-publish","has-post-thumbnail","hentry"],"acf":[],"yoast_head":"<!-- This site is optimized with the Yoast SEO plugin v26.8 - https:\/\/yoast.com\/product\/yoast-seo-wordpress\/ -->\n<title>Coaching de dirigeant - COLEADERS<\/title>\n<meta name=\"robots\" content=\"index, follow, max-snippet:-1, max-image-preview:large, max-video-preview:-1\" \/>\n<link rel=\"canonical\" href=\"https:\/\/coleaders.com\/en\/coaching-de-dirigeant-2\/\" \/>\n<meta property=\"og:locale\" content=\"en_US\" \/>\n<meta property=\"og:type\" content=\"article\" \/>\n<meta property=\"og:title\" content=\"Coaching de dirigeant - COLEADERS\" \/>\n<meta property=\"og:description\" content=\"D\u00e9ployez de nouvelles dimensions de votre leadership avec confiance et audace, pour relever pleinement les d\u00e9fis de transformation li\u00e9s \u00e0 votre r\u00f4le. D\u00e9veloppez un leadership...\" \/>\n<meta property=\"og:url\" content=\"https:\/\/coleaders.com\/en\/coaching-de-dirigeant-2\/\" \/>\n<meta property=\"og:site_name\" content=\"COLEADERS\" \/>\n<meta property=\"og:image\" content=\"https:\/\/coleaders.com\/beta\/wp-content\/uploads\/2026\/01\/coleaders-og-white.png\" \/>\n\t<meta property=\"og:image:width\" content=\"1024\" \/>\n\t<meta property=\"og:image:height\" content=\"675\" \/>\n\t<meta property=\"og:image:type\" content=\"image\/png\" \/>\n<meta name=\"twitter:card\" content=\"summary_large_image\" \/>\n<script type=\"application\/ld+json\" class=\"yoast-schema-graph\">{\"@context\":\"https:\/\/schema.org\",\"@graph\":[{\"@type\":\"WebPage\",\"@id\":\"https:\/\/coleaders.com\/en\/coaching-de-dirigeant-2\/\",\"url\":\"https:\/\/coleaders.com\/en\/coaching-de-dirigeant-2\/\",\"name\":\"Coaching de dirigeant - COLEADERS\",\"isPartOf\":{\"@id\":\"https:\/\/coleaders.com\/#website\"},\"primaryImageOfPage\":{\"@id\":\"https:\/\/coleaders.com\/en\/coaching-de-dirigeant-2\/#primaryimage\"},\"image\":{\"@id\":\"https:\/\/coleaders.com\/en\/coaching-de-dirigeant-2\/#primaryimage\"},\"thumbnailUrl\":\"https:\/\/coleaders.com\/beta\/wp-content\/uploads\/2025\/10\/paul-skorupskas-7KLa-xLbSXA-unsplash-scaled.jpg\",\"datePublished\":\"2024-07-22T12:51:31+00:00\",\"breadcrumb\":{\"@id\":\"https:\/\/coleaders.com\/en\/coaching-de-dirigeant-2\/#breadcrumb\"},\"inLanguage\":\"en-US\",\"potentialAction\":[{\"@type\":\"ReadAction\",\"target\":[\"https:\/\/coleaders.com\/en\/coaching-de-dirigeant-2\/\"]}]},{\"@type\":\"ImageObject\",\"inLanguage\":\"en-US\",\"@id\":\"https:\/\/coleaders.com\/en\/coaching-de-dirigeant-2\/#primaryimage\",\"url\":\"https:\/\/coleaders.com\/beta\/wp-content\/uploads\/2025\/10\/paul-skorupskas-7KLa-xLbSXA-unsplash-scaled.jpg\",\"contentUrl\":\"https:\/\/coleaders.com\/beta\/wp-content\/uploads\/2025\/10\/paul-skorupskas-7KLa-xLbSXA-unsplash-scaled.jpg\",\"width\":2560,\"height\":1707},{\"@type\":\"BreadcrumbList\",\"@id\":\"https:\/\/coleaders.com\/en\/coaching-de-dirigeant-2\/#breadcrumb\",\"itemListElement\":[{\"@type\":\"ListItem\",\"position\":1,\"name\":\"Accueil\",\"item\":\"https:\/\/coleaders.com\/en\/\"},{\"@type\":\"ListItem\",\"position\":2,\"name\":\"Coaching de dirigeant\"}]},{\"@type\":\"WebSite\",\"@id\":\"https:\/\/coleaders.com\/#website\",\"url\":\"https:\/\/coleaders.com\/\",\"name\":\"COLEADERS\",\"description\":\"Une \u00e9quipe de coachs ex\u00e9cutifs pour accompagner vos dirigeants et vos \u00e9quipes et r\u00e9ussir la dimension humaine des transformations de votre entreprise.\",\"publisher\":{\"@id\":\"https:\/\/coleaders.com\/#organization\"},\"alternateName\":\"COLEADERS\",\"potentialAction\":[{\"@type\":\"SearchAction\",\"target\":{\"@type\":\"EntryPoint\",\"urlTemplate\":\"https:\/\/coleaders.com\/?s={search_term_string}\"},\"query-input\":{\"@type\":\"PropertyValueSpecification\",\"valueRequired\":true,\"valueName\":\"search_term_string\"}}],\"inLanguage\":\"en-US\"},{\"@type\":\"Organization\",\"@id\":\"https:\/\/coleaders.com\/#organization\",\"name\":\"COLEADERS\",\"alternateName\":\"COLEADERS\",\"url\":\"https:\/\/coleaders.com\/\",\"logo\":{\"@type\":\"ImageObject\",\"inLanguage\":\"en-US\",\"@id\":\"https:\/\/coleaders.com\/#\/schema\/logo\/image\/\",\"url\":\"https:\/\/coleaders.com\/beta\/wp-content\/uploads\/2026\/01\/cropped-coleaders-favicon.png\",\"contentUrl\":\"https:\/\/coleaders.com\/beta\/wp-content\/uploads\/2026\/01\/cropped-coleaders-favicon.png\",\"width\":512,\"height\":512,\"caption\":\"COLEADERS\"},\"image\":{\"@id\":\"https:\/\/coleaders.com\/#\/schema\/logo\/image\/\"},\"sameAs\":[\"https:\/\/www.linkedin.com\/in\/christophemikolajczak\/\"]}]}<\/script>\n<!-- \/ Yoast SEO plugin. -->","yoast_head_json":{"title":"Coaching de dirigeant - COLEADERS","robots":{"index":"index","follow":"follow","max-snippet":"max-snippet:-1","max-image-preview":"max-image-preview:large","max-video-preview":"max-video-preview:-1"},"canonical":"https:\/\/coleaders.com\/en\/coaching-de-dirigeant-2\/","og_locale":"en_US","og_type":"article","og_title":"Coaching de dirigeant - COLEADERS","og_description":"D\u00e9ployez de nouvelles dimensions de votre leadership avec confiance et audace, pour relever pleinement les d\u00e9fis de transformation li\u00e9s \u00e0 votre r\u00f4le. D\u00e9veloppez un leadership...","og_url":"https:\/\/coleaders.com\/en\/coaching-de-dirigeant-2\/","og_site_name":"COLEADERS","og_image":[{"width":1024,"height":675,"url":"https:\/\/coleaders.com\/beta\/wp-content\/uploads\/2026\/01\/coleaders-og-white.png","type":"image\/png"}],"twitter_card":"summary_large_image","schema":{"@context":"https:\/\/schema.org","@graph":[{"@type":"WebPage","@id":"https:\/\/coleaders.com\/en\/coaching-de-dirigeant-2\/","url":"https:\/\/coleaders.com\/en\/coaching-de-dirigeant-2\/","name":"Coaching de dirigeant - COLEADERS","isPartOf":{"@id":"https:\/\/coleaders.com\/#website"},"primaryImageOfPage":{"@id":"https:\/\/coleaders.com\/en\/coaching-de-dirigeant-2\/#primaryimage"},"image":{"@id":"https:\/\/coleaders.com\/en\/coaching-de-dirigeant-2\/#primaryimage"},"thumbnailUrl":"https:\/\/coleaders.com\/beta\/wp-content\/uploads\/2025\/10\/paul-skorupskas-7KLa-xLbSXA-unsplash-scaled.jpg","datePublished":"2024-07-22T12:51:31+00:00","breadcrumb":{"@id":"https:\/\/coleaders.com\/en\/coaching-de-dirigeant-2\/#breadcrumb"},"inLanguage":"en-US","potentialAction":[{"@type":"ReadAction","target":["https:\/\/coleaders.com\/en\/coaching-de-dirigeant-2\/"]}]},{"@type":"ImageObject","inLanguage":"en-US","@id":"https:\/\/coleaders.com\/en\/coaching-de-dirigeant-2\/#primaryimage","url":"https:\/\/coleaders.com\/beta\/wp-content\/uploads\/2025\/10\/paul-skorupskas-7KLa-xLbSXA-unsplash-scaled.jpg","contentUrl":"https:\/\/coleaders.com\/beta\/wp-content\/uploads\/2025\/10\/paul-skorupskas-7KLa-xLbSXA-unsplash-scaled.jpg","width":2560,"height":1707},{"@type":"BreadcrumbList","@id":"https:\/\/coleaders.com\/en\/coaching-de-dirigeant-2\/#breadcrumb","itemListElement":[{"@type":"ListItem","position":1,"name":"Accueil","item":"https:\/\/coleaders.com\/en\/"},{"@type":"ListItem","position":2,"name":"Coaching de dirigeant"}]},{"@type":"WebSite","@id":"https:\/\/coleaders.com\/#website","url":"https:\/\/coleaders.com\/","name":"COLEADERS","description":"Une \u00e9quipe de coachs ex\u00e9cutifs pour accompagner vos dirigeants et vos \u00e9quipes et r\u00e9ussir la dimension humaine des transformations de votre entreprise.","publisher":{"@id":"https:\/\/coleaders.com\/#organization"},"alternateName":"COLEADERS","potentialAction":[{"@type":"SearchAction","target":{"@type":"EntryPoint","urlTemplate":"https:\/\/coleaders.com\/?s={search_term_string}"},"query-input":{"@type":"PropertyValueSpecification","valueRequired":true,"valueName":"search_term_string"}}],"inLanguage":"en-US"},{"@type":"Organization","@id":"https:\/\/coleaders.com\/#organization","name":"COLEADERS","alternateName":"COLEADERS","url":"https:\/\/coleaders.com\/","logo":{"@type":"ImageObject","inLanguage":"en-US","@id":"https:\/\/coleaders.com\/#\/schema\/logo\/image\/","url":"https:\/\/coleaders.com\/beta\/wp-content\/uploads\/2026\/01\/cropped-coleaders-favicon.png","contentUrl":"https:\/\/coleaders.com\/beta\/wp-content\/uploads\/2026\/01\/cropped-coleaders-favicon.png","width":512,"height":512,"caption":"COLEADERS"},"image":{"@id":"https:\/\/coleaders.com\/#\/schema\/logo\/image\/"},"sameAs":["https:\/\/www.linkedin.com\/in\/christophemikolajczak\/"]}]}},"_links":{"self":[{"href":"https:\/\/coleaders.com\/en\/wp-json\/wp\/v2\/pages\/2408","targetHints":{"allow":["GET"]}}],"collection":[{"href":"https:\/\/coleaders.com\/en\/wp-json\/wp\/v2\/pages"}],"about":[{"href":"https:\/\/coleaders.com\/en\/wp-json\/wp\/v2\/types\/page"}],"author":[{"embeddable":true,"href":"https:\/\/coleaders.com\/en\/wp-json\/wp\/v2\/users\/1"}],"replies":[{"embeddable":true,"href":"https:\/\/coleaders.com\/en\/wp-json\/wp\/v2\/comments?post=2408"}],"version-history":[{"count":0,"href":"https:\/\/coleaders.com\/en\/wp-json\/wp\/v2\/pages\/2408\/revisions"}],"up":[{"embeddable":true,"href":"https:\/\/coleaders.com\/en\/wp-json\/wp\/v2\/pages\/2410"}],"wp:featuredmedia":[{"embeddable":true,"href":"https:\/\/coleaders.com\/en\/wp-json\/wp\/v2\/media\/2228"}],"wp:attachment":[{"href":"https:\/\/coleaders.com\/en\/wp-json\/wp\/v2\/media?parent=2408"}],"curies":[{"name":"wp","href":"https:\/\/api.w.org\/{rel}","templated":true}]}}