{"id":2405,"date":"2024-07-24T09:52:15","date_gmt":"2024-07-24T07:52:15","guid":{"rendered":"https:\/\/coleaders.com\/offres-coachs\/"},"modified":"2024-07-24T09:52:15","modified_gmt":"2024-07-24T07:52:15","slug":"offres-coachs","status":"publish","type":"page","link":"https:\/\/coleaders.com\/en\/offres-coachs\/","title":{"rendered":"Offres coachs"},"content":{"rendered":"\n<h2 class=\"wp-block-heading\"><span id=\"Accompagner_le_developpement_des_coachs\"><strong>Accompagner le d\u00e9veloppement des coachs<\/strong><\/span><\/h2>\n\n\n\n<p>Nous accompagnons les coachs dans le d\u00e9veloppement de leur posture et de leurs pratiques au service de la transformation humaine de l&#8217;entreprise. Nos programmes de formation et de supervision offrent un cadre d\u2019apprentissage vivant, exigeant et bienveillant, o\u00f9 chacun peut d\u00e9velopper sa mani\u00e8re singuli\u00e8re d\u2019accompagner.<\/p>\n\n\n\n<p>Le&nbsp;<strong>coaching syst\u00e9mique<\/strong>&nbsp;est le fil conducteur de nos approches : une mani\u00e8re de lire les dynamiques relationnelles, de relier les niveaux individuel, collectif et organisationnel, et d&#8217;accompagner l\u2019\u00e9mergence de nouvelles formes de coop\u00e9ration.<\/p>\n\n\n\n<p><strong>N<\/strong>ous sommes convaincus que<strong> les espaces de formation et de supervision <\/strong>en groupes de pairs offrent un lieu privil\u00e9gi\u00e9 pour grandir en tant qu\u2019accompagnant.<\/p>\n\n\n\n<p>Nous accompagnons tant les coachs ind\u00e9pendants que les coachs internes dans leur d\u00e9veloppement, avec une approche sur mesure quant il s&#8217;agit du coaching interne. <\/p>\n\n\n\n<h2 class=\"wp-block-heading\"><span id=\"Nos_convictions_pour_le_developpement_du_coaching_interne\"><strong>Nos convictions pour le d\u00e9veloppement du coaching interne<\/strong><\/span><\/h2>\n\n\n\n<ul class=\"wp-block-list\">\n<li><strong>Le d\u00e9veloppement du coaching interne<\/strong> permet de d\u00e9ployer l&#8217;accompagnement \u00e0 plus grande \u00e9chelle et de soutenir l\u2019autonomie d\u2019une organisation apprenante.<\/li>\n\n\n\n<li><strong>Le coaching interne <\/strong>agit dans <strong>un cadre et un contexte sp\u00e9cifiques <\/strong>qu\u2019il est essentiel de comprendre et d\u2019int\u00e9grer.<\/li>\n\n\n\n<li><strong>La synergie entre coachs internes et externes<\/strong> allie ancrage dans la culture de l\u2019entreprise et regard ext\u00e9rieur, pour un impact durable.<\/li>\n<\/ul>\n\n\n\n<h2 class=\"wp-block-heading\"><span id=\"Developper_une_vision_et_un_cadre_pour_le_coaching_interne\"><strong>D\u00e9velopper une vision et un cadre pour le coaching interne<\/strong><\/span><\/h2>\n\n\n\n<p>Nous accompagnons \u00e9galement les&nbsp;<strong>responsables du coaching interne<\/strong>&nbsp;dans le d\u00e9veloppement de leur strat\u00e9gie, du cadre et des dispositifs d\u2019accompagnement, afin de consolider la place du coaching comme levier de transformation au c\u0153ur de l\u2019organisation.<\/p>\n<div id=\"toc_container\" class=\"no_bullets\"><p class=\"toc_title\">Sommaire<\/p><ul class=\"toc_list\"><li><a href=\"#Accompagner_le_developpement_des_coachs\"><span class=\"toc_number toc_depth_1\">1<\/span> Accompagner le d\u00e9veloppement des coachs<\/a><\/li><li><a href=\"#Nos_convictions_pour_le_developpement_du_coaching_interne\"><span class=\"toc_number toc_depth_1\">2<\/span> Nos convictions pour le d\u00e9veloppement du coaching interne<\/a><\/li><li><a href=\"#Developper_une_vision_et_un_cadre_pour_le_coaching_interne\"><span class=\"toc_number toc_depth_1\">3<\/span> D\u00e9velopper une vision et un cadre pour le coaching interne<\/a><\/li><\/ul><\/div>\n","protected":false},"excerpt":{"rendered":"<p>Nos offres de formation et de supervision pour coachs pour d\u00e9velopper votre r\u00e9flexivit\u00e9 et votre propre style de coaching syst\u00e9mique des dirigeants, des \u00e9quipes et des organisations.<\/p>\n","protected":false},"author":1,"featured_media":0,"parent":0,"menu_order":2,"comment_status":"closed","ping_status":"closed","template":"single-offres.php","meta":{"_acf_changed":false,"footnotes":""},"class_list":["post-2405","page","type-page","status-publish","hentry"],"acf":[],"yoast_head":"<!-- This site is optimized with the Yoast SEO plugin v26.8 - https:\/\/yoast.com\/product\/yoast-seo-wordpress\/ -->\n<title>Offres coachs - COLEADERS<\/title>\n<meta name=\"robots\" content=\"index, follow, max-snippet:-1, max-image-preview:large, max-video-preview:-1\" \/>\n<link rel=\"canonical\" href=\"https:\/\/coleaders.com\/en\/offres-coachs\/\" \/>\n<meta property=\"og:locale\" content=\"en_US\" \/>\n<meta property=\"og:type\" content=\"article\" \/>\n<meta property=\"og:title\" content=\"Offres coachs - COLEADERS\" \/>\n<meta property=\"og:description\" content=\"Nos offres de formation et de supervision pour coachs pour d\u00e9velopper votre r\u00e9flexivit\u00e9 et votre propre style de coaching syst\u00e9mique des dirigeants, des \u00e9quipes et des organisations.\" \/>\n<meta property=\"og:url\" content=\"https:\/\/coleaders.com\/en\/offres-coachs\/\" \/>\n<meta property=\"og:site_name\" content=\"COLEADERS\" \/>\n<meta property=\"og:image\" content=\"https:\/\/coleaders.com\/beta\/wp-content\/uploads\/2026\/01\/coleaders-og-white.png\" \/>\n\t<meta property=\"og:image:width\" content=\"1024\" \/>\n\t<meta property=\"og:image:height\" content=\"675\" \/>\n\t<meta property=\"og:image:type\" content=\"image\/png\" \/>\n<meta name=\"twitter:card\" content=\"summary_large_image\" \/>\n<meta name=\"twitter:label1\" content=\"Est. reading time\" \/>\n\t<meta name=\"twitter:data1\" content=\"1 minute\" \/>\n<script type=\"application\/ld+json\" class=\"yoast-schema-graph\">{\"@context\":\"https:\/\/schema.org\",\"@graph\":[{\"@type\":\"WebPage\",\"@id\":\"https:\/\/coleaders.com\/en\/offres-coachs\/\",\"url\":\"https:\/\/coleaders.com\/en\/offres-coachs\/\",\"name\":\"Offres coachs - COLEADERS\",\"isPartOf\":{\"@id\":\"https:\/\/coleaders.com\/#website\"},\"datePublished\":\"2024-07-24T07:52:15+00:00\",\"breadcrumb\":{\"@id\":\"https:\/\/coleaders.com\/en\/offres-coachs\/#breadcrumb\"},\"inLanguage\":\"en-US\",\"potentialAction\":[{\"@type\":\"ReadAction\",\"target\":[\"https:\/\/coleaders.com\/en\/offres-coachs\/\"]}]},{\"@type\":\"BreadcrumbList\",\"@id\":\"https:\/\/coleaders.com\/en\/offres-coachs\/#breadcrumb\",\"itemListElement\":[{\"@type\":\"ListItem\",\"position\":1,\"name\":\"Accueil\",\"item\":\"https:\/\/coleaders.com\/en\/\"},{\"@type\":\"ListItem\",\"position\":2,\"name\":\"Offres coachs\"}]},{\"@type\":\"WebSite\",\"@id\":\"https:\/\/coleaders.com\/#website\",\"url\":\"https:\/\/coleaders.com\/\",\"name\":\"COLEADERS\",\"description\":\"Une \u00e9quipe de coachs ex\u00e9cutifs pour accompagner vos dirigeants et vos \u00e9quipes et r\u00e9ussir la dimension humaine des transformations de votre entreprise.\",\"publisher\":{\"@id\":\"https:\/\/coleaders.com\/#organization\"},\"alternateName\":\"COLEADERS\",\"potentialAction\":[{\"@type\":\"SearchAction\",\"target\":{\"@type\":\"EntryPoint\",\"urlTemplate\":\"https:\/\/coleaders.com\/?s={search_term_string}\"},\"query-input\":{\"@type\":\"PropertyValueSpecification\",\"valueRequired\":true,\"valueName\":\"search_term_string\"}}],\"inLanguage\":\"en-US\"},{\"@type\":\"Organization\",\"@id\":\"https:\/\/coleaders.com\/#organization\",\"name\":\"COLEADERS\",\"alternateName\":\"COLEADERS\",\"url\":\"https:\/\/coleaders.com\/\",\"logo\":{\"@type\":\"ImageObject\",\"inLanguage\":\"en-US\",\"@id\":\"https:\/\/coleaders.com\/#\/schema\/logo\/image\/\",\"url\":\"https:\/\/coleaders.com\/beta\/wp-content\/uploads\/2026\/01\/cropped-coleaders-favicon.png\",\"contentUrl\":\"https:\/\/coleaders.com\/beta\/wp-content\/uploads\/2026\/01\/cropped-coleaders-favicon.png\",\"width\":512,\"height\":512,\"caption\":\"COLEADERS\"},\"image\":{\"@id\":\"https:\/\/coleaders.com\/#\/schema\/logo\/image\/\"},\"sameAs\":[\"https:\/\/www.linkedin.com\/in\/christophemikolajczak\/\"]}]}<\/script>\n<!-- \/ Yoast SEO plugin. -->","yoast_head_json":{"title":"Offres coachs - COLEADERS","robots":{"index":"index","follow":"follow","max-snippet":"max-snippet:-1","max-image-preview":"max-image-preview:large","max-video-preview":"max-video-preview:-1"},"canonical":"https:\/\/coleaders.com\/en\/offres-coachs\/","og_locale":"en_US","og_type":"article","og_title":"Offres coachs - COLEADERS","og_description":"Nos offres de formation et de supervision pour coachs pour d\u00e9velopper votre r\u00e9flexivit\u00e9 et votre propre style de coaching syst\u00e9mique des dirigeants, des \u00e9quipes et des organisations.","og_url":"https:\/\/coleaders.com\/en\/offres-coachs\/","og_site_name":"COLEADERS","og_image":[{"width":1024,"height":675,"url":"https:\/\/coleaders.com\/beta\/wp-content\/uploads\/2026\/01\/coleaders-og-white.png","type":"image\/png"}],"twitter_card":"summary_large_image","twitter_misc":{"Est. reading time":"1 minute"},"schema":{"@context":"https:\/\/schema.org","@graph":[{"@type":"WebPage","@id":"https:\/\/coleaders.com\/en\/offres-coachs\/","url":"https:\/\/coleaders.com\/en\/offres-coachs\/","name":"Offres coachs - COLEADERS","isPartOf":{"@id":"https:\/\/coleaders.com\/#website"},"datePublished":"2024-07-24T07:52:15+00:00","breadcrumb":{"@id":"https:\/\/coleaders.com\/en\/offres-coachs\/#breadcrumb"},"inLanguage":"en-US","potentialAction":[{"@type":"ReadAction","target":["https:\/\/coleaders.com\/en\/offres-coachs\/"]}]},{"@type":"BreadcrumbList","@id":"https:\/\/coleaders.com\/en\/offres-coachs\/#breadcrumb","itemListElement":[{"@type":"ListItem","position":1,"name":"Accueil","item":"https:\/\/coleaders.com\/en\/"},{"@type":"ListItem","position":2,"name":"Offres coachs"}]},{"@type":"WebSite","@id":"https:\/\/coleaders.com\/#website","url":"https:\/\/coleaders.com\/","name":"COLEADERS","description":"Une \u00e9quipe de coachs ex\u00e9cutifs pour accompagner vos dirigeants et vos \u00e9quipes et r\u00e9ussir la dimension humaine des transformations de votre entreprise.","publisher":{"@id":"https:\/\/coleaders.com\/#organization"},"alternateName":"COLEADERS","potentialAction":[{"@type":"SearchAction","target":{"@type":"EntryPoint","urlTemplate":"https:\/\/coleaders.com\/?s={search_term_string}"},"query-input":{"@type":"PropertyValueSpecification","valueRequired":true,"valueName":"search_term_string"}}],"inLanguage":"en-US"},{"@type":"Organization","@id":"https:\/\/coleaders.com\/#organization","name":"COLEADERS","alternateName":"COLEADERS","url":"https:\/\/coleaders.com\/","logo":{"@type":"ImageObject","inLanguage":"en-US","@id":"https:\/\/coleaders.com\/#\/schema\/logo\/image\/","url":"https:\/\/coleaders.com\/beta\/wp-content\/uploads\/2026\/01\/cropped-coleaders-favicon.png","contentUrl":"https:\/\/coleaders.com\/beta\/wp-content\/uploads\/2026\/01\/cropped-coleaders-favicon.png","width":512,"height":512,"caption":"COLEADERS"},"image":{"@id":"https:\/\/coleaders.com\/#\/schema\/logo\/image\/"},"sameAs":["https:\/\/www.linkedin.com\/in\/christophemikolajczak\/"]}]}},"_links":{"self":[{"href":"https:\/\/coleaders.com\/en\/wp-json\/wp\/v2\/pages\/2405","targetHints":{"allow":["GET"]}}],"collection":[{"href":"https:\/\/coleaders.com\/en\/wp-json\/wp\/v2\/pages"}],"about":[{"href":"https:\/\/coleaders.com\/en\/wp-json\/wp\/v2\/types\/page"}],"author":[{"embeddable":true,"href":"https:\/\/coleaders.com\/en\/wp-json\/wp\/v2\/users\/1"}],"replies":[{"embeddable":true,"href":"https:\/\/coleaders.com\/en\/wp-json\/wp\/v2\/comments?post=2405"}],"version-history":[{"count":0,"href":"https:\/\/coleaders.com\/en\/wp-json\/wp\/v2\/pages\/2405\/revisions"}],"wp:attachment":[{"href":"https:\/\/coleaders.com\/en\/wp-json\/wp\/v2\/media?parent=2405"}],"curies":[{"name":"wp","href":"https:\/\/api.w.org\/{rel}","templated":true}]}}