{"id":2404,"date":"2024-08-02T13:51:04","date_gmt":"2024-08-02T11:51:04","guid":{"rendered":"https:\/\/coleaders.com\/intelligence-collective\/"},"modified":"2024-08-02T13:51:04","modified_gmt":"2024-08-02T11:51:04","slug":"intelligence-collective","status":"publish","type":"page","link":"https:\/\/coleaders.com\/en\/offres-entreprises\/intelligence-collective\/","title":{"rendered":"Intelligence Collective"},"content":{"rendered":"\n<p><strong>Acc\u00e9l\u00e9rez vos projets de transformation en mobilisant l\u2019intelligence collective des \u00e9quipes et des parties prenantes d\u00e8s le d\u00e9marrage des projets, avec notre d\u00e9marche de Transformation Participative \u00ae.<\/strong><\/p>\n\n\n\n<h2 class=\"wp-block-heading\"><strong>Votre d\u00e9fi de transformation strat\u00e9gique<\/strong><\/h2>\n\n\n\n<p>Vous avez identifi\u00e9 une ambition majeure de transformation pour votre organisation. Ce d\u00e9fi est par exemple&nbsp;soit:<\/p>\n\n\n\n<ul class=\"wp-block-list\">\n<li>Une nouvelle strat\u00e9gie \u00e0 mettre en oeuvre<\/li>\n\n\n\n<li>Un changement de business mod\u00e8le \u00e0 mettre en oeuvre<\/li>\n\n\n\n<li>L\u2019int\u00e9gration de deux organisations<\/li>\n\n\n\n<li>Un nouveau mod\u00e8le op\u00e9rationnel<\/li>\n\n\n\n<li>La croissance forte d\u2019une activit\u00e9<\/li>\n\n\n\n<li>Une am\u00e9lioration de la cr\u00e9ation de valeur de l\u2019entreprise<\/li>\n\n\n\n<li>La transition durable<\/li>\n\n\n\n<li>\u2026 (Ins\u00e9rer ici votre projet de transformation)<\/li>\n<\/ul>\n\n\n\n<h2 class=\"wp-block-heading\"><strong>Vos enjeux pour la transformation<\/strong><\/h2>\n\n\n\n<p>Face \u00e0 cette ambition de transformation strat\u00e9gique pour votre entreprise\u00a0:<\/p>\n\n\n\n<ul class=\"wp-block-list\">\n<li>Vous pressentez que <strong>la r\u00e9ussite d\u00e9pendra de la mobilisation<\/strong> des \u00e9quipes et parties prenantes concern\u00e9es par cette ambition<\/li>\n\n\n\n<li>Vous percevez <strong>les divergences de points de vue<\/strong> entre vos diff\u00e9rentes fonctions et parties prenantes, <\/li>\n\n\n\n<li>Vous \u00eatre persuad\u00e9 qu&#8217;<strong>ignorer le ressenti<\/strong> des \u00e9quipes &#8211; les interrogations, les doutes, les enthousiasmes &#8211; ne <strong>facilitera pas le changement<\/strong><\/li>\n\n\n\n<li>Vous savez que les <strong>modes traditionnels<\/strong> de communication avec les \u00e9quipes g\u00e9n\u00e8rent <strong>peu d&#8217;engagement et d&#8217;appropriation<\/strong><\/li>\n\n\n\n<li>Vous sentez qu&#8217;<strong>une approche classique<\/strong> <strong>risque de cr\u00e9er une d\u00e9connexion avec le terrain<\/strong> et retarder l&#8217;appropriation du changement<\/li>\n\n\n\n<li>Vous voulez <strong>\u00e9viter le pi\u00e8ge du 4\u00d73<\/strong> : 3 heures de r\u00e9flexion pour le DG, 3 jours de s\u00e9minaire en \u00e9quipe de direction, 3 mois pour communiquer, 3 ans de r\u00e9sistance au changement<\/li>\n<\/ul>\n","protected":false},"excerpt":{"rendered":"<p>Acc\u00e9l\u00e9rez vos projets de transformation en mobilisant l\u2019intelligence collective des \u00e9quipes et des parties prenantes d\u00e8s le d\u00e9marrage des projets, avec notre d\u00e9marche de Transformation&#8230;<\/p>\n","protected":false},"author":1,"featured_media":0,"parent":2410,"menu_order":4,"comment_status":"closed","ping_status":"closed","template":"single-offres.php","meta":{"_acf_changed":false,"footnotes":""},"class_list":["post-2404","page","type-page","status-publish","hentry"],"acf":[],"yoast_head":"<!-- This site is optimized with the Yoast SEO plugin v26.8 - https:\/\/yoast.com\/product\/yoast-seo-wordpress\/ -->\n<title>Intelligence Collective - COLEADERS<\/title>\n<meta name=\"robots\" content=\"index, follow, max-snippet:-1, max-image-preview:large, max-video-preview:-1\" \/>\n<link rel=\"canonical\" href=\"https:\/\/coleaders.com\/en\/intelligence-collective\/\" \/>\n<meta property=\"og:locale\" content=\"en_US\" \/>\n<meta property=\"og:type\" content=\"article\" \/>\n<meta property=\"og:title\" content=\"Intelligence Collective - COLEADERS\" \/>\n<meta property=\"og:description\" content=\"Acc\u00e9l\u00e9rez vos projets de transformation en mobilisant l\u2019intelligence collective des \u00e9quipes et des parties prenantes d\u00e8s le d\u00e9marrage des projets, avec notre d\u00e9marche de Transformation...\" \/>\n<meta property=\"og:url\" content=\"https:\/\/coleaders.com\/en\/intelligence-collective\/\" \/>\n<meta property=\"og:site_name\" content=\"COLEADERS\" \/>\n<meta property=\"og:image\" content=\"https:\/\/coleaders.com\/beta\/wp-content\/uploads\/2026\/01\/coleaders-og-white.png\" \/>\n\t<meta property=\"og:image:width\" content=\"1024\" \/>\n\t<meta property=\"og:image:height\" content=\"675\" \/>\n\t<meta property=\"og:image:type\" content=\"image\/png\" \/>\n<meta name=\"twitter:card\" content=\"summary_large_image\" \/>\n<meta name=\"twitter:label1\" content=\"Est. reading time\" \/>\n\t<meta name=\"twitter:data1\" content=\"1 minute\" \/>\n<script type=\"application\/ld+json\" class=\"yoast-schema-graph\">{\"@context\":\"https:\/\/schema.org\",\"@graph\":[{\"@type\":\"WebPage\",\"@id\":\"https:\/\/coleaders.com\/en\/intelligence-collective\/\",\"url\":\"https:\/\/coleaders.com\/en\/intelligence-collective\/\",\"name\":\"Intelligence Collective - COLEADERS\",\"isPartOf\":{\"@id\":\"https:\/\/coleaders.com\/#website\"},\"datePublished\":\"2024-08-02T11:51:04+00:00\",\"breadcrumb\":{\"@id\":\"https:\/\/coleaders.com\/en\/intelligence-collective\/#breadcrumb\"},\"inLanguage\":\"en-US\",\"potentialAction\":[{\"@type\":\"ReadAction\",\"target\":[\"https:\/\/coleaders.com\/en\/intelligence-collective\/\"]}]},{\"@type\":\"BreadcrumbList\",\"@id\":\"https:\/\/coleaders.com\/en\/intelligence-collective\/#breadcrumb\",\"itemListElement\":[{\"@type\":\"ListItem\",\"position\":1,\"name\":\"Accueil\",\"item\":\"https:\/\/coleaders.com\/en\/\"},{\"@type\":\"ListItem\",\"position\":2,\"name\":\"Intelligence Collective\"}]},{\"@type\":\"WebSite\",\"@id\":\"https:\/\/coleaders.com\/#website\",\"url\":\"https:\/\/coleaders.com\/\",\"name\":\"COLEADERS\",\"description\":\"Une \u00e9quipe de coachs ex\u00e9cutifs pour accompagner vos dirigeants et vos \u00e9quipes et r\u00e9ussir la dimension humaine des transformations de votre entreprise.\",\"publisher\":{\"@id\":\"https:\/\/coleaders.com\/#organization\"},\"alternateName\":\"COLEADERS\",\"potentialAction\":[{\"@type\":\"SearchAction\",\"target\":{\"@type\":\"EntryPoint\",\"urlTemplate\":\"https:\/\/coleaders.com\/?s={search_term_string}\"},\"query-input\":{\"@type\":\"PropertyValueSpecification\",\"valueRequired\":true,\"valueName\":\"search_term_string\"}}],\"inLanguage\":\"en-US\"},{\"@type\":\"Organization\",\"@id\":\"https:\/\/coleaders.com\/#organization\",\"name\":\"COLEADERS\",\"alternateName\":\"COLEADERS\",\"url\":\"https:\/\/coleaders.com\/\",\"logo\":{\"@type\":\"ImageObject\",\"inLanguage\":\"en-US\",\"@id\":\"https:\/\/coleaders.com\/#\/schema\/logo\/image\/\",\"url\":\"https:\/\/coleaders.com\/beta\/wp-content\/uploads\/2026\/01\/cropped-coleaders-favicon.png\",\"contentUrl\":\"https:\/\/coleaders.com\/beta\/wp-content\/uploads\/2026\/01\/cropped-coleaders-favicon.png\",\"width\":512,\"height\":512,\"caption\":\"COLEADERS\"},\"image\":{\"@id\":\"https:\/\/coleaders.com\/#\/schema\/logo\/image\/\"},\"sameAs\":[\"https:\/\/www.linkedin.com\/in\/christophemikolajczak\/\"]}]}<\/script>\n<!-- \/ Yoast SEO plugin. -->","yoast_head_json":{"title":"Intelligence Collective - COLEADERS","robots":{"index":"index","follow":"follow","max-snippet":"max-snippet:-1","max-image-preview":"max-image-preview:large","max-video-preview":"max-video-preview:-1"},"canonical":"https:\/\/coleaders.com\/en\/intelligence-collective\/","og_locale":"en_US","og_type":"article","og_title":"Intelligence Collective - COLEADERS","og_description":"Acc\u00e9l\u00e9rez vos projets de transformation en mobilisant l\u2019intelligence collective des \u00e9quipes et des parties prenantes d\u00e8s le d\u00e9marrage des projets, avec notre d\u00e9marche de Transformation...","og_url":"https:\/\/coleaders.com\/en\/intelligence-collective\/","og_site_name":"COLEADERS","og_image":[{"width":1024,"height":675,"url":"https:\/\/coleaders.com\/beta\/wp-content\/uploads\/2026\/01\/coleaders-og-white.png","type":"image\/png"}],"twitter_card":"summary_large_image","twitter_misc":{"Est. reading time":"1 minute"},"schema":{"@context":"https:\/\/schema.org","@graph":[{"@type":"WebPage","@id":"https:\/\/coleaders.com\/en\/intelligence-collective\/","url":"https:\/\/coleaders.com\/en\/intelligence-collective\/","name":"Intelligence Collective - COLEADERS","isPartOf":{"@id":"https:\/\/coleaders.com\/#website"},"datePublished":"2024-08-02T11:51:04+00:00","breadcrumb":{"@id":"https:\/\/coleaders.com\/en\/intelligence-collective\/#breadcrumb"},"inLanguage":"en-US","potentialAction":[{"@type":"ReadAction","target":["https:\/\/coleaders.com\/en\/intelligence-collective\/"]}]},{"@type":"BreadcrumbList","@id":"https:\/\/coleaders.com\/en\/intelligence-collective\/#breadcrumb","itemListElement":[{"@type":"ListItem","position":1,"name":"Accueil","item":"https:\/\/coleaders.com\/en\/"},{"@type":"ListItem","position":2,"name":"Intelligence Collective"}]},{"@type":"WebSite","@id":"https:\/\/coleaders.com\/#website","url":"https:\/\/coleaders.com\/","name":"COLEADERS","description":"Une \u00e9quipe de coachs ex\u00e9cutifs pour accompagner vos dirigeants et vos \u00e9quipes et r\u00e9ussir la dimension humaine des transformations de votre entreprise.","publisher":{"@id":"https:\/\/coleaders.com\/#organization"},"alternateName":"COLEADERS","potentialAction":[{"@type":"SearchAction","target":{"@type":"EntryPoint","urlTemplate":"https:\/\/coleaders.com\/?s={search_term_string}"},"query-input":{"@type":"PropertyValueSpecification","valueRequired":true,"valueName":"search_term_string"}}],"inLanguage":"en-US"},{"@type":"Organization","@id":"https:\/\/coleaders.com\/#organization","name":"COLEADERS","alternateName":"COLEADERS","url":"https:\/\/coleaders.com\/","logo":{"@type":"ImageObject","inLanguage":"en-US","@id":"https:\/\/coleaders.com\/#\/schema\/logo\/image\/","url":"https:\/\/coleaders.com\/beta\/wp-content\/uploads\/2026\/01\/cropped-coleaders-favicon.png","contentUrl":"https:\/\/coleaders.com\/beta\/wp-content\/uploads\/2026\/01\/cropped-coleaders-favicon.png","width":512,"height":512,"caption":"COLEADERS"},"image":{"@id":"https:\/\/coleaders.com\/#\/schema\/logo\/image\/"},"sameAs":["https:\/\/www.linkedin.com\/in\/christophemikolajczak\/"]}]}},"_links":{"self":[{"href":"https:\/\/coleaders.com\/en\/wp-json\/wp\/v2\/pages\/2404","targetHints":{"allow":["GET"]}}],"collection":[{"href":"https:\/\/coleaders.com\/en\/wp-json\/wp\/v2\/pages"}],"about":[{"href":"https:\/\/coleaders.com\/en\/wp-json\/wp\/v2\/types\/page"}],"author":[{"embeddable":true,"href":"https:\/\/coleaders.com\/en\/wp-json\/wp\/v2\/users\/1"}],"replies":[{"embeddable":true,"href":"https:\/\/coleaders.com\/en\/wp-json\/wp\/v2\/comments?post=2404"}],"version-history":[{"count":0,"href":"https:\/\/coleaders.com\/en\/wp-json\/wp\/v2\/pages\/2404\/revisions"}],"up":[{"embeddable":true,"href":"https:\/\/coleaders.com\/en\/wp-json\/wp\/v2\/pages\/2410"}],"wp:attachment":[{"href":"https:\/\/coleaders.com\/en\/wp-json\/wp\/v2\/media?parent=2404"}],"curies":[{"name":"wp","href":"https:\/\/api.w.org\/{rel}","templated":true}]}}