{"id":2398,"date":"2024-08-03T13:01:25","date_gmt":"2024-08-03T11:01:25","guid":{"rendered":"https:\/\/coleaders.com\/publications\/"},"modified":"2024-08-03T13:01:25","modified_gmt":"2024-08-03T11:01:25","slug":"publications","status":"publish","type":"page","link":"https:\/\/coleaders.com\/en\/coleaders\/publications\/","title":{"rendered":"Publications"},"content":{"rendered":"\n<h2 class=\"wp-block-heading\">Leadership Team Coaching in Practice<\/h2>\n\n\n\n<p>D\u00e9couvrez notre \u00e9tude de cas de coaching d&#8217;\u00e9quipe de direction dans l&#8217;ouvrage &#8220;Leadership Team Coaching in Practice: Case Studies on Creating Highly Effective Teams&#8221;, paru en 2022.<\/p>\n\n\n<div class=\"wp-block-image\">\n<figure class=\"alignleft size-full is-resized\"><img loading=\"lazy\" decoding=\"async\" width=\"1000\" height=\"1500\" src=\"https:\/\/coleaders.com\/beta\/wp-content\/uploads\/2025\/03\/leadership-team-practice_71zW5n5dqlS._SL1500_.jpeg\" alt=\"\" class=\"wp-image-750\" style=\"width:173px;height:auto\" srcset=\"https:\/\/coleaders.com\/beta\/wp-content\/uploads\/2025\/03\/leadership-team-practice_71zW5n5dqlS._SL1500_.jpeg 1000w, https:\/\/coleaders.com\/beta\/wp-content\/uploads\/2025\/03\/leadership-team-practice_71zW5n5dqlS._SL1500_-800x1200.jpeg 800w, https:\/\/coleaders.com\/beta\/wp-content\/uploads\/2025\/03\/leadership-team-practice_71zW5n5dqlS._SL1500_-768x1152.jpeg 768w\" sizes=\"auto, (max-width: 1000px) 100vw, 1000px\" \/><\/figure>\n<\/div>\n\n\n<p>Cet ouvrage vous permet de d\u00e9couvrir de l&#8217;int\u00e9rieur le trajet de transformation de plus de 12 \u00e9quipes de direction, \u00e0 travers les 5 disciplines du coaching syst\u00e9mique d&#8217;\u00e9quipe.<\/p>\n\n\n\n<p>Nous y partageons le cheminement d&#8217;une \u00e9quipe de direction \u00e9largie pour coconstruire sa vision partag\u00e9e et sa feuille de route pour la transformation, tout en embarquant ses parties prenantes.<\/p>\n\n\n\n<p>Vous pouvez recevoir notre \u00e9tude de cas en nous contactant par mail sur l&#8217;adresse contact@coleaders.com.<\/p>\n\n\n\n<h2 class=\"wp-block-heading\">Team of Teams Coaching<\/h2>\n\n\n\n<p>Co-auteur de l&#8217;ouvrage &#8220;Team of Teams Coaching: Using a Teaming Approach to Increase Business Impact&#8221;, \u00e0 para\u00eetre en juin 2025.<\/p>\n\n\n<div class=\"wp-block-image\">\n<figure class=\"alignright size-full is-resized\"><img loading=\"lazy\" decoding=\"async\" width=\"1000\" height=\"1500\" src=\"https:\/\/coleaders.com\/beta\/wp-content\/uploads\/2025\/03\/team-of-teams71-fSjeOZ6L._SL1500_.jpeg\" alt=\"\" class=\"wp-image-756\" style=\"width:162px;height:auto\" srcset=\"https:\/\/coleaders.com\/beta\/wp-content\/uploads\/2025\/03\/team-of-teams71-fSjeOZ6L._SL1500_.jpeg 1000w, https:\/\/coleaders.com\/beta\/wp-content\/uploads\/2025\/03\/team-of-teams71-fSjeOZ6L._SL1500_-800x1200.jpeg 800w, https:\/\/coleaders.com\/beta\/wp-content\/uploads\/2025\/03\/team-of-teams71-fSjeOZ6L._SL1500_-768x1152.jpeg 768w\" sizes=\"auto, (max-width: 1000px) 100vw, 1000px\" \/><\/figure>\n<\/div>\n\n\n<p>Cet ouvrage novateur s&#8217;appuie sur le t\u00e9moignage de plus de 60 organisations issues de tous les secteurs et continents, pour identifier les meilleures pratiques d&#8217;accompagnement des collectifs en transformation dans une approche inspir\u00e9e du coaching syst\u00e9mique d&#8217;\u00e9quipe.<\/p>\n\n\n\n<p>D\u00e9couvrez nos \u00e9tudes de cas mentionn\u00e9es dans le livre, ainsi que les chapitres cl\u00e9s du livre auxquels nous avons contribu\u00e9.<\/p>\n","protected":false},"excerpt":{"rendered":"<p>D\u00e9couvrez les ouvrages de r\u00e9f\u00e9rence sur le coaching syst\u00e9mique d&#8217;\u00e9quipes et d&#8217;organisations auxquels nous avons contribu\u00e9. <\/p>\n","protected":false},"author":1,"featured_media":0,"parent":2402,"menu_order":4,"comment_status":"closed","ping_status":"closed","template":"","meta":{"_acf_changed":false,"footnotes":""},"class_list":["post-2398","page","type-page","status-publish","hentry"],"acf":[],"yoast_head":"<!-- This site is optimized with the Yoast SEO plugin v26.8 - https:\/\/yoast.com\/product\/yoast-seo-wordpress\/ -->\n<title>Publications - COLEADERS<\/title>\n<meta name=\"robots\" content=\"index, follow, max-snippet:-1, max-image-preview:large, max-video-preview:-1\" \/>\n<link rel=\"canonical\" href=\"https:\/\/coleaders.com\/en\/publications\/\" \/>\n<meta property=\"og:locale\" content=\"en_US\" \/>\n<meta property=\"og:type\" content=\"article\" \/>\n<meta property=\"og:title\" content=\"Publications - COLEADERS\" \/>\n<meta property=\"og:description\" content=\"D\u00e9couvrez les ouvrages de r\u00e9f\u00e9rence sur le coaching syst\u00e9mique d&#039;\u00e9quipes et d&#039;organisations auxquels nous avons contribu\u00e9.\" \/>\n<meta property=\"og:url\" content=\"https:\/\/coleaders.com\/en\/publications\/\" \/>\n<meta property=\"og:site_name\" content=\"COLEADERS\" \/>\n<meta property=\"og:image\" content=\"https:\/\/coleaders.com\/beta\/wp-content\/uploads\/2025\/03\/leadership-team-practice_71zW5n5dqlS._SL1500_.jpeg\" \/>\n\t<meta property=\"og:image:width\" content=\"1000\" \/>\n\t<meta property=\"og:image:height\" content=\"1500\" \/>\n\t<meta property=\"og:image:type\" content=\"image\/jpeg\" \/>\n<meta name=\"twitter:card\" content=\"summary_large_image\" \/>\n<meta name=\"twitter:label1\" content=\"Est. reading time\" \/>\n\t<meta name=\"twitter:data1\" content=\"1 minute\" \/>\n<script type=\"application\/ld+json\" class=\"yoast-schema-graph\">{\"@context\":\"https:\/\/schema.org\",\"@graph\":[{\"@type\":\"WebPage\",\"@id\":\"https:\/\/coleaders.com\/en\/publications\/\",\"url\":\"https:\/\/coleaders.com\/en\/publications\/\",\"name\":\"Publications - COLEADERS\",\"isPartOf\":{\"@id\":\"https:\/\/coleaders.com\/#website\"},\"primaryImageOfPage\":{\"@id\":\"https:\/\/coleaders.com\/en\/publications\/#primaryimage\"},\"image\":{\"@id\":\"https:\/\/coleaders.com\/en\/publications\/#primaryimage\"},\"thumbnailUrl\":\"https:\/\/coleaders.com\/beta\/wp-content\/uploads\/2025\/03\/leadership-team-practice_71zW5n5dqlS._SL1500_.jpeg\",\"datePublished\":\"2024-08-03T11:01:25+00:00\",\"breadcrumb\":{\"@id\":\"https:\/\/coleaders.com\/en\/publications\/#breadcrumb\"},\"inLanguage\":\"en-US\",\"potentialAction\":[{\"@type\":\"ReadAction\",\"target\":[\"https:\/\/coleaders.com\/en\/publications\/\"]}]},{\"@type\":\"ImageObject\",\"inLanguage\":\"en-US\",\"@id\":\"https:\/\/coleaders.com\/en\/publications\/#primaryimage\",\"url\":\"https:\/\/coleaders.com\/beta\/wp-content\/uploads\/2025\/03\/leadership-team-practice_71zW5n5dqlS._SL1500_.jpeg\",\"contentUrl\":\"https:\/\/coleaders.com\/beta\/wp-content\/uploads\/2025\/03\/leadership-team-practice_71zW5n5dqlS._SL1500_.jpeg\"},{\"@type\":\"BreadcrumbList\",\"@id\":\"https:\/\/coleaders.com\/en\/publications\/#breadcrumb\",\"itemListElement\":[{\"@type\":\"ListItem\",\"position\":1,\"name\":\"Accueil\",\"item\":\"https:\/\/coleaders.com\/en\/\"},{\"@type\":\"ListItem\",\"position\":2,\"name\":\"Publications\"}]},{\"@type\":\"WebSite\",\"@id\":\"https:\/\/coleaders.com\/#website\",\"url\":\"https:\/\/coleaders.com\/\",\"name\":\"COLEADERS\",\"description\":\"Une \u00e9quipe de coachs ex\u00e9cutifs pour accompagner vos dirigeants et vos \u00e9quipes et r\u00e9ussir la dimension humaine des transformations de votre entreprise.\",\"publisher\":{\"@id\":\"https:\/\/coleaders.com\/#organization\"},\"alternateName\":\"COLEADERS\",\"potentialAction\":[{\"@type\":\"SearchAction\",\"target\":{\"@type\":\"EntryPoint\",\"urlTemplate\":\"https:\/\/coleaders.com\/?s={search_term_string}\"},\"query-input\":{\"@type\":\"PropertyValueSpecification\",\"valueRequired\":true,\"valueName\":\"search_term_string\"}}],\"inLanguage\":\"en-US\"},{\"@type\":\"Organization\",\"@id\":\"https:\/\/coleaders.com\/#organization\",\"name\":\"COLEADERS\",\"alternateName\":\"COLEADERS\",\"url\":\"https:\/\/coleaders.com\/\",\"logo\":{\"@type\":\"ImageObject\",\"inLanguage\":\"en-US\",\"@id\":\"https:\/\/coleaders.com\/#\/schema\/logo\/image\/\",\"url\":\"https:\/\/coleaders.com\/beta\/wp-content\/uploads\/2026\/01\/cropped-coleaders-favicon.png\",\"contentUrl\":\"https:\/\/coleaders.com\/beta\/wp-content\/uploads\/2026\/01\/cropped-coleaders-favicon.png\",\"width\":512,\"height\":512,\"caption\":\"COLEADERS\"},\"image\":{\"@id\":\"https:\/\/coleaders.com\/#\/schema\/logo\/image\/\"},\"sameAs\":[\"https:\/\/www.linkedin.com\/in\/christophemikolajczak\/\"]}]}<\/script>\n<!-- \/ Yoast SEO plugin. -->","yoast_head_json":{"title":"Publications - COLEADERS","robots":{"index":"index","follow":"follow","max-snippet":"max-snippet:-1","max-image-preview":"max-image-preview:large","max-video-preview":"max-video-preview:-1"},"canonical":"https:\/\/coleaders.com\/en\/publications\/","og_locale":"en_US","og_type":"article","og_title":"Publications - COLEADERS","og_description":"D\u00e9couvrez les ouvrages de r\u00e9f\u00e9rence sur le coaching syst\u00e9mique d'\u00e9quipes et d'organisations auxquels nous avons contribu\u00e9.","og_url":"https:\/\/coleaders.com\/en\/publications\/","og_site_name":"COLEADERS","og_image":[{"width":1000,"height":1500,"url":"https:\/\/coleaders.com\/beta\/wp-content\/uploads\/2025\/03\/leadership-team-practice_71zW5n5dqlS._SL1500_.jpeg","type":"image\/jpeg"}],"twitter_card":"summary_large_image","twitter_misc":{"Est. reading time":"1 minute"},"schema":{"@context":"https:\/\/schema.org","@graph":[{"@type":"WebPage","@id":"https:\/\/coleaders.com\/en\/publications\/","url":"https:\/\/coleaders.com\/en\/publications\/","name":"Publications - COLEADERS","isPartOf":{"@id":"https:\/\/coleaders.com\/#website"},"primaryImageOfPage":{"@id":"https:\/\/coleaders.com\/en\/publications\/#primaryimage"},"image":{"@id":"https:\/\/coleaders.com\/en\/publications\/#primaryimage"},"thumbnailUrl":"https:\/\/coleaders.com\/beta\/wp-content\/uploads\/2025\/03\/leadership-team-practice_71zW5n5dqlS._SL1500_.jpeg","datePublished":"2024-08-03T11:01:25+00:00","breadcrumb":{"@id":"https:\/\/coleaders.com\/en\/publications\/#breadcrumb"},"inLanguage":"en-US","potentialAction":[{"@type":"ReadAction","target":["https:\/\/coleaders.com\/en\/publications\/"]}]},{"@type":"ImageObject","inLanguage":"en-US","@id":"https:\/\/coleaders.com\/en\/publications\/#primaryimage","url":"https:\/\/coleaders.com\/beta\/wp-content\/uploads\/2025\/03\/leadership-team-practice_71zW5n5dqlS._SL1500_.jpeg","contentUrl":"https:\/\/coleaders.com\/beta\/wp-content\/uploads\/2025\/03\/leadership-team-practice_71zW5n5dqlS._SL1500_.jpeg"},{"@type":"BreadcrumbList","@id":"https:\/\/coleaders.com\/en\/publications\/#breadcrumb","itemListElement":[{"@type":"ListItem","position":1,"name":"Accueil","item":"https:\/\/coleaders.com\/en\/"},{"@type":"ListItem","position":2,"name":"Publications"}]},{"@type":"WebSite","@id":"https:\/\/coleaders.com\/#website","url":"https:\/\/coleaders.com\/","name":"COLEADERS","description":"Une \u00e9quipe de coachs ex\u00e9cutifs pour accompagner vos dirigeants et vos \u00e9quipes et r\u00e9ussir la dimension humaine des transformations de votre entreprise.","publisher":{"@id":"https:\/\/coleaders.com\/#organization"},"alternateName":"COLEADERS","potentialAction":[{"@type":"SearchAction","target":{"@type":"EntryPoint","urlTemplate":"https:\/\/coleaders.com\/?s={search_term_string}"},"query-input":{"@type":"PropertyValueSpecification","valueRequired":true,"valueName":"search_term_string"}}],"inLanguage":"en-US"},{"@type":"Organization","@id":"https:\/\/coleaders.com\/#organization","name":"COLEADERS","alternateName":"COLEADERS","url":"https:\/\/coleaders.com\/","logo":{"@type":"ImageObject","inLanguage":"en-US","@id":"https:\/\/coleaders.com\/#\/schema\/logo\/image\/","url":"https:\/\/coleaders.com\/beta\/wp-content\/uploads\/2026\/01\/cropped-coleaders-favicon.png","contentUrl":"https:\/\/coleaders.com\/beta\/wp-content\/uploads\/2026\/01\/cropped-coleaders-favicon.png","width":512,"height":512,"caption":"COLEADERS"},"image":{"@id":"https:\/\/coleaders.com\/#\/schema\/logo\/image\/"},"sameAs":["https:\/\/www.linkedin.com\/in\/christophemikolajczak\/"]}]}},"_links":{"self":[{"href":"https:\/\/coleaders.com\/en\/wp-json\/wp\/v2\/pages\/2398","targetHints":{"allow":["GET"]}}],"collection":[{"href":"https:\/\/coleaders.com\/en\/wp-json\/wp\/v2\/pages"}],"about":[{"href":"https:\/\/coleaders.com\/en\/wp-json\/wp\/v2\/types\/page"}],"author":[{"embeddable":true,"href":"https:\/\/coleaders.com\/en\/wp-json\/wp\/v2\/users\/1"}],"replies":[{"embeddable":true,"href":"https:\/\/coleaders.com\/en\/wp-json\/wp\/v2\/comments?post=2398"}],"version-history":[{"count":0,"href":"https:\/\/coleaders.com\/en\/wp-json\/wp\/v2\/pages\/2398\/revisions"}],"up":[{"embeddable":true,"href":"https:\/\/coleaders.com\/en\/wp-json\/wp\/v2\/pages\/2402"}],"wp:attachment":[{"href":"https:\/\/coleaders.com\/en\/wp-json\/wp\/v2\/media?parent=2398"}],"curies":[{"name":"wp","href":"https:\/\/api.w.org\/{rel}","templated":true}]}}