{"id":2388,"date":"2024-08-25T13:07:30","date_gmt":"2024-08-25T11:07:30","guid":{"rendered":"https:\/\/coleaders.com\/coaching-dequipes-en-reseau\/"},"modified":"2024-08-25T13:07:30","modified_gmt":"2024-08-25T11:07:30","slug":"coaching-dequipes-en-reseau","status":"publish","type":"page","link":"https:\/\/coleaders.com\/en\/offres-entreprises\/leadership-organisation-apprenante-offres\/coaching-dequipes-en-reseau\/","title":{"rendered":"Mieux se conna\u00eetre pour mieux coop\u00e9rer, avec l&#8217;approche El\u00e9ment Humain"},"content":{"rendered":"\n<p>D\u00e9couvrez comment transformer la qualit\u00e9 de vos relations gr\u00e2ce \u00e0 l&#8217;approche \u00c9l\u00e9ment Humain. Vous d\u00e9velopperez une conscience approfondie de vous-m\u00eame qui amplifiera votre impact personnel aupr\u00e8s des autres. Vous repartirez avec des outils concrets pour cr\u00e9er un climat de confiance durable et une coop\u00e9ration de qualit\u00e9. Osez cette exp\u00e9rience unique qui lib\u00e9rera tout le potentiel de votre leadership.<\/p>\n\n\n\n<blockquote class=\"wp-block-quote is-layout-flow wp-block-quote-is-layout-flow\">\n<p>\u00ab&nbsp;La confiance, l\u2019engagement, et la r\u00e9ussite collective se cr\u00e9ent ensemble par des relations de qualit\u00e9&nbsp;\u00bb<em> <\/em><\/p>\n\n\n\n<p><em>Will Schutz, cr\u00e9ateur de l&#8217;approche El\u00e9ment Humain<\/em><\/p>\n<\/blockquote>\n\n\n\n<h2 class=\"wp-block-heading\"><span id=\"Cette_formation_est-elle_pour_vous\">Cette formation est-elle pour vous?<\/span><\/h2>\n\n\n\n<p>Vous \u00eates dirigeant, entrepreneur, coach, acteur de changement, ou responsable RH et vous voulez d\u00e9velopper&nbsp;<strong>votre intelligence \u00e9motionnelle et relationnelle<\/strong>, ainsi que&nbsp;<strong>la qualit\u00e9 de votre pr\u00e9sence et de vos relations<\/strong>&nbsp;de fa\u00e7on \u00e0&nbsp;<strong>am\u00e9liorer votre impact&nbsp;<\/strong>aupr\u00e8s des autres et&nbsp;<strong>insuffler un climat de confiance&nbsp;<\/strong>dans vos \u00e9quipes ou votre organisation.<\/p>\n\n\n\n<blockquote class=\"wp-block-quote is-layout-flow wp-block-quote-is-layout-flow\">\n<p>\u00ab&nbsp;Celui qui aspire \u00e0 gouverner la nation, se doit d\u2019apprendre \u00e0 se gouverner soi-m\u00eame.&nbsp;\u00bb<em><strong>&nbsp;<\/strong><\/em><\/p>\n\n\n\n<p><em>Socrate<\/em><\/p>\n<\/blockquote>\n\n\n\n<h2 class=\"wp-block-heading\"><span id=\"L8217approche_Element_Humain_c8217est_quoi\">L&#8217;approche El\u00e9ment Humain, c&#8217;est quoi?<\/span><\/h2>\n\n\n\n<p>L&#8217;El\u00e9ment Humain\u00ae, d\u00e9velopp\u00e9 par Will Schutz, chercheur de Harvard et Berkeley, est un mod\u00e8le puissant pour am\u00e9liorer la coop\u00e9ration et la responsabilisation des \u00e9quipes en s&#8217;appuyant sur les capacit\u00e9s relationnelles et l&#8217;estime de soi.<\/p>\n\n\n\n<div class=\"wp-block-media-text is-stacked-on-mobile\" style=\"grid-template-columns:29% auto\"><figure class=\"wp-block-media-text__media\"><img loading=\"lazy\" decoding=\"async\" width=\"998\" height=\"1280\" src=\"https:\/\/coleaders.com\/beta\/wp-content\/uploads\/2025\/04\/Will_at_Chalkboard.jpeg\" alt=\"\" class=\"wp-image-806 size-full\" srcset=\"https:\/\/coleaders.com\/beta\/wp-content\/uploads\/2025\/04\/Will_at_Chalkboard.jpeg 998w, https:\/\/coleaders.com\/beta\/wp-content\/uploads\/2025\/04\/Will_at_Chalkboard-936x1200.jpeg 936w, https:\/\/coleaders.com\/beta\/wp-content\/uploads\/2025\/04\/Will_at_Chalkboard-768x985.jpeg 768w\" sizes=\"auto, (max-width: 998px) 100vw, 998px\" \/><\/figure><div class=\"wp-block-media-text__content\">\n<p>Cette approche repose sur un constat cl\u00e9 : la principale entrave \u00e0 la performance des \u00e9quipes vient d&#8217;un d\u00e9ficit d&#8217;estime de soi qui provoque des rigidit\u00e9s comportementales (m\u00e9canismes de d\u00e9fense) et cr\u00e9e des tensions relationnelles. Les personnes d\u00e9pensent alors beaucoup d&#8217;\u00e9nergie dans ces m\u00e9canismes de d\u00e9fense plut\u00f4t que de l&#8217;orienter vers plus d&#8217;ouverture, de responsabilit\u00e9 et de coop\u00e9ration.<\/p>\n<\/div><\/div>\n\n\n\n<p><\/p>\n\n\n\n<p>Initialement d\u00e9velopp\u00e9 pour la Marine am\u00e9ricaine afin d&#8217;am\u00e9liorer le fonctionnement des \u00e9quipages en situations critiques, cette m\u00e9thodologie est devenue \u00e0 la fois intuitive et efficace pour am\u00e9liorer la qualit\u00e9 des relations, m\u00eame dans les contextes \u00e0 forts enjeux.<\/p>\n\n\n\n<p>Utilis\u00e9 depuis 50 ans par les organisations les plus performantes dans le monde entier, l&#8217;El\u00e9ment Humain\u00ae continue de prouver sa pertinence.<\/p>\n\n\n\n<blockquote class=\"wp-block-quote is-layout-flow wp-block-quote-is-layout-flow\">\n<p>\u201cSi je ne me connais pas moi-m\u00eame, je ne peux conna\u00eetre mes coll\u00e8gues et mes \u00e9quipes. Je ne vais les voir qu\u2019\u00e0 travers une vitre assombrie par les ombres m\u00e9connues de ma propre vie&nbsp;\u2013 et comme je ne peux les voir avec clart\u00e9, je ne peux pas \u00eatre un bon leader pour eux.&nbsp;\u00bb<em>&nbsp;&nbsp;<\/em><\/p>\n\n\n\n<p><em>Adapt\u00e9 de Parker Palmer<\/em><\/p>\n<\/blockquote>\n\n\n\n<h2 class=\"wp-block-heading\"><span id=\"Ce_que_vous_allez_apprendre\">Ce que vous allez apprendre<\/span><\/h2>\n\n\n\n<p>En vivant cette formation, vous allez apprendre \u00e0:<\/p>\n\n\n\n<ul class=\"wp-block-list\">\n<li>D\u00e9velopper&nbsp;<strong>la connaissance de soi&nbsp;<\/strong>pour cultiver des&nbsp;<strong>relations fluides et de confiance&nbsp;&nbsp;&nbsp;&nbsp;&nbsp;&nbsp;<\/strong><\/li>\n\n\n\n<li>Identifier&nbsp;<strong>ses pr\u00e9f\u00e9rences comportementales<\/strong>&nbsp;<strong>dans la relation<\/strong>, et comprendre leur impact sur soi et les autres&nbsp;&nbsp;&nbsp;&nbsp;&nbsp;&nbsp;<\/li>\n\n\n\n<li>Conna\u00eetre ses&nbsp;<strong>m\u00e9canismes de d\u00e9fense<\/strong>&nbsp;pour mieux les g\u00e9rer&nbsp;&nbsp;&nbsp;&nbsp;&nbsp;&nbsp;<\/li>\n\n\n\n<li>Pratiquer&nbsp;<strong>l\u2019agilit\u00e9 et la prise en compte de l\u2019autre<\/strong>&nbsp;dans la relation&nbsp;&nbsp;&nbsp;&nbsp;&nbsp;&nbsp;<\/li>\n\n\n\n<li>Reconna\u00eetre&nbsp;<strong>le r\u00f4le des ressentis et \u00e9motions<\/strong>&nbsp;dans les situations de leadership&nbsp;&nbsp;&nbsp;&nbsp;&nbsp;&nbsp;<\/li>\n\n\n\n<li>Etre capable d\u2019<strong>appliquer les acquis<\/strong>&nbsp;de cette formation en situation r\u00e9elle<\/li>\n\n\n\n<li>Acqu\u00e9rir des outils concrets pour d\u00e9velopper l&#8217;ouverture, la responsabilit\u00e9 et la coop\u00e9ration<\/li>\n<\/ul>\n\n\n\n<blockquote class=\"wp-block-quote is-layout-flow wp-block-quote-is-layout-flow\">\n<p><em>\u00ab&nbsp;Au bout du compte, le seul changement qui fera la diff\u00e9rence, est la transformation du coeur humain.\u00bb<\/em><\/p>\n\n\n\n<p><em>Peter Senge, Auteur de &#8220;La 5\u00e8 Discipline, l&#8217;Art et la Pratique de l&#8217;Organisation Apprenante&#8221;<\/em><\/p>\n<\/blockquote>\n\n\n\n<h2 class=\"wp-block-heading\"><span id=\"Une_pedagogie_experientielle_qui_permet_d8217aller_a_lessentiel\">Une p\u00e9dagogie exp\u00e9rientielle qui permet d&#8217;aller \u00e0 l\u2019essentiel<\/span><\/h2>\n\n\n\n<p>La formation est fond\u00e9e sur une p\u00e9dagogie innovante et totalement exp\u00e9rientielle qui favorise les prises de conscience et la mise en action des principes de l\u2019El\u00e9ment Humain\u00ae.<\/p>\n\n\n\n<ul class=\"wp-block-list\">\n<li>Une approche&nbsp;<strong>exp\u00e9rientielle<\/strong>, qui permet de vivre de l\u2019int\u00e9rieur les dimensions cl\u00e9s de l\u2019El\u00e9ment Humain.&nbsp;Elle associe des moments de visualisation guid\u00e9e, des s\u00e9quences individuelles et en groupes avec des outils de diagnostics personnels et d\u2019\u00e9changes en sous-groupes pour favoriser les prises de conscience.<\/li>\n\n\n\n<li>Une m\u00e9thode&nbsp;<strong>structur\u00e9e<\/strong>, qui permet d\u2019aller \u00e0 l\u2019essentiel, et d\u2019acqu\u00e9rir des outils clairs et puissants<\/li>\n\n\n\n<li>Une&nbsp;<strong>exp\u00e9rience collective<\/strong>, au sein du groupe de formation, qui sera une dimension essentielle de l\u2019exp\u00e9rience, avec des temps d\u2019\u00e9change, d\u2019exp\u00e9rience, de feedback en groupe pour favoriser les prises de conscience dans les relations<\/li>\n\n\n\n<li>Des processus et outils&nbsp;<strong>tr\u00e8s diversifi\u00e9s<\/strong>, permettant \u00e0 chacun de trouver son chemin de d\u00e9veloppement, que ce soit par les mises en situation, les feedbacks, les visualisations, les auto-\u00e9valuations, les apports p\u00e9dagogiques, les temps de partage en groupe, &#8230;<\/li>\n\n\n\n<li>Vous repartirez avec le&nbsp;<strong>supports p\u00e9dagogiques&nbsp;<\/strong>et les outils d\u2019auto-\u00e9valuation qui font partie int\u00e9grante de la m\u00e9thode.<\/li>\n<\/ul>\n\n\n\n<blockquote class=\"wp-block-quote is-layout-flow wp-block-quote-is-layout-flow\">\n<p>\u00ab&nbsp;Votre regard ne deviendra lucide que lorsque vous regarderez \u00e0 l\u2019int\u00e9rieur de vous. Celui qui regarde \u00e0 l\u2019ext\u00e9rieur r\u00eave, celui qui regarde \u00e0 l\u2019int\u00e9rieur se r\u00e9veille.&nbsp;\u00bb<em><em> <\/em><\/em><\/p>\n\n\n\n<p><em><em>Carl G. Jung<\/em><\/em><\/p>\n<\/blockquote>\n\n\n\n<h2 class=\"wp-block-heading\"><span id=\"Les_benefices_de_la_formation\"><strong>Les b\u00e9n\u00e9fices de la formation<\/strong><\/span><\/h2>\n\n\n\n<ul class=\"wp-block-list\">\n<li>Identifier vos&nbsp;<strong>comportements relationnels<\/strong>&nbsp;et comprendre leur impact sur votre \u00e9quipe<\/li>\n\n\n\n<li>Acqu\u00e9rir des outils pratiques pour transformer vos &#8220;rigidit\u00e9s personnelles&#8221; en leviers de&nbsp;<strong>coop\u00e9ration efficace<\/strong><\/li>\n\n\n\n<li>D\u00e9velopper votre&nbsp;<strong>lucidit\u00e9 et ouverture<\/strong>&nbsp;pour des relations de qualit\u00e9 au travail<\/li>\n\n\n\n<li>Reconna\u00eetre vos&nbsp;<strong>ressentis<\/strong>&nbsp;et les utiliser positivement dans votre leadership<\/li>\n\n\n\n<li>Renforcer votre&nbsp;<strong>estime de soi<\/strong>&nbsp;et votre confiance dans vos interactions quotidiennes<\/li>\n\n\n\n<li>D\u00e9samorcer vos&nbsp;<strong>m\u00e9canismes de d\u00e9fense<\/strong>&nbsp;pour des relations plus authentiques et plus fluides<\/li>\n\n\n\n<li>Mettre en \u0153uvre des&nbsp;<strong>changements concrets<\/strong>&nbsp;pour am\u00e9liorer la qualit\u00e9 de vos relations et votre impact<\/li>\n<\/ul>\n\n\n\n<blockquote class=\"wp-block-quote is-layout-flow wp-block-quote-is-layout-flow\">\n<p>&#8220;L&#8217;Ouverture est ce qui permet le mieux de faciliter les relations humaines.&#8221;<\/p>\n\n\n\n<p>Inspir\u00e9 de Will Schutz<\/p>\n<\/blockquote>\n<div id=\"toc_container\" class=\"no_bullets\"><p class=\"toc_title\">Sommaire<\/p><ul class=\"toc_list\"><li><a href=\"#Cette_formation_est-elle_pour_vous\"><span class=\"toc_number toc_depth_1\">1<\/span> Cette formation est-elle pour vous?<\/a><\/li><li><a href=\"#L8217approche_Element_Humain_c8217est_quoi\"><span class=\"toc_number toc_depth_1\">2<\/span> L&#8217;approche El\u00e9ment Humain, c&#8217;est quoi?<\/a><\/li><li><a href=\"#Ce_que_vous_allez_apprendre\"><span class=\"toc_number toc_depth_1\">3<\/span> Ce que vous allez apprendre<\/a><\/li><li><a href=\"#Une_pedagogie_experientielle_qui_permet_d8217aller_a_lessentiel\"><span class=\"toc_number toc_depth_1\">4<\/span> Une p\u00e9dagogie exp\u00e9rientielle qui permet d&#8217;aller \u00e0 l\u2019essentiel<\/a><\/li><li><a href=\"#Les_benefices_de_la_formation\"><span class=\"toc_number toc_depth_1\">5<\/span> Les b\u00e9n\u00e9fices de la formation<\/a><\/li><\/ul><\/div>\n","protected":false},"excerpt":{"rendered":"<p>D\u00e9couvrez comment transformer la qualit\u00e9 de vos relations gr\u00e2ce \u00e0 l&#8217;approche \u00c9l\u00e9ment Humain. Vous d\u00e9velopperez une conscience approfondie de vous-m\u00eame qui amplifiera votre impact personnel&#8230;<\/p>\n","protected":false},"author":1,"featured_media":2275,"parent":2407,"menu_order":2,"comment_status":"closed","ping_status":"closed","template":"","meta":{"_acf_changed":false,"footnotes":""},"class_list":["post-2388","page","type-page","status-publish","has-post-thumbnail","hentry"],"acf":[],"yoast_head":"<!-- This site is optimized with the Yoast SEO plugin v26.8 - https:\/\/yoast.com\/product\/yoast-seo-wordpress\/ -->\n<title>Mieux se conna\u00eetre pour mieux coop\u00e9rer, avec l&#039;approche El\u00e9ment Humain - COLEADERS<\/title>\n<meta name=\"robots\" content=\"index, follow, max-snippet:-1, max-image-preview:large, max-video-preview:-1\" \/>\n<link rel=\"canonical\" href=\"https:\/\/coleaders.com\/en\/coaching-dequipes-en-reseau\/\" \/>\n<meta property=\"og:locale\" content=\"en_US\" \/>\n<meta property=\"og:type\" content=\"article\" \/>\n<meta property=\"og:title\" content=\"Mieux se conna\u00eetre pour mieux coop\u00e9rer, avec l&#039;approche El\u00e9ment Humain - COLEADERS\" \/>\n<meta property=\"og:description\" content=\"D\u00e9couvrez comment transformer la qualit\u00e9 de vos relations gr\u00e2ce \u00e0 l&#8217;approche \u00c9l\u00e9ment Humain. Vous d\u00e9velopperez une conscience approfondie de vous-m\u00eame qui amplifiera votre impact personnel...\" \/>\n<meta property=\"og:url\" content=\"https:\/\/coleaders.com\/en\/coaching-dequipes-en-reseau\/\" \/>\n<meta property=\"og:site_name\" content=\"COLEADERS\" \/>\n<meta property=\"og:image\" content=\"https:\/\/coleaders.com\/beta\/wp-content\/uploads\/2025\/04\/Will_at_Chalkboard.jpeg\" \/>\n\t<meta property=\"og:image:width\" content=\"998\" \/>\n\t<meta property=\"og:image:height\" content=\"1280\" \/>\n\t<meta property=\"og:image:type\" content=\"image\/jpeg\" \/>\n<meta name=\"twitter:card\" content=\"summary_large_image\" \/>\n<meta name=\"twitter:label1\" content=\"Est. reading time\" \/>\n\t<meta name=\"twitter:data1\" content=\"5 minutes\" \/>\n<script type=\"application\/ld+json\" class=\"yoast-schema-graph\">{\"@context\":\"https:\/\/schema.org\",\"@graph\":[{\"@type\":\"WebPage\",\"@id\":\"https:\/\/coleaders.com\/en\/coaching-dequipes-en-reseau\/\",\"url\":\"https:\/\/coleaders.com\/en\/coaching-dequipes-en-reseau\/\",\"name\":\"Mieux se conna\u00eetre pour mieux coop\u00e9rer, avec l'approche El\u00e9ment Humain - COLEADERS\",\"isPartOf\":{\"@id\":\"https:\/\/coleaders.com\/#website\"},\"primaryImageOfPage\":{\"@id\":\"https:\/\/coleaders.com\/en\/coaching-dequipes-en-reseau\/#primaryimage\"},\"image\":{\"@id\":\"https:\/\/coleaders.com\/en\/coaching-dequipes-en-reseau\/#primaryimage\"},\"thumbnailUrl\":\"https:\/\/coleaders.com\/beta\/wp-content\/uploads\/2025\/10\/Picture-1.jpg\",\"datePublished\":\"2024-08-25T11:07:30+00:00\",\"breadcrumb\":{\"@id\":\"https:\/\/coleaders.com\/en\/coaching-dequipes-en-reseau\/#breadcrumb\"},\"inLanguage\":\"en-US\",\"potentialAction\":[{\"@type\":\"ReadAction\",\"target\":[\"https:\/\/coleaders.com\/en\/coaching-dequipes-en-reseau\/\"]}]},{\"@type\":\"ImageObject\",\"inLanguage\":\"en-US\",\"@id\":\"https:\/\/coleaders.com\/en\/coaching-dequipes-en-reseau\/#primaryimage\",\"url\":\"https:\/\/coleaders.com\/beta\/wp-content\/uploads\/2025\/10\/Picture-1.jpg\",\"contentUrl\":\"https:\/\/coleaders.com\/beta\/wp-content\/uploads\/2025\/10\/Picture-1.jpg\",\"width\":854,\"height\":607},{\"@type\":\"BreadcrumbList\",\"@id\":\"https:\/\/coleaders.com\/en\/coaching-dequipes-en-reseau\/#breadcrumb\",\"itemListElement\":[{\"@type\":\"ListItem\",\"position\":1,\"name\":\"Accueil\",\"item\":\"https:\/\/coleaders.com\/en\/\"},{\"@type\":\"ListItem\",\"position\":2,\"name\":\"Mieux se conna\u00eetre pour mieux coop\u00e9rer, avec l&#8217;approche El\u00e9ment Humain\"}]},{\"@type\":\"WebSite\",\"@id\":\"https:\/\/coleaders.com\/#website\",\"url\":\"https:\/\/coleaders.com\/\",\"name\":\"COLEADERS\",\"description\":\"Une \u00e9quipe de coachs ex\u00e9cutifs pour accompagner vos dirigeants et vos \u00e9quipes et r\u00e9ussir la dimension humaine des transformations de votre entreprise.\",\"publisher\":{\"@id\":\"https:\/\/coleaders.com\/#organization\"},\"alternateName\":\"COLEADERS\",\"potentialAction\":[{\"@type\":\"SearchAction\",\"target\":{\"@type\":\"EntryPoint\",\"urlTemplate\":\"https:\/\/coleaders.com\/?s={search_term_string}\"},\"query-input\":{\"@type\":\"PropertyValueSpecification\",\"valueRequired\":true,\"valueName\":\"search_term_string\"}}],\"inLanguage\":\"en-US\"},{\"@type\":\"Organization\",\"@id\":\"https:\/\/coleaders.com\/#organization\",\"name\":\"COLEADERS\",\"alternateName\":\"COLEADERS\",\"url\":\"https:\/\/coleaders.com\/\",\"logo\":{\"@type\":\"ImageObject\",\"inLanguage\":\"en-US\",\"@id\":\"https:\/\/coleaders.com\/#\/schema\/logo\/image\/\",\"url\":\"https:\/\/coleaders.com\/beta\/wp-content\/uploads\/2026\/01\/cropped-coleaders-favicon.png\",\"contentUrl\":\"https:\/\/coleaders.com\/beta\/wp-content\/uploads\/2026\/01\/cropped-coleaders-favicon.png\",\"width\":512,\"height\":512,\"caption\":\"COLEADERS\"},\"image\":{\"@id\":\"https:\/\/coleaders.com\/#\/schema\/logo\/image\/\"},\"sameAs\":[\"https:\/\/www.linkedin.com\/in\/christophemikolajczak\/\"]}]}<\/script>\n<!-- \/ Yoast SEO plugin. -->","yoast_head_json":{"title":"Mieux se conna\u00eetre pour mieux coop\u00e9rer, avec l'approche El\u00e9ment Humain - COLEADERS","robots":{"index":"index","follow":"follow","max-snippet":"max-snippet:-1","max-image-preview":"max-image-preview:large","max-video-preview":"max-video-preview:-1"},"canonical":"https:\/\/coleaders.com\/en\/coaching-dequipes-en-reseau\/","og_locale":"en_US","og_type":"article","og_title":"Mieux se conna\u00eetre pour mieux coop\u00e9rer, avec l'approche El\u00e9ment Humain - COLEADERS","og_description":"D\u00e9couvrez comment transformer la qualit\u00e9 de vos relations gr\u00e2ce \u00e0 l&#8217;approche \u00c9l\u00e9ment Humain. Vous d\u00e9velopperez une conscience approfondie de vous-m\u00eame qui amplifiera votre impact personnel...","og_url":"https:\/\/coleaders.com\/en\/coaching-dequipes-en-reseau\/","og_site_name":"COLEADERS","og_image":[{"width":998,"height":1280,"url":"https:\/\/coleaders.com\/beta\/wp-content\/uploads\/2025\/04\/Will_at_Chalkboard.jpeg","type":"image\/jpeg"}],"twitter_card":"summary_large_image","twitter_misc":{"Est. reading time":"5 minutes"},"schema":{"@context":"https:\/\/schema.org","@graph":[{"@type":"WebPage","@id":"https:\/\/coleaders.com\/en\/coaching-dequipes-en-reseau\/","url":"https:\/\/coleaders.com\/en\/coaching-dequipes-en-reseau\/","name":"Mieux se conna\u00eetre pour mieux coop\u00e9rer, avec l'approche El\u00e9ment Humain - COLEADERS","isPartOf":{"@id":"https:\/\/coleaders.com\/#website"},"primaryImageOfPage":{"@id":"https:\/\/coleaders.com\/en\/coaching-dequipes-en-reseau\/#primaryimage"},"image":{"@id":"https:\/\/coleaders.com\/en\/coaching-dequipes-en-reseau\/#primaryimage"},"thumbnailUrl":"https:\/\/coleaders.com\/beta\/wp-content\/uploads\/2025\/10\/Picture-1.jpg","datePublished":"2024-08-25T11:07:30+00:00","breadcrumb":{"@id":"https:\/\/coleaders.com\/en\/coaching-dequipes-en-reseau\/#breadcrumb"},"inLanguage":"en-US","potentialAction":[{"@type":"ReadAction","target":["https:\/\/coleaders.com\/en\/coaching-dequipes-en-reseau\/"]}]},{"@type":"ImageObject","inLanguage":"en-US","@id":"https:\/\/coleaders.com\/en\/coaching-dequipes-en-reseau\/#primaryimage","url":"https:\/\/coleaders.com\/beta\/wp-content\/uploads\/2025\/10\/Picture-1.jpg","contentUrl":"https:\/\/coleaders.com\/beta\/wp-content\/uploads\/2025\/10\/Picture-1.jpg","width":854,"height":607},{"@type":"BreadcrumbList","@id":"https:\/\/coleaders.com\/en\/coaching-dequipes-en-reseau\/#breadcrumb","itemListElement":[{"@type":"ListItem","position":1,"name":"Accueil","item":"https:\/\/coleaders.com\/en\/"},{"@type":"ListItem","position":2,"name":"Mieux se conna\u00eetre pour mieux coop\u00e9rer, avec l&#8217;approche El\u00e9ment Humain"}]},{"@type":"WebSite","@id":"https:\/\/coleaders.com\/#website","url":"https:\/\/coleaders.com\/","name":"COLEADERS","description":"Une \u00e9quipe de coachs ex\u00e9cutifs pour accompagner vos dirigeants et vos \u00e9quipes et r\u00e9ussir la dimension humaine des transformations de votre entreprise.","publisher":{"@id":"https:\/\/coleaders.com\/#organization"},"alternateName":"COLEADERS","potentialAction":[{"@type":"SearchAction","target":{"@type":"EntryPoint","urlTemplate":"https:\/\/coleaders.com\/?s={search_term_string}"},"query-input":{"@type":"PropertyValueSpecification","valueRequired":true,"valueName":"search_term_string"}}],"inLanguage":"en-US"},{"@type":"Organization","@id":"https:\/\/coleaders.com\/#organization","name":"COLEADERS","alternateName":"COLEADERS","url":"https:\/\/coleaders.com\/","logo":{"@type":"ImageObject","inLanguage":"en-US","@id":"https:\/\/coleaders.com\/#\/schema\/logo\/image\/","url":"https:\/\/coleaders.com\/beta\/wp-content\/uploads\/2026\/01\/cropped-coleaders-favicon.png","contentUrl":"https:\/\/coleaders.com\/beta\/wp-content\/uploads\/2026\/01\/cropped-coleaders-favicon.png","width":512,"height":512,"caption":"COLEADERS"},"image":{"@id":"https:\/\/coleaders.com\/#\/schema\/logo\/image\/"},"sameAs":["https:\/\/www.linkedin.com\/in\/christophemikolajczak\/"]}]}},"_links":{"self":[{"href":"https:\/\/coleaders.com\/en\/wp-json\/wp\/v2\/pages\/2388","targetHints":{"allow":["GET"]}}],"collection":[{"href":"https:\/\/coleaders.com\/en\/wp-json\/wp\/v2\/pages"}],"about":[{"href":"https:\/\/coleaders.com\/en\/wp-json\/wp\/v2\/types\/page"}],"author":[{"embeddable":true,"href":"https:\/\/coleaders.com\/en\/wp-json\/wp\/v2\/users\/1"}],"replies":[{"embeddable":true,"href":"https:\/\/coleaders.com\/en\/wp-json\/wp\/v2\/comments?post=2388"}],"version-history":[{"count":0,"href":"https:\/\/coleaders.com\/en\/wp-json\/wp\/v2\/pages\/2388\/revisions"}],"up":[{"embeddable":true,"href":"https:\/\/coleaders.com\/en\/wp-json\/wp\/v2\/pages\/2407"}],"wp:featuredmedia":[{"embeddable":true,"href":"https:\/\/coleaders.com\/en\/wp-json\/wp\/v2\/media\/2275"}],"wp:attachment":[{"href":"https:\/\/coleaders.com\/en\/wp-json\/wp\/v2\/media?parent=2388"}],"curies":[{"name":"wp","href":"https:\/\/api.w.org\/{rel}","templated":true}]}}