{"id":2387,"date":"2024-08-25T13:10:45","date_gmt":"2024-08-25T11:10:45","guid":{"rendered":"https:\/\/coleaders.com\/formations-2\/"},"modified":"2024-08-25T13:10:45","modified_gmt":"2024-08-25T11:10:45","slug":"formations","status":"publish","type":"page","link":"https:\/\/coleaders.com\/en\/offres-entreprises\/developpement-des-coachs-internes\/formations\/","title":{"rendered":"Les Fondamentaux du Management Collaboratif"},"content":{"rendered":"\n<p>D\u00e9couvrez les principes essentiels pour cr\u00e9er un environnement o\u00f9 chacun donne le meilleur de soi et prend ses responsabilit\u00e9s avec confiance, un environnement o\u00f9 l\u2019autonomie et l\u2019engagement de votre \u00e9quipe vous permet de r\u00e9aliser ensemble vos projets avec audace.<\/p>\n\n\n\n<h2 class=\"wp-block-heading\"><span id=\"Le_management_collaboratif_pour_quoi\"><strong>Le management collaboratif<\/strong>: pour quoi?<\/span><\/h2>\n\n\n\n<blockquote class=\"wp-block-quote is-layout-flow wp-block-quote-is-layout-flow\">\n<p>&#8220;Dans un monde qui change rapidement, les organisations qui prosp\u00e8rent sont celles qui lib\u00e8rent l\u2019autonomie et l&#8217;intelligence collective de leurs \u00e9quipes&#8221;<\/p>\n<\/blockquote>\n\n\n\n<p>Les formes traditionnelles de management ont \u00e9t\u00e9 cr\u00e9\u00e9es au d\u00e9but du si\u00e8cle dernier. Qu\u2019il s\u2019agisse de l\u2019acc\u00e9l\u00e9ration du changement, de la complexit\u00e9 des d\u00e9fis, ou les nouvelles attentes des collaborateurs, le management traditionnel n\u2019est plus adapt\u00e9 aux d\u00e9fis du monde d\u2019aujourd\u2019hui.&nbsp;<\/p>\n\n\n\n<p>De nombreuses entreprises se sont engag\u00e9es pour renouveler les fondamentaux du management et d\u00e9velopper un management collaboratif adapt\u00e9 aux d\u00e9fis du futur.&nbsp;<\/p>\n\n\n\n<p>Nous menons une recherche-action depuis plus de 10 ans aupr\u00e8s de ces entreprises, pour identifier, mettre en oeuvre et partager les principes et les outils de cette nouvelle forme de management.&nbsp;<\/p>\n\n\n\n<h2 class=\"wp-block-heading\"><span id=\"Les_7_principes_du_Management_Collaboratif\"><strong>Les 7 principes du Management Collaboratif<\/strong><\/span><\/h2>\n\n\n\n<p>La formation est fond\u00e9e sur notre boussole des 7 principes du Management Collaboratif:<\/p>\n\n\n<div class=\"wp-block-image\">\n<figure class=\"aligncenter size-full is-resized\"><img loading=\"lazy\" decoding=\"async\" width=\"1174\" height=\"1216\" src=\"https:\/\/coleaders.com\/beta\/wp-content\/uploads\/2025\/05\/Screenshot-2025-05-01-at-11.04.12.png\" alt=\"\" class=\"wp-image-1048\" style=\"aspect-ratio:0.9654624851131401;width:390px;height:auto\" srcset=\"https:\/\/coleaders.com\/beta\/wp-content\/uploads\/2025\/05\/Screenshot-2025-05-01-at-11.04.12.png 1174w, https:\/\/coleaders.com\/beta\/wp-content\/uploads\/2025\/05\/Screenshot-2025-05-01-at-11.04.12-1159x1200.png 1159w, https:\/\/coleaders.com\/beta\/wp-content\/uploads\/2025\/05\/Screenshot-2025-05-01-at-11.04.12-768x795.png 768w\" sizes=\"auto, (max-width: 1174px) 100vw, 1174px\" \/><\/figure>\n<\/div>\n\n\n<div class=\"wp-block-pb-accordion-item c-accordion__item js-accordion-item no-js\" data-initially-open=\"false\" data-click-to-close=\"true\" data-auto-close=\"true\" data-scroll=\"false\" data-scroll-offset=\"0\"><h3 id=\"at-3110\" class=\"c-accordion__title js-accordion-controller\" role=\"button\">Centr\u00e9 sur les parties prenantes<\/h3><div id=\"ac-3110\" class=\"c-accordion__content\">\n<p>Engager l&#8217;attention et l&#8217;\u00e9nergie des \u00e9quipes au quotidien sur les besoins des clients et des parties prenantes, plut\u00f4t que sur les complexit\u00e9s ou la politique interne de l&#8217;entreprise. <\/p>\n<\/div><\/div>\n\n\n\n<div class=\"wp-block-pb-accordion-item c-accordion__item js-accordion-item no-js\"><h3 id=\"at-3112\" class=\"c-accordion__title js-accordion-controller\" role=\"button\">Raison d&#8217;\u00eatre et valeurs<\/h3><div id=\"ac-3112\" class=\"c-accordion__content\">\n\n<p>Accorder autant d&#8217;importance au sens qu&#8217;aux chiffres. Se donner des valeurs partag\u00e9es claires et structurantes. Etre anim\u00e9s par une raison d&#8217;\u00eatre partag\u00e9e.<\/p>\n\n<\/div><\/div>\n\n\n\n<div class=\"wp-block-pb-accordion-item c-accordion__item js-accordion-item no-js\"><h3 id=\"at-3114\" class=\"c-accordion__title js-accordion-controller\" role=\"button\">Autorit\u00e9 distribu\u00e9e<\/h3><div id=\"ac-3114\" class=\"c-accordion__content\">\n\n<p>R\u00e9unir la d\u00e9cision et l&#8217;action, en distribuant le pouvoir de d\u00e9cider et la responsabilit\u00e9 au plus proche du terrain. Adopter le principe selon lequel &#8220;Ceux qui &#8216;font&#8217; savent&#8221;.<\/p>\n\n<\/div><\/div>\n\n\n\n<div class=\"wp-block-pb-accordion-item c-accordion__item js-accordion-item no-js\"><h3 id=\"at-3115\" class=\"c-accordion__title js-accordion-controller\" role=\"button\">Auto-gestion<\/h3><div id=\"ac-3115\" class=\"c-accordion__content\">\n\n<p>Adopter le principe selon lequel le management est trop important pour ne pas \u00eatre l&#8217;affaire de tous. Distribuer les r\u00f4les de gestion aux membres de l&#8217;\u00e9quipe. Manager pour rendre possible l&#8217;auto-gestion.<\/p>\n\n<\/div><\/div>\n\n\n\n<div class=\"wp-block-pb-accordion-item c-accordion__item js-accordion-item no-js\"><h3 id=\"at-3116\" class=\"c-accordion__title js-accordion-controller\" role=\"button\">Transparence<\/h3><div id=\"ac-3116\" class=\"c-accordion__content\">\n\n<p>Rendre la performance visible et transparente \u00e0 l&#8217;ensemble de l&#8217;\u00e9quipe. Donner acc\u00e8s aux informations strat\u00e9giques de l&#8217;entreprise au plus grand nombre. <\/p>\n\n<\/div><\/div>\n\n\n\n<div class=\"wp-block-pb-accordion-item c-accordion__item js-accordion-item no-js\"><h3 id=\"at-3113\" class=\"c-accordion__title js-accordion-controller\" role=\"button\">Egalit\u00e9<\/h3><div id=\"ac-3113\" class=\"c-accordion__content\">\n\n<p>R\u00e9duire les diff\u00e9rences et tendre vers l&#8217;\u00e9galit\u00e9 de statut entre coll\u00e8gues, tout en reconnaissant pleinement les diff\u00e9rences de r\u00f4les. <\/p>\n\n<\/div><\/div>\n\n\n\n<div class=\"wp-block-pb-accordion-item c-accordion__item js-accordion-item no-js\"><h3 id=\"at-3117\" class=\"c-accordion__title js-accordion-controller\" role=\"button\">Apprentissage continu<\/h3><div id=\"ac-3117\" class=\"c-accordion__content\">\n\n<p>Activer un cycle d&#8217;apprentissage continu sur le m\u00e9tier et sur la collaboration en alternant les temps d&#8217;action, de prise de recul et d&#8217;anticipation.<\/p>\n\n<\/div><\/div>\n\n\n\n<p>La formation vous permettra de ma\u00eetriser chacun de ces principes, qui se traduit en outils et pratiques concrets que vous pourrez mettre en oeuvre dans le quotidien de votre \u00e9quipe.&nbsp;<\/p>\n\n\n\n<h2 class=\"wp-block-heading\"><span id=\"A_qui_s8217adresse_la_formation\">A qui s&#8217;adresse la formation<\/span><\/h2>\n\n\n\n<p>Cette formation s&#8217;adresse aux :<\/p>\n\n\n\n<ul class=\"wp-block-list\">\n<li>Managers et leaders cherchant \u00e0 d\u00e9velopper l&#8217;autonomie de leurs \u00e9quipes<\/li>\n\n\n\n<li>Directeurs en transition vers des modes d&#8217;organisation plus agiles<\/li>\n\n\n\n<li>Responsables d&#8217;\u00e9quipes multidisciplinaires ou transverses<\/li>\n\n\n\n<li>Chefs de projet souhaitant renforcer l&#8217;engagement de leurs \u00e9quipes<\/li>\n\n\n\n<li>Responsables RH accompagnant la transformation manag\u00e9riale<\/li>\n<\/ul>\n\n\n\n<h2 class=\"wp-block-heading\"><span id=\"Ce_que_vous_apprendrez\"><strong>Ce que vous apprendrez<\/strong><\/span><\/h2>\n\n\n\n<ul class=\"wp-block-list\">\n<li>Comprendre en profondeur <strong>les 7 principes fondamentaux<\/strong>&nbsp;du management collaboratif et les diff\u00e9rences essentielles avec le management traditionnel<\/li>\n\n\n\n<li>D\u00e9velopper l&#8217;\u00e9tat d&#8217;esprit n\u00e9cessaire&nbsp;au management collaboratif et <strong>acqu\u00e9rir des&nbsp;outils concrets<\/strong>&nbsp;pour engager vos \u00e9quipes<\/li>\n\n\n\n<li><strong>Clarifier les responsabilit\u00e9s<\/strong>&nbsp;gr\u00e2ce aux techniques de d\u00e9l\u00e9gation et d&#8217;empowerment favorisant l&#8217;autonomie<\/li>\n\n\n\n<li><strong>Exp\u00e9rimenter les outils majeurs<\/strong> du management collaboratif issus de l\u2019holacracie, la sociocracie, l\u2019animation d\u00e9l\u00e9gu\u00e9e, les OKRs, l\u2019analyse strat\u00e9gique des organisation, et le management visuel.&nbsp;<\/li>\n\n\n\n<li>Cr\u00e9er<strong> des cadres s\u00e9curisants<\/strong>&nbsp;permettant l&#8217;auto-organisation et&nbsp;faciliter les prises de d\u00e9cision collectives<\/li>\n\n\n\n<li>Activer<strong> les principes d&#8217;engagement et de motivation<\/strong> intrins\u00e8que&nbsp;pour faire \u00e9merger l&#8217;intelligence collective<\/li>\n\n\n\n<li>Identifier les axes de transformation&nbsp;et \u00e9laborer <strong>un plan d&#8217;action adapt\u00e9<\/strong> pour d\u00e9velopper votre \u00e9quipe<\/li>\n<\/ul>\n\n\n\n<h2 class=\"wp-block-heading\"><span id=\"Structure_de_la_formation\">Structure de la formation<\/span><\/h2>\n\n\n\n<figure class=\"wp-block-image size-large\"><img loading=\"lazy\" decoding=\"async\" width=\"1600\" height=\"602\" src=\"https:\/\/coleaders.com\/beta\/wp-content\/uploads\/2025\/05\/Screenshot-2025-05-01-at-09.40.48-1600x602.png\" alt=\"\" class=\"wp-image-1044\" srcset=\"https:\/\/coleaders.com\/beta\/wp-content\/uploads\/2025\/05\/Screenshot-2025-05-01-at-09.40.48-1600x602.png 1600w, https:\/\/coleaders.com\/beta\/wp-content\/uploads\/2025\/05\/Screenshot-2025-05-01-at-09.40.48-1200x452.png 1200w, https:\/\/coleaders.com\/beta\/wp-content\/uploads\/2025\/05\/Screenshot-2025-05-01-at-09.40.48-768x289.png 768w, https:\/\/coleaders.com\/beta\/wp-content\/uploads\/2025\/05\/Screenshot-2025-05-01-at-09.40.48-1536x578.png 1536w, https:\/\/coleaders.com\/beta\/wp-content\/uploads\/2025\/05\/Screenshot-2025-05-01-at-09.40.48.png 1960w\" sizes=\"auto, (max-width: 1600px) 100vw, 1600px\" \/><\/figure>\n\n\n\n<p>Un parcours sur&nbsp;<strong>3 mois<\/strong>&nbsp;:<\/p>\n\n\n\n<ul class=\"wp-block-list\">\n<li>Une phase de pr\u00e9paration (orientation, lecture, r\u00e9flexion)<\/li>\n\n\n\n<li>Atelier, les Fondamentaux du Management Collaboratif (3 jours)<\/li>\n\n\n\n<li>2 sessions de cod\u00e9veloppement&nbsp;d&#8217;une demi-journ\u00e9e (7h d&#8217;application), r\u00e9parties sur 2 mois<\/li>\n<\/ul>\n\n\n\n<h2 class=\"wp-block-heading\"><span id=\"Style_pedagogique\"><strong>Style p\u00e9dagogique<\/strong><\/span><\/h2>\n\n\n\n<p>Notre style p\u00e9dagogique est fond\u00e9e sur 5 piliers align\u00e9s au management collaboratif :<\/p>\n\n\n\n<ul class=\"wp-block-list\">\n<li><strong>Pratique avant th\u00e9orie<\/strong>&nbsp;&#8211; 80% d&#8217;exercices et 20% de concepts<\/li>\n\n\n\n<li><strong>Apprentissage auto-dirig\u00e9<\/strong>&nbsp;&#8211; Chacun d\u00e9finit ses objectifs et les met en pratique<\/li>\n\n\n\n<li><strong>Coaching entre pairs<\/strong>&nbsp;&#8211; D\u00e9veloppement d&#8217;une communaut\u00e9 apprenante<\/li>\n\n\n\n<li><strong>Feedback continu<\/strong>&nbsp;&#8211; Engagement des parties prenantes dans votre progression<\/li>\n\n\n\n<li><strong>Accompagnement personnalis\u00e9<\/strong>&nbsp;&#8211; Un coach d\u00e9di\u00e9 pour 6 participants<\/li>\n<\/ul>\n\n\n\n<h2 class=\"wp-block-heading\"><span id=\"Benefices_de_la_formation\"><strong>B\u00e9n\u00e9fices de la formation<\/strong><\/span><\/h2>\n\n\n\n<p>Cette formation vous permettra de :<\/p>\n\n\n\n<ul class=\"wp-block-list\">\n<li>Comprendre&nbsp;les fondements th\u00e9oriques et pratiques du management collaboratif et les&nbsp;appliquer&nbsp;\u00e0 votre contexte<\/li>\n\n\n\n<li>D\u00e9velopper une approche syst\u00e9mique&nbsp;de votre organisation et&nbsp;cr\u00e9er les conditions&nbsp;d&#8217;une auto-gestion efficace<\/li>\n\n\n\n<li>Acqu\u00e9rir des outils concrets&nbsp;pour engager vos \u00e9quipes et&nbsp;d\u00e9velopper l&#8217;autonomie&nbsp;de vos collaborateurs<\/li>\n\n\n\n<li>Faciliter la prise de d\u00e9cision partag\u00e9e<\/li>\n\n\n\n<li>Instaurer une culture&nbsp;d&#8217;apprentissage et d&#8217;am\u00e9lioration continue<\/li>\n\n\n\n<li>\u00c9quilibrer&nbsp;structure et flexibilit\u00e9 tout en d\u00e9finissant le plan de d\u00e9veloppement de votre \u00e9quipe et votre management<\/li>\n<\/ul>\n\n\n\n<p>Prenez contact avec nous pour \u00e9changer sur le potentiel du management collaboratif au sein de vos \u00e9quipes.<\/p>\n<div id=\"toc_container\" class=\"no_bullets\"><p class=\"toc_title\">Sommaire<\/p><ul class=\"toc_list\"><li><a href=\"#Le_management_collaboratif_pour_quoi\"><span class=\"toc_number toc_depth_1\">1<\/span> Le management collaboratif: pour quoi?<\/a><\/li><li><a href=\"#Les_7_principes_du_Management_Collaboratif\"><span class=\"toc_number toc_depth_1\">2<\/span> Les 7 principes du Management Collaboratif<\/a><\/li><li><a href=\"#A_qui_s8217adresse_la_formation\"><span class=\"toc_number toc_depth_1\">3<\/span> A qui s&#8217;adresse la formation<\/a><\/li><li><a href=\"#Ce_que_vous_apprendrez\"><span class=\"toc_number toc_depth_1\">4<\/span> Ce que vous apprendrez<\/a><\/li><li><a href=\"#Structure_de_la_formation\"><span class=\"toc_number toc_depth_1\">5<\/span> Structure de la formation<\/a><\/li><li><a href=\"#Style_pedagogique\"><span class=\"toc_number toc_depth_1\">6<\/span> Style p\u00e9dagogique<\/a><\/li><li><a href=\"#Benefices_de_la_formation\"><span class=\"toc_number toc_depth_1\">7<\/span> B\u00e9n\u00e9fices de la formation<\/a><\/li><\/ul><\/div>\n","protected":false},"excerpt":{"rendered":"<p>D\u00e9couvrez les principes essentiels pour cr\u00e9er un environnement o\u00f9 chacun donne le meilleur de soi et prend ses responsabilit\u00e9s avec confiance, un environnement o\u00f9 l\u2019autonomie&#8230;<\/p>\n","protected":false},"author":1,"featured_media":2229,"parent":2395,"menu_order":1,"comment_status":"closed","ping_status":"closed","template":"","meta":{"_acf_changed":false,"footnotes":""},"class_list":["post-2387","page","type-page","status-publish","has-post-thumbnail","hentry"],"acf":[],"yoast_head":"<!-- This site is optimized with the Yoast SEO plugin v26.8 - https:\/\/yoast.com\/product\/yoast-seo-wordpress\/ -->\n<title>Les Fondamentaux du Management Collaboratif - COLEADERS<\/title>\n<meta name=\"robots\" content=\"index, follow, max-snippet:-1, max-image-preview:large, max-video-preview:-1\" \/>\n<link rel=\"canonical\" href=\"https:\/\/coleaders.com\/en\/formations-2\/\" \/>\n<meta property=\"og:locale\" content=\"en_US\" \/>\n<meta property=\"og:type\" content=\"article\" \/>\n<meta property=\"og:title\" content=\"Les Fondamentaux du Management Collaboratif - COLEADERS\" \/>\n<meta property=\"og:description\" content=\"D\u00e9couvrez les principes essentiels pour cr\u00e9er un environnement o\u00f9 chacun donne le meilleur de soi et prend ses responsabilit\u00e9s avec confiance, un environnement o\u00f9 l\u2019autonomie...\" \/>\n<meta property=\"og:url\" content=\"https:\/\/coleaders.com\/en\/formations-2\/\" \/>\n<meta property=\"og:site_name\" content=\"COLEADERS\" \/>\n<meta property=\"og:image\" content=\"https:\/\/coleaders.com\/beta\/wp-content\/uploads\/2025\/05\/Screenshot-2025-05-01-at-11.04.12.png\" \/>\n\t<meta property=\"og:image:width\" content=\"1174\" \/>\n\t<meta property=\"og:image:height\" content=\"1216\" \/>\n\t<meta property=\"og:image:type\" content=\"image\/png\" \/>\n<meta name=\"twitter:card\" content=\"summary_large_image\" \/>\n<meta name=\"twitter:label1\" content=\"Est. reading time\" \/>\n\t<meta name=\"twitter:data1\" content=\"4 minutes\" \/>\n<script type=\"application\/ld+json\" class=\"yoast-schema-graph\">{\"@context\":\"https:\/\/schema.org\",\"@graph\":[{\"@type\":\"WebPage\",\"@id\":\"https:\/\/coleaders.com\/en\/formations-2\/\",\"url\":\"https:\/\/coleaders.com\/en\/formations-2\/\",\"name\":\"Les Fondamentaux du Management Collaboratif - COLEADERS\",\"isPartOf\":{\"@id\":\"https:\/\/coleaders.com\/#website\"},\"primaryImageOfPage\":{\"@id\":\"https:\/\/coleaders.com\/en\/formations-2\/#primaryimage\"},\"image\":{\"@id\":\"https:\/\/coleaders.com\/en\/formations-2\/#primaryimage\"},\"thumbnailUrl\":\"https:\/\/coleaders.com\/beta\/wp-content\/uploads\/2025\/10\/regine-tholen-fKvNHFzXIU0-unsplash-scaled.jpg\",\"datePublished\":\"2024-08-25T11:10:45+00:00\",\"breadcrumb\":{\"@id\":\"https:\/\/coleaders.com\/en\/formations-2\/#breadcrumb\"},\"inLanguage\":\"en-US\",\"potentialAction\":[{\"@type\":\"ReadAction\",\"target\":[\"https:\/\/coleaders.com\/en\/formations-2\/\"]}]},{\"@type\":\"ImageObject\",\"inLanguage\":\"en-US\",\"@id\":\"https:\/\/coleaders.com\/en\/formations-2\/#primaryimage\",\"url\":\"https:\/\/coleaders.com\/beta\/wp-content\/uploads\/2025\/10\/regine-tholen-fKvNHFzXIU0-unsplash-scaled.jpg\",\"contentUrl\":\"https:\/\/coleaders.com\/beta\/wp-content\/uploads\/2025\/10\/regine-tholen-fKvNHFzXIU0-unsplash-scaled.jpg\",\"width\":2560,\"height\":1706},{\"@type\":\"BreadcrumbList\",\"@id\":\"https:\/\/coleaders.com\/en\/formations-2\/#breadcrumb\",\"itemListElement\":[{\"@type\":\"ListItem\",\"position\":1,\"name\":\"Accueil\",\"item\":\"https:\/\/coleaders.com\/en\/\"},{\"@type\":\"ListItem\",\"position\":2,\"name\":\"Les Fondamentaux du Management Collaboratif\"}]},{\"@type\":\"WebSite\",\"@id\":\"https:\/\/coleaders.com\/#website\",\"url\":\"https:\/\/coleaders.com\/\",\"name\":\"COLEADERS\",\"description\":\"Une \u00e9quipe de coachs ex\u00e9cutifs pour accompagner vos dirigeants et vos \u00e9quipes et r\u00e9ussir la dimension humaine des transformations de votre entreprise.\",\"publisher\":{\"@id\":\"https:\/\/coleaders.com\/#organization\"},\"alternateName\":\"COLEADERS\",\"potentialAction\":[{\"@type\":\"SearchAction\",\"target\":{\"@type\":\"EntryPoint\",\"urlTemplate\":\"https:\/\/coleaders.com\/?s={search_term_string}\"},\"query-input\":{\"@type\":\"PropertyValueSpecification\",\"valueRequired\":true,\"valueName\":\"search_term_string\"}}],\"inLanguage\":\"en-US\"},{\"@type\":\"Organization\",\"@id\":\"https:\/\/coleaders.com\/#organization\",\"name\":\"COLEADERS\",\"alternateName\":\"COLEADERS\",\"url\":\"https:\/\/coleaders.com\/\",\"logo\":{\"@type\":\"ImageObject\",\"inLanguage\":\"en-US\",\"@id\":\"https:\/\/coleaders.com\/#\/schema\/logo\/image\/\",\"url\":\"https:\/\/coleaders.com\/beta\/wp-content\/uploads\/2026\/01\/cropped-coleaders-favicon.png\",\"contentUrl\":\"https:\/\/coleaders.com\/beta\/wp-content\/uploads\/2026\/01\/cropped-coleaders-favicon.png\",\"width\":512,\"height\":512,\"caption\":\"COLEADERS\"},\"image\":{\"@id\":\"https:\/\/coleaders.com\/#\/schema\/logo\/image\/\"},\"sameAs\":[\"https:\/\/www.linkedin.com\/in\/christophemikolajczak\/\"]}]}<\/script>\n<!-- \/ Yoast SEO plugin. -->","yoast_head_json":{"title":"Les Fondamentaux du Management Collaboratif - COLEADERS","robots":{"index":"index","follow":"follow","max-snippet":"max-snippet:-1","max-image-preview":"max-image-preview:large","max-video-preview":"max-video-preview:-1"},"canonical":"https:\/\/coleaders.com\/en\/formations-2\/","og_locale":"en_US","og_type":"article","og_title":"Les Fondamentaux du Management Collaboratif - COLEADERS","og_description":"D\u00e9couvrez les principes essentiels pour cr\u00e9er un environnement o\u00f9 chacun donne le meilleur de soi et prend ses responsabilit\u00e9s avec confiance, un environnement o\u00f9 l\u2019autonomie...","og_url":"https:\/\/coleaders.com\/en\/formations-2\/","og_site_name":"COLEADERS","og_image":[{"width":1174,"height":1216,"url":"https:\/\/coleaders.com\/beta\/wp-content\/uploads\/2025\/05\/Screenshot-2025-05-01-at-11.04.12.png","type":"image\/png"}],"twitter_card":"summary_large_image","twitter_misc":{"Est. reading time":"4 minutes"},"schema":{"@context":"https:\/\/schema.org","@graph":[{"@type":"WebPage","@id":"https:\/\/coleaders.com\/en\/formations-2\/","url":"https:\/\/coleaders.com\/en\/formations-2\/","name":"Les Fondamentaux du Management Collaboratif - COLEADERS","isPartOf":{"@id":"https:\/\/coleaders.com\/#website"},"primaryImageOfPage":{"@id":"https:\/\/coleaders.com\/en\/formations-2\/#primaryimage"},"image":{"@id":"https:\/\/coleaders.com\/en\/formations-2\/#primaryimage"},"thumbnailUrl":"https:\/\/coleaders.com\/beta\/wp-content\/uploads\/2025\/10\/regine-tholen-fKvNHFzXIU0-unsplash-scaled.jpg","datePublished":"2024-08-25T11:10:45+00:00","breadcrumb":{"@id":"https:\/\/coleaders.com\/en\/formations-2\/#breadcrumb"},"inLanguage":"en-US","potentialAction":[{"@type":"ReadAction","target":["https:\/\/coleaders.com\/en\/formations-2\/"]}]},{"@type":"ImageObject","inLanguage":"en-US","@id":"https:\/\/coleaders.com\/en\/formations-2\/#primaryimage","url":"https:\/\/coleaders.com\/beta\/wp-content\/uploads\/2025\/10\/regine-tholen-fKvNHFzXIU0-unsplash-scaled.jpg","contentUrl":"https:\/\/coleaders.com\/beta\/wp-content\/uploads\/2025\/10\/regine-tholen-fKvNHFzXIU0-unsplash-scaled.jpg","width":2560,"height":1706},{"@type":"BreadcrumbList","@id":"https:\/\/coleaders.com\/en\/formations-2\/#breadcrumb","itemListElement":[{"@type":"ListItem","position":1,"name":"Accueil","item":"https:\/\/coleaders.com\/en\/"},{"@type":"ListItem","position":2,"name":"Les Fondamentaux du Management Collaboratif"}]},{"@type":"WebSite","@id":"https:\/\/coleaders.com\/#website","url":"https:\/\/coleaders.com\/","name":"COLEADERS","description":"Une \u00e9quipe de coachs ex\u00e9cutifs pour accompagner vos dirigeants et vos \u00e9quipes et r\u00e9ussir la dimension humaine des transformations de votre entreprise.","publisher":{"@id":"https:\/\/coleaders.com\/#organization"},"alternateName":"COLEADERS","potentialAction":[{"@type":"SearchAction","target":{"@type":"EntryPoint","urlTemplate":"https:\/\/coleaders.com\/?s={search_term_string}"},"query-input":{"@type":"PropertyValueSpecification","valueRequired":true,"valueName":"search_term_string"}}],"inLanguage":"en-US"},{"@type":"Organization","@id":"https:\/\/coleaders.com\/#organization","name":"COLEADERS","alternateName":"COLEADERS","url":"https:\/\/coleaders.com\/","logo":{"@type":"ImageObject","inLanguage":"en-US","@id":"https:\/\/coleaders.com\/#\/schema\/logo\/image\/","url":"https:\/\/coleaders.com\/beta\/wp-content\/uploads\/2026\/01\/cropped-coleaders-favicon.png","contentUrl":"https:\/\/coleaders.com\/beta\/wp-content\/uploads\/2026\/01\/cropped-coleaders-favicon.png","width":512,"height":512,"caption":"COLEADERS"},"image":{"@id":"https:\/\/coleaders.com\/#\/schema\/logo\/image\/"},"sameAs":["https:\/\/www.linkedin.com\/in\/christophemikolajczak\/"]}]}},"_links":{"self":[{"href":"https:\/\/coleaders.com\/en\/wp-json\/wp\/v2\/pages\/2387","targetHints":{"allow":["GET"]}}],"collection":[{"href":"https:\/\/coleaders.com\/en\/wp-json\/wp\/v2\/pages"}],"about":[{"href":"https:\/\/coleaders.com\/en\/wp-json\/wp\/v2\/types\/page"}],"author":[{"embeddable":true,"href":"https:\/\/coleaders.com\/en\/wp-json\/wp\/v2\/users\/1"}],"replies":[{"embeddable":true,"href":"https:\/\/coleaders.com\/en\/wp-json\/wp\/v2\/comments?post=2387"}],"version-history":[{"count":0,"href":"https:\/\/coleaders.com\/en\/wp-json\/wp\/v2\/pages\/2387\/revisions"}],"up":[{"embeddable":true,"href":"https:\/\/coleaders.com\/en\/wp-json\/wp\/v2\/pages\/2395"}],"wp:featuredmedia":[{"embeddable":true,"href":"https:\/\/coleaders.com\/en\/wp-json\/wp\/v2\/media\/2229"}],"wp:attachment":[{"href":"https:\/\/coleaders.com\/en\/wp-json\/wp\/v2\/media?parent=2387"}],"curies":[{"name":"wp","href":"https:\/\/api.w.org\/{rel}","templated":true}]}}