{"id":2384,"date":"2024-08-25T13:21:32","date_gmt":"2024-08-25T11:21:32","guid":{"rendered":"https:\/\/coleaders.com\/supervision\/"},"modified":"2024-08-25T13:21:32","modified_gmt":"2024-08-25T11:21:32","slug":"supervision","status":"publish","type":"page","link":"https:\/\/coleaders.com\/en\/offres-coachs\/supervision\/","title":{"rendered":"Supervision de coaching syst\u00e9mique"},"content":{"rendered":"\n<p>Enrichissez votre pratique de coach dans un espace de supervision qui vous permet d&#8217;explorer vos situations de coaching les plus complexes, de d\u00e9velopper votre singularit\u00e9 professionnelle et d&#8217;exercer votre capacit\u00e9 de prise de recul. Notre approche, croisant r\u00e9f\u00e9rentiels syst\u00e9miques et humanistes, vous accompagne dans toutes les dimensions de votre m\u00e9tier, en individuel ou en collectif, pour amplifier l&#8217;impact de vos accompagnements et faire rayonner pleinement votre talent de coach.<\/p>\n\n\n\n<h2 class=\"wp-block-heading\"><span id=\"La_supervision_de_coaching_systemique_pour_quoi\">La supervision de coaching syst\u00e9mique: pour quoi?<\/span><\/h2>\n\n\n\n<p>Les intentions de notre supervision&nbsp;de coaching syst\u00e9mique:<\/p>\n\n\n\n<div class=\"wp-block-pb-accordion-item c-accordion__item js-accordion-item no-js\" data-initially-open=\"false\" data-click-to-close=\"true\" data-auto-close=\"true\" data-scroll=\"false\" data-scroll-offset=\"0\"><h3 id=\"at-3320\" class=\"c-accordion__title js-accordion-controller\" role=\"button\"><strong>Pour travailler en &#8216;laboratoire apprenant&#8217; sur vos situations de coaching.<\/strong><\/h3><div id=\"ac-3320\" class=\"c-accordion__content\">\n<ul class=\"wp-block-list\">\n<li>Analyser les coachings en cours et les situations complexes ou difficiles. <\/li>\n\n\n\n<li>R\u00e9fl\u00e9chir \u00e0 votre r\u00f4le de coach dans la relation d\u2019accompagnement. <\/li>\n\n\n\n<li>Explorer les cinq principaux types d\u2019accompagnement : coaching individuel, coaching de bin\u00f4me, coaching individuel en groupe ou r\u00e9seau apprenant, coaching d\u2019\u00e9quipe, et coaching d\u2019organisation.<\/li>\n\n\n\n<li>Croiser les r\u00e9f\u00e9rentiels des diff\u00e9rents types de coaching pour les enrichir mutuellement.<\/li>\n<\/ul>\n<\/div><\/div>\n\n\n\n<div class=\"wp-block-pb-accordion-item c-accordion__item js-accordion-item no-js\" data-initially-open=\"false\" data-click-to-close=\"true\" data-auto-close=\"true\" data-scroll=\"false\" data-scroll-offset=\"0\"><h3 id=\"at-3321\" class=\"c-accordion__title js-accordion-controller\" role=\"button\"><strong>Pour d\u00e9velopper votre capacit\u00e9 \u00e0 prendre du recul<\/strong>.<\/h3><div id=\"ac-3321\" class=\"c-accordion__content\">\n<ul class=\"wp-block-list\">\n<li>Adopter une perspective m\u00e9ta dans la pratique du coaching. <\/li>\n\n\n\n<li>D\u00e9velopper une compr\u00e9hension globale des processus relationnels. <\/li>\n\n\n\n<li>Reconna\u00eetre nos propres \u201cangles morts\u201d et nos r\u00e9sistances. <\/li>\n\n\n\n<li>Explorer et \u00e9largir nos cadres de r\u00e9f\u00e9rence.<\/li>\n<\/ul>\n<\/div><\/div>\n\n\n\n<div class=\"wp-block-pb-accordion-item c-accordion__item js-accordion-item no-js\" data-initially-open=\"false\" data-click-to-close=\"true\" data-auto-close=\"true\" data-scroll=\"false\" data-scroll-offset=\"0\"><h3 id=\"at-3322\" class=\"c-accordion__title js-accordion-controller\" role=\"button\"><strong>Pour affiner votre singularit\u00e9 et votre identit\u00e9 en tant que coach.<\/strong><\/h3><div id=\"ac-3322\" class=\"c-accordion__content\">\n<ul class=\"wp-block-list\">\n<li>D\u00e9couvrir ses talents et ses axes de d\u00e9veloppement. <\/li>\n\n\n\n<li>Travailler sur son alignement et son unicit\u00e9 en tant que coach. <\/li>\n\n\n\n<li>Continuer \u00e0 d\u00e9velopper son identit\u00e9 et sa posture de coach.<\/li>\n<\/ul>\n<\/div><\/div>\n\n\n\n<div class=\"wp-block-pb-accordion-item c-accordion__item js-accordion-item no-js\" data-initially-open=\"false\" data-click-to-close=\"true\" data-auto-close=\"true\" data-scroll=\"false\" data-scroll-offset=\"0\"><h3 id=\"at-3323\" class=\"c-accordion__title js-accordion-controller\" role=\"button\"><strong>Pour enrichir votre pratique<\/strong>.<\/h3><div id=\"ac-3323\" class=\"c-accordion__content\">\n<ul class=\"wp-block-list\">\n<li>D\u00e9couvrir des approches compl\u00e9mentaires gr\u00e2ce \u00e0 des \u00e9tudes de cas. <\/li>\n\n\n\n<li>Approfondir la ma\u00eetrise des outils et m\u00e9thodes de coaching. <\/li>\n\n\n\n<li>S\u2019enrichir d\u2019approches compl\u00e9mentaires, notamment syst\u00e9miques et humanistes.<\/li>\n<\/ul>\n<\/div><\/div>\n\n\n\n<div class=\"wp-block-pb-accordion-item c-accordion__item js-accordion-item no-js\" data-initially-open=\"false\" data-click-to-close=\"true\" data-auto-close=\"true\" data-scroll=\"false\" data-scroll-offset=\"0\"><h3 id=\"at-3324\" class=\"c-accordion__title js-accordion-controller\" role=\"button\"><strong>Pour nourrir vos interventions en \u00e9quipe de coachs.&nbsp;<\/strong><\/h3><div id=\"ac-3324\" class=\"c-accordion__content\">\n<p>Lorsque vous accompagnez vos clients en \u00e9quipe de coach, \u00eatre supervis\u00e9s en \u00e9quipe vous permettra de d\u00e9velopper vos relations d\u2019\u00e9quipe et d\u2019en mobiliser la dynamique au service du coaching.<\/p>\n<\/div><\/div>\n\n\n\n<h2 class=\"wp-block-heading\"><span id=\"Nos_referentiels_principaux\">Nos r\u00e9f\u00e9rentiels principaux<\/span><\/h2>\n\n\n\n<p>La supervision pour coach professionnel est fond\u00e9e sur une approche qui croise plusieurs r\u00e9f\u00e9rentiels compl\u00e9mentaires pour d\u00e9ployer une approche originale de l\u2019accompagnement, dont principalement:<\/p>\n\n\n\n<ul class=\"wp-block-list\">\n<li>Le coaching syst\u00e9mique (Int\u00e9gration des courants syst\u00e9miques strat\u00e9gique, orient\u00e9 solution, narratif, familial, ainsi que l&#8217;hypnose ericksonienne)<\/li>\n\n\n\n<li>Le coaching syst\u00e9mique d\u2019\u00e9quipe<\/li>\n\n\n\n<li>Le coaching humaniste (Gestalt) et initiatique<\/li>\n\n\n\n<li>La Transformation Participative<\/li>\n\n\n\n<li>Le leadership de l&#8217;organisation apprenante<\/li>\n\n\n\n<li>La sociologie syst\u00e9mique des organisations (M. Crozier, F. Dupuy, B. Oshry)<\/li>\n\n\n\n<li>Le management collaboratif<\/li>\n\n\n\n<li>Le coaching d\u2019organisation<\/li>\n<\/ul>\n\n\n\n<h2 class=\"wp-block-heading\"><span id=\"Les_3_modalites_de_la_supervision\">Les 3 modalit\u00e9s de la supervision<\/span><\/h2>\n\n\n\n<p>Nous vous proposons trois modalit\u00e9s de supervision &nbsp;:<strong>&nbsp;<\/strong><\/p>\n\n\n\n<div class=\"wp-block-pb-accordion-item c-accordion__item js-accordion-item no-js\" data-initially-open=\"false\" data-click-to-close=\"true\" data-auto-close=\"true\" data-scroll=\"false\" data-scroll-offset=\"0\"><h3 id=\"at-3325\" class=\"c-accordion__title js-accordion-controller\" role=\"button\"><strong>Supervision en individuel<\/strong><\/h3><div id=\"ac-3325\" class=\"c-accordion__content\">\n<p>La supervision en individuel permet un accompagnement personnalis\u00e9, pour travailler tant sur les situations de coaching, que sur le d\u00e9veloppement du coach.&nbsp;<\/p>\n\n\n\n<p>La supervision en individuel peut se faire soit en pr\u00e9sentiel soit en alternance pr\u00e9sentiel\/ distanciel. <\/p>\n\n\n\n<p>Notre approche de la supervision est relationnelle et syst\u00e9mique, pr\u00eatant une attention particuli\u00e8re aux liens multiples du coach\u00e9 avec son environnement, les relations au sein des \u00e9quipes accompagn\u00e9es, les relations du coach avec ses coach\u00e9s.<\/p>\n<\/div><\/div>\n\n\n\n<div class=\"wp-block-pb-accordion-item c-accordion__item js-accordion-item no-js\" data-initially-open=\"false\" data-click-to-close=\"true\" data-auto-close=\"true\" data-scroll=\"false\" data-scroll-offset=\"0\"><h3 id=\"at-3326\" class=\"c-accordion__title js-accordion-controller\" role=\"button\"><strong>Supervision en \u00e9quipe de coachs<\/strong><\/h3><div id=\"ac-3326\" class=\"c-accordion__content\">\n<p>Cette supervision s\u2019adresse aux coachs, consultants et facilitateurs qui font \u00e9quipe pour intervenir ensemble aupr\u00e8s d&#8217;une organisation.&nbsp;Elle a pour intention de:<\/p>\n\n\n\n<ul class=\"wp-block-list\">\n<li><strong>D\u00e9velopper les relations au sein de l&#8217;\u00e9quipe de coaching.<\/strong>&nbsp;Prendre soin de vos relations d&#8217;\u00e9quipe en tant que fondement essentiel de votre travail avec ce client. Identifier et nommer ce qui se vit dans les relations d\u2019\u00e9quipe. Cr\u00e9er un espace o\u00f9 les d\u00e9fis relationnels peuvent \u00eatre discut\u00e9s ouvertement et en toute s\u00e9curit\u00e9, et travaill\u00e9s en \u00e9quipe au service de l\u2019accompagnement.&nbsp;<\/li>\n\n\n\n<li><strong>Relier et int\u00e9grer des interventions multiples.<\/strong>&nbsp;Relier les diff\u00e9rentes interventions de coaching. Identifier les th\u00e8mes transverses qui \u00e9mergent des accompagnements<\/li>\n\n\n\n<li><strong>D\u00e9velopper une perspective d&#8217;\u00e9quipe sur l&#8217;ensemble du coaching.<\/strong>&nbsp;Prendre du recul sur les aspects les plus difficiles ou complexes du coaching. Identifier les processus parall\u00e8les entre les relations d&#8217;\u00e9quipe et les th\u00e8mes de coaching du client. Accro\u00eetre la capacit\u00e9 collective \u00e0 servir les clients communs en s\u2019appuyant sur les relations d&#8217;\u00e9quipe.<\/li>\n<\/ul>\n\n\n\n<p>La supervision en \u00e9quipe de coachs s\u2019organise en trajets sur mesure \u00e0 d\u00e9finir ensemble selon votre contexte et vos enjeux.<\/p>\n<\/div><\/div>\n\n\n\n<div class=\"wp-block-pb-accordion-item c-accordion__item js-accordion-item no-js\" data-initially-open=\"false\" data-click-to-close=\"true\" data-auto-close=\"true\" data-scroll=\"false\" data-scroll-offset=\"0\"><h3 id=\"at-3327\" class=\"c-accordion__title js-accordion-controller\" role=\"button\"><strong>Supervision en groupe<\/strong><\/h3><div id=\"ac-3327\" class=\"c-accordion__content\">\n<p>Nous vous proposons une supervision de coach en groupe de 5 \u00e0 7 coachs, dans un espace de confiance entre pairs. La supervision en groupe mobilise les relations de groupe comme source de d\u00e9veloppement, en miroir des \u00e9quipes et des collectifs que chaque coach a l\u2019occasion d\u2019accompagner.<\/p>\n\n\n\n<p>Le groupe de supervision permet de b\u00e9n\u00e9ficier du soutien et de la confrontation des autres personnes du groupe. Il permet aussi d\u2019apprendre \u00e0 partir des cas et de la pratique des pairs.<\/p>\n\n\n\n<p>Dans notre approche de la supervision, chaque membre du groupe est invit\u00e9 \u00e0 participer \u00e0 la supervision en tant que co-superviseur.&nbsp;<\/p>\n<\/div><\/div>\n\n\n\n<h2 class=\"wp-block-heading\"><span id=\"La_Supervision_du_coaching_interne\">La Supervision du coaching interne<\/span><\/h2>\n\n\n\n<p>Nous vous proposons une supervision de coaching pour appr\u00e9hender la sp\u00e9cificit\u00e9 du coaching interne, dont notamment selon les contextes:<\/p>\n\n\n\n<ul class=\"wp-block-list\">\n<li>L\u2019\u00e9laboration d\u2019un cadre d\u2019accompagnement sp\u00e9cifique au coaching interne<\/li>\n\n\n\n<li>La prise de recul vis-\u00e0-vis des relations avec les parties prenantes internes, et la clarification des enjeux<\/li>\n\n\n\n<li>La clarification du r\u00f4le du coach dans l\u2019accompagnement en interne, notamment vis-\u00e0-vis d\u2019autres r\u00f4les internes<\/li>\n\n\n\n<li>Le d\u00e9veloppement continu de la fonction du coach interne<\/li>\n<\/ul>\n\n\n\n<p>Cette supervision inclut \u00e9galement les fondamentaux d&#8217;un espace de supervision, que les coachs externes et internes ont en commun, dont le travail des cas complexes, le d\u00e9veloppement du coach, le partage entre pairs, et l&#8217;enrichissement des pratiques. <\/p>\n\n\n\n<h2 class=\"wp-block-heading\"><span id=\"Notre_experience_au_service_de_la_supervision\">Notre exp\u00e9rience au service de la supervision<\/span><\/h2>\n\n\n\n<ul class=\"wp-block-list\">\n<li>Plus de 16 ans de pratique en tant que coach professionnel de dirigeants, d\u2019\u00e9quipes et d\u2019organisations<\/li>\n\n\n\n<li>Certifi\u00e9 PCC aupr\u00e8s d\u2019ICF depuis 2011, Senior Practitioner aupr\u00e8s d\u2019EMCC depuis 2025, et ACTP ICF depuis 2025<\/li>\n\n\n\n<li>Superviseur de coaches depuis&nbsp;8 ans, form\u00e9 et certifi\u00e9 aupr\u00e8s de l\u2019Institut de D\u00e9veloppement de la Supervision (IDSUP)<\/li>\n\n\n\n<li>Praticien en coaching humaniste (Gestalt) depuis plus de 12 ans<\/li>\n\n\n\n<li>Praticien en coaching syst\u00e9mique depuis plus de 10 ans, dans une approche plurielle et originale qui int\u00e8gre les courants syst\u00e9miques strat\u00e9giques, orient\u00e9es solution, narrative, familiale, ainsi que l&#8217;hypnose ericksonienne.<\/li>\n\n\n\n<li>Formateur de coachs depuis plus de 10 ans, au coaching syst\u00e9mique et au coaching syst\u00e9mique d\u2019\u00e9quipes au sein de l\u2019institut Renewal Associates<\/li>\n<\/ul>\n<div id=\"toc_container\" class=\"no_bullets\"><p class=\"toc_title\">Sommaire<\/p><ul class=\"toc_list\"><li><a href=\"#La_supervision_de_coaching_systemique_pour_quoi\"><span class=\"toc_number toc_depth_1\">1<\/span> La supervision de coaching syst\u00e9mique: pour quoi?<\/a><\/li><li><a href=\"#Nos_referentiels_principaux\"><span class=\"toc_number toc_depth_1\">2<\/span> Nos r\u00e9f\u00e9rentiels principaux<\/a><\/li><li><a href=\"#Les_3_modalites_de_la_supervision\"><span class=\"toc_number toc_depth_1\">3<\/span> Les 3 modalit\u00e9s de la supervision<\/a><\/li><li><a href=\"#La_Supervision_du_coaching_interne\"><span class=\"toc_number toc_depth_1\">4<\/span> La Supervision du coaching interne<\/a><\/li><li><a href=\"#Notre_experience_au_service_de_la_supervision\"><span class=\"toc_number toc_depth_1\">5<\/span> Notre exp\u00e9rience au service de la supervision<\/a><\/li><\/ul><\/div>\n","protected":false},"excerpt":{"rendered":"<p>Enrichissez votre pratique de coach dans un espace de supervision qui vous permet d&#8217;explorer vos situations de coaching les plus complexes, de d\u00e9velopper votre singularit\u00e9&#8230;<\/p>\n","protected":false},"author":1,"featured_media":2294,"parent":2405,"menu_order":2,"comment_status":"closed","ping_status":"closed","template":"","meta":{"_acf_changed":false,"footnotes":""},"class_list":["post-2384","page","type-page","status-publish","has-post-thumbnail","hentry"],"acf":[],"yoast_head":"<!-- This site is optimized with the Yoast SEO plugin v26.8 - https:\/\/yoast.com\/product\/yoast-seo-wordpress\/ -->\n<title>Supervision de coaching syst\u00e9mique - COLEADERS<\/title>\n<meta name=\"robots\" content=\"index, follow, max-snippet:-1, max-image-preview:large, max-video-preview:-1\" \/>\n<link rel=\"canonical\" href=\"https:\/\/coleaders.com\/en\/supervision\/\" \/>\n<meta property=\"og:locale\" content=\"en_US\" \/>\n<meta property=\"og:type\" content=\"article\" \/>\n<meta property=\"og:title\" content=\"Supervision de coaching syst\u00e9mique - COLEADERS\" \/>\n<meta property=\"og:description\" content=\"Enrichissez votre pratique de coach dans un espace de supervision qui vous permet d&#8217;explorer vos situations de coaching les plus complexes, de d\u00e9velopper votre singularit\u00e9...\" \/>\n<meta property=\"og:url\" content=\"https:\/\/coleaders.com\/en\/supervision\/\" \/>\n<meta property=\"og:site_name\" content=\"COLEADERS\" \/>\n<meta property=\"og:image\" content=\"https:\/\/coleaders.com\/beta\/wp-content\/uploads\/2026\/01\/coleaders-og-white.png\" \/>\n\t<meta property=\"og:image:width\" content=\"1024\" \/>\n\t<meta property=\"og:image:height\" content=\"675\" \/>\n\t<meta property=\"og:image:type\" content=\"image\/png\" \/>\n<meta name=\"twitter:card\" content=\"summary_large_image\" \/>\n<meta name=\"twitter:label1\" content=\"Est. reading time\" \/>\n\t<meta name=\"twitter:data1\" content=\"5 minutes\" \/>\n<script type=\"application\/ld+json\" class=\"yoast-schema-graph\">{\"@context\":\"https:\/\/schema.org\",\"@graph\":[{\"@type\":\"WebPage\",\"@id\":\"https:\/\/coleaders.com\/en\/supervision\/\",\"url\":\"https:\/\/coleaders.com\/en\/supervision\/\",\"name\":\"Supervision de coaching syst\u00e9mique - COLEADERS\",\"isPartOf\":{\"@id\":\"https:\/\/coleaders.com\/#website\"},\"primaryImageOfPage\":{\"@id\":\"https:\/\/coleaders.com\/en\/supervision\/#primaryimage\"},\"image\":{\"@id\":\"https:\/\/coleaders.com\/en\/supervision\/#primaryimage\"},\"thumbnailUrl\":\"https:\/\/coleaders.com\/beta\/wp-content\/uploads\/2025\/10\/saketh-2RiyMTKgXDk-unsplash-scaled.jpg\",\"datePublished\":\"2024-08-25T11:21:32+00:00\",\"breadcrumb\":{\"@id\":\"https:\/\/coleaders.com\/en\/supervision\/#breadcrumb\"},\"inLanguage\":\"en-US\",\"potentialAction\":[{\"@type\":\"ReadAction\",\"target\":[\"https:\/\/coleaders.com\/en\/supervision\/\"]}]},{\"@type\":\"ImageObject\",\"inLanguage\":\"en-US\",\"@id\":\"https:\/\/coleaders.com\/en\/supervision\/#primaryimage\",\"url\":\"https:\/\/coleaders.com\/beta\/wp-content\/uploads\/2025\/10\/saketh-2RiyMTKgXDk-unsplash-scaled.jpg\",\"contentUrl\":\"https:\/\/coleaders.com\/beta\/wp-content\/uploads\/2025\/10\/saketh-2RiyMTKgXDk-unsplash-scaled.jpg\",\"width\":2560,\"height\":1920},{\"@type\":\"BreadcrumbList\",\"@id\":\"https:\/\/coleaders.com\/en\/supervision\/#breadcrumb\",\"itemListElement\":[{\"@type\":\"ListItem\",\"position\":1,\"name\":\"Accueil\",\"item\":\"https:\/\/coleaders.com\/en\/\"},{\"@type\":\"ListItem\",\"position\":2,\"name\":\"Supervision de coaching syst\u00e9mique\"}]},{\"@type\":\"WebSite\",\"@id\":\"https:\/\/coleaders.com\/#website\",\"url\":\"https:\/\/coleaders.com\/\",\"name\":\"COLEADERS\",\"description\":\"Une \u00e9quipe de coachs ex\u00e9cutifs pour accompagner vos dirigeants et vos \u00e9quipes et r\u00e9ussir la dimension humaine des transformations de votre entreprise.\",\"publisher\":{\"@id\":\"https:\/\/coleaders.com\/#organization\"},\"alternateName\":\"COLEADERS\",\"potentialAction\":[{\"@type\":\"SearchAction\",\"target\":{\"@type\":\"EntryPoint\",\"urlTemplate\":\"https:\/\/coleaders.com\/?s={search_term_string}\"},\"query-input\":{\"@type\":\"PropertyValueSpecification\",\"valueRequired\":true,\"valueName\":\"search_term_string\"}}],\"inLanguage\":\"en-US\"},{\"@type\":\"Organization\",\"@id\":\"https:\/\/coleaders.com\/#organization\",\"name\":\"COLEADERS\",\"alternateName\":\"COLEADERS\",\"url\":\"https:\/\/coleaders.com\/\",\"logo\":{\"@type\":\"ImageObject\",\"inLanguage\":\"en-US\",\"@id\":\"https:\/\/coleaders.com\/#\/schema\/logo\/image\/\",\"url\":\"https:\/\/coleaders.com\/beta\/wp-content\/uploads\/2026\/01\/cropped-coleaders-favicon.png\",\"contentUrl\":\"https:\/\/coleaders.com\/beta\/wp-content\/uploads\/2026\/01\/cropped-coleaders-favicon.png\",\"width\":512,\"height\":512,\"caption\":\"COLEADERS\"},\"image\":{\"@id\":\"https:\/\/coleaders.com\/#\/schema\/logo\/image\/\"},\"sameAs\":[\"https:\/\/www.linkedin.com\/in\/christophemikolajczak\/\"]}]}<\/script>\n<!-- \/ Yoast SEO plugin. -->","yoast_head_json":{"title":"Supervision de coaching syst\u00e9mique - COLEADERS","robots":{"index":"index","follow":"follow","max-snippet":"max-snippet:-1","max-image-preview":"max-image-preview:large","max-video-preview":"max-video-preview:-1"},"canonical":"https:\/\/coleaders.com\/en\/supervision\/","og_locale":"en_US","og_type":"article","og_title":"Supervision de coaching syst\u00e9mique - COLEADERS","og_description":"Enrichissez votre pratique de coach dans un espace de supervision qui vous permet d&#8217;explorer vos situations de coaching les plus complexes, de d\u00e9velopper votre singularit\u00e9...","og_url":"https:\/\/coleaders.com\/en\/supervision\/","og_site_name":"COLEADERS","og_image":[{"width":1024,"height":675,"url":"https:\/\/coleaders.com\/beta\/wp-content\/uploads\/2026\/01\/coleaders-og-white.png","type":"image\/png"}],"twitter_card":"summary_large_image","twitter_misc":{"Est. reading time":"5 minutes"},"schema":{"@context":"https:\/\/schema.org","@graph":[{"@type":"WebPage","@id":"https:\/\/coleaders.com\/en\/supervision\/","url":"https:\/\/coleaders.com\/en\/supervision\/","name":"Supervision de coaching syst\u00e9mique - COLEADERS","isPartOf":{"@id":"https:\/\/coleaders.com\/#website"},"primaryImageOfPage":{"@id":"https:\/\/coleaders.com\/en\/supervision\/#primaryimage"},"image":{"@id":"https:\/\/coleaders.com\/en\/supervision\/#primaryimage"},"thumbnailUrl":"https:\/\/coleaders.com\/beta\/wp-content\/uploads\/2025\/10\/saketh-2RiyMTKgXDk-unsplash-scaled.jpg","datePublished":"2024-08-25T11:21:32+00:00","breadcrumb":{"@id":"https:\/\/coleaders.com\/en\/supervision\/#breadcrumb"},"inLanguage":"en-US","potentialAction":[{"@type":"ReadAction","target":["https:\/\/coleaders.com\/en\/supervision\/"]}]},{"@type":"ImageObject","inLanguage":"en-US","@id":"https:\/\/coleaders.com\/en\/supervision\/#primaryimage","url":"https:\/\/coleaders.com\/beta\/wp-content\/uploads\/2025\/10\/saketh-2RiyMTKgXDk-unsplash-scaled.jpg","contentUrl":"https:\/\/coleaders.com\/beta\/wp-content\/uploads\/2025\/10\/saketh-2RiyMTKgXDk-unsplash-scaled.jpg","width":2560,"height":1920},{"@type":"BreadcrumbList","@id":"https:\/\/coleaders.com\/en\/supervision\/#breadcrumb","itemListElement":[{"@type":"ListItem","position":1,"name":"Accueil","item":"https:\/\/coleaders.com\/en\/"},{"@type":"ListItem","position":2,"name":"Supervision de coaching syst\u00e9mique"}]},{"@type":"WebSite","@id":"https:\/\/coleaders.com\/#website","url":"https:\/\/coleaders.com\/","name":"COLEADERS","description":"Une \u00e9quipe de coachs ex\u00e9cutifs pour accompagner vos dirigeants et vos \u00e9quipes et r\u00e9ussir la dimension humaine des transformations de votre entreprise.","publisher":{"@id":"https:\/\/coleaders.com\/#organization"},"alternateName":"COLEADERS","potentialAction":[{"@type":"SearchAction","target":{"@type":"EntryPoint","urlTemplate":"https:\/\/coleaders.com\/?s={search_term_string}"},"query-input":{"@type":"PropertyValueSpecification","valueRequired":true,"valueName":"search_term_string"}}],"inLanguage":"en-US"},{"@type":"Organization","@id":"https:\/\/coleaders.com\/#organization","name":"COLEADERS","alternateName":"COLEADERS","url":"https:\/\/coleaders.com\/","logo":{"@type":"ImageObject","inLanguage":"en-US","@id":"https:\/\/coleaders.com\/#\/schema\/logo\/image\/","url":"https:\/\/coleaders.com\/beta\/wp-content\/uploads\/2026\/01\/cropped-coleaders-favicon.png","contentUrl":"https:\/\/coleaders.com\/beta\/wp-content\/uploads\/2026\/01\/cropped-coleaders-favicon.png","width":512,"height":512,"caption":"COLEADERS"},"image":{"@id":"https:\/\/coleaders.com\/#\/schema\/logo\/image\/"},"sameAs":["https:\/\/www.linkedin.com\/in\/christophemikolajczak\/"]}]}},"_links":{"self":[{"href":"https:\/\/coleaders.com\/en\/wp-json\/wp\/v2\/pages\/2384","targetHints":{"allow":["GET"]}}],"collection":[{"href":"https:\/\/coleaders.com\/en\/wp-json\/wp\/v2\/pages"}],"about":[{"href":"https:\/\/coleaders.com\/en\/wp-json\/wp\/v2\/types\/page"}],"author":[{"embeddable":true,"href":"https:\/\/coleaders.com\/en\/wp-json\/wp\/v2\/users\/1"}],"replies":[{"embeddable":true,"href":"https:\/\/coleaders.com\/en\/wp-json\/wp\/v2\/comments?post=2384"}],"version-history":[{"count":0,"href":"https:\/\/coleaders.com\/en\/wp-json\/wp\/v2\/pages\/2384\/revisions"}],"up":[{"embeddable":true,"href":"https:\/\/coleaders.com\/en\/wp-json\/wp\/v2\/pages\/2405"}],"wp:featuredmedia":[{"embeddable":true,"href":"https:\/\/coleaders.com\/en\/wp-json\/wp\/v2\/media\/2294"}],"wp:attachment":[{"href":"https:\/\/coleaders.com\/en\/wp-json\/wp\/v2\/media?parent=2384"}],"curies":[{"name":"wp","href":"https:\/\/api.w.org\/{rel}","templated":true}]}}