{"id":2377,"date":"2025-03-08T11:38:48","date_gmt":"2025-03-08T10:38:48","guid":{"rendered":"https:\/\/coleaders.com\/outils-barrett-de-transformation-culturelle\/"},"modified":"2025-03-08T11:38:48","modified_gmt":"2025-03-08T10:38:48","slug":"outils-barrett-de-transformation-culturelle","status":"publish","type":"page","link":"https:\/\/coleaders.com\/en\/offres-entreprises\/coaching-dorganisation\/outils-barrett-de-transformation-culturelle\/","title":{"rendered":"Les Outils Barrett CTT pour d\u00e9velopper la culture de votre entreprise"},"content":{"rendered":"\n<p>Parce que la culture est l&#8217;ADN vivant de votre organisation, les outils Barrett permettent de la rendre visible, mesurable et mobilisatrice. Ils r\u00e9v\u00e8lent ce qui inspire et relie vos \u00e9quipes, et comment renforcer la coh\u00e9rence entre valeurs, comportements et leadership. Une d\u00e9marche collective et concr\u00e8te pour transformer la culture en moteur d\u2019engagement et de cr\u00e9ation de valeur partag\u00e9e.<\/p>\n\n\n\n<h2 class=\"wp-block-heading\"><span id=\"Vos_enjeux\">Vos enjeux<\/span><\/h2>\n\n\n\n<p>Faire \u00e9voluer la culture de votre entreprise est l\u2019un des leviers les plus puissants pour r\u00e9ussir durablement vos transformations.<br>Que ce soit pour :<\/p>\n\n\n\n<ul class=\"wp-block-list\">\n<li>D\u00e9finir des\u00a0<strong>valeurs d\u2019entreprise incarn\u00e9es<\/strong>\u00a0et align\u00e9es avec votre ADN,<\/li>\n\n\n\n<li><strong>Faire \u00e9voluer la culture manag\u00e9riale<\/strong>\u00a0vers plus de responsabilit\u00e9, de collaboration et d\u2019initiative,<\/li>\n\n\n\n<li><strong>Accompagner une fusion<\/strong>\u00a0en d\u00e9veloppant une culture commune et f\u00e9d\u00e9ratrice,<\/li>\n<\/ul>\n\n\n\n<p>notre d\u00e9marche vous aide \u00e0\u00a0<strong>mesurer, comprendre et transformer<\/strong>\u00a0votre culture pour qu\u2019elle devienne un v\u00e9ritable atout pour votre entreprise.<\/p>\n\n\n\n<h2 class=\"wp-block-heading\"><span id=\"Les_Outils_Barrett_de_Transformation_Culturelle\">Les Outils Barrett de Transformation Culturelle<\/span><\/h2>\n\n\n\n<p>D\u00e9velopp\u00e9s par\u00a0<strong>Richard Barrett <\/strong>depuis plus de 30 ans, les\u00a0<strong>Cultural Transformation Tools (CTT)<\/strong>\u00a0ont \u00e9t\u00e9 test\u00e9s aupr\u00e8s de\u00a0<strong>centaines d\u2019organisations<\/strong>\u00a0dans le monde. Chez COLEADERS, nous utilisons ces outils aupr\u00e8s des entreprises depuis plus de 15 ans. <br>Ils reposent sur une compr\u00e9hension fine des\u00a0<strong>7 besoins humains fondamentaux au travail<\/strong>, allant des besoins de s\u00e9curit\u00e9 et de performance jusqu\u2019\u00e0 l&#8217;alignement personnel et la contribution \u00e0 long terme.<\/p>\n\n\n\n<figure class=\"wp-block-image size-large\"><img loading=\"lazy\" decoding=\"async\" width=\"1600\" height=\"783\" src=\"https:\/\/coleaders.com\/beta\/wp-content\/uploads\/2025\/10\/Screenshot-2025-10-30-at-15.18.03-1600x783.png\" alt=\"\" class=\"wp-image-1542\" srcset=\"https:\/\/coleaders.com\/beta\/wp-content\/uploads\/2025\/10\/Screenshot-2025-10-30-at-15.18.03-1600x783.png 1600w, https:\/\/coleaders.com\/beta\/wp-content\/uploads\/2025\/10\/Screenshot-2025-10-30-at-15.18.03-1200x587.png 1200w, https:\/\/coleaders.com\/beta\/wp-content\/uploads\/2025\/10\/Screenshot-2025-10-30-at-15.18.03-768x376.png 768w, https:\/\/coleaders.com\/beta\/wp-content\/uploads\/2025\/10\/Screenshot-2025-10-30-at-15.18.03-1536x751.png 1536w, https:\/\/coleaders.com\/beta\/wp-content\/uploads\/2025\/10\/Screenshot-2025-10-30-at-15.18.03-2048x1002.png 2048w, https:\/\/coleaders.com\/beta\/wp-content\/uploads\/2025\/10\/Screenshot-2025-10-30-at-15.18.03-1980x969.png 1980w\" sizes=\"auto, (max-width: 1600px) 100vw, 1600px\" \/><\/figure>\n\n\n\n<p>Les CTT permettent <strong>de mesurer et comparer trois dimensions essentielles<\/strong>\u00a0:<\/p>\n\n\n\n<ul class=\"wp-block-list\">\n<li>la\u00a0<strong>culture actuelle<\/strong>, telle qu\u2019elle est v\u00e9cue au quotidien par les \u00e9quipes,<\/li>\n\n\n\n<li>la\u00a0<strong>culture d\u00e9sir\u00e9e<\/strong>, qui exprime le meilleur de l&#8217;ADN et des aspirations collectives,<\/li>\n\n\n\n<li>et les\u00a0<strong>valeurs personnelles<\/strong>\u00a0des collaborateurs, qui r\u00e9v\u00e8lent ce qui compte vraiment pour eux.<\/li>\n<\/ul>\n\n\n<div class=\"wp-block-image\">\n<figure class=\"aligncenter size-full is-resized\"><img loading=\"lazy\" decoding=\"async\" width=\"1410\" height=\"1260\" src=\"https:\/\/coleaders.com\/beta\/wp-content\/uploads\/2025\/10\/Screenshot-2025-10-30-at-15.11.14.png\" alt=\"\" class=\"wp-image-1543\" style=\"width:434px;height:auto\" srcset=\"https:\/\/coleaders.com\/beta\/wp-content\/uploads\/2025\/10\/Screenshot-2025-10-30-at-15.11.14.png 1410w, https:\/\/coleaders.com\/beta\/wp-content\/uploads\/2025\/10\/Screenshot-2025-10-30-at-15.11.14-1200x1072.png 1200w, https:\/\/coleaders.com\/beta\/wp-content\/uploads\/2025\/10\/Screenshot-2025-10-30-at-15.11.14-768x686.png 768w\" sizes=\"auto, (max-width: 1410px) 100vw, 1410px\" \/><\/figure>\n<\/div>\n\n\n<p>Ces outils offrent une lecture claire du&nbsp;<strong>degr\u00e9 d\u2019alignement entre les individus et leur organisation<\/strong>, et permettent d\u2019identifier les leviers concrets pour faire \u00e9voluer la culture.<\/p>\n\n\n\n<p>Selon vos besoins, nous mobilisons une gamme d\u2019outils compl\u00e9mentaires :<\/p>\n\n\n\n<ul class=\"wp-block-list\">\n<li><strong>Culture Values Assessment (CVA)<\/strong>\u00a0: mesure et cartographie des valeurs organisationnelles (questionnaire collectif).<\/li>\n\n\n\n<li><strong>Team Values Assessment (TVA)<\/strong>\u00a0: compr\u00e9hension fine des dynamiques culturelles d\u2019une \u00e9quipe (questionnaire d&#8217;\u00e9quipe).<\/li>\n\n\n\n<li><strong>Leadership Values Assessment (LVA 360\u00b0)<\/strong>\u00a0: d\u00e9veloppement du leadership fond\u00e9 sur les valeurs pour chaque dirigeant individuellement (feedback 360\u00b0).<\/li>\n\n\n\n<li><strong>Individual Values Assessment (IVA)<\/strong>\u00a0: renforcement de la connaissance de soi et de la coh\u00e9rence individuelle au niveau des valeurs (self-assessment).<\/li>\n<\/ul>\n\n\n\n<h2 class=\"wp-block-heading\"><span id=\"Notre_approche\">Notre approche<\/span><\/h2>\n\n\n\n<p>Nous combinons les outils Barrett \u00e0 une approche syst\u00e9mique et participative du changement.<br>Nous aidons votre organisation \u00e0 :<\/p>\n\n\n\n<ul class=\"wp-block-list\">\n<li><strong>Impliquer vos \u00e9quipes<\/strong>\u00a0dans la r\u00e9flexion sur les valeurs et les comportements qui correspondent \u00e0 votre ADN et soutiennent votre vision,<\/li>\n\n\n\n<li><strong>Mesurer le degr\u00e9 d\u2019alignement<\/strong>\u00a0entre valeurs personnelles, culture actuelle et culture d\u00e9sir\u00e9e,<\/li>\n\n\n\n<li><strong>D\u00e9finir la culture souhait\u00e9e,<\/strong> les valeurs d\u00e9j\u00e0 pr\u00e9sentes et les valeurs \u00e0 d\u00e9velopper,<\/li>\n\n\n\n<li><strong>Identifier les freins culturels<\/strong>\u00a0(entropie organisationnelle) et les leviers d\u2019\u00e9volution,<\/li>\n\n\n\n<li><strong>Co-construire un plan d\u2019action culturel<\/strong>\u00a0r\u00e9aliste et engageant, soutenu par vos leaders et vos \u00e9quipes,<\/li>\n\n\n\n<li><strong>Mesurer r\u00e9guli\u00e8rement la progression<\/strong>\u00a0pour piloter la transformation dans la dur\u00e9e.<\/li>\n<\/ul>\n\n\n\n<p>Chaque accompagnement est con\u00e7u comme un&nbsp;<strong>processus vivant et sur mesure<\/strong>, alliant diagnostic, restitution participative et accompagnement du leadership pour ancrer durablement les changements dans les comportements et les pratiques.<\/p>\n\n\n\n<h2 class=\"wp-block-heading\"><span id=\"Les_benefices_de_la_demarche\">Les b\u00e9n\u00e9fices de la d\u00e9marche<\/span><\/h2>\n\n\n\n<p>La mise en oeuvre des outils Barrett de Transformation Culturelle vous permettra de construire:<\/p>\n\n\n\n<ul class=\"wp-block-list\">\n<li>Une\u00a0<strong>vision partag\u00e9e et mesurable<\/strong>\u00a0de la culture et des valeurs de votre organisation.<\/li>\n\n\n\n<li><strong>Un langage commun, clair et explicite pour parler de la culture, des comportements et du leadership.<\/strong><\/li>\n\n\n\n<li>Une\u00a0<strong>implication collective<\/strong>\u00a0dans la transformation culturelle.<\/li>\n\n\n\n<li>Des\u00a0<strong>donn\u00e9es fiables et comparables dans le temps<\/strong>\u00a0pour suivre l\u2019\u00e9volution de la culture.<\/li>\n\n\n\n<li>Un\u00a0<strong>impact visible<\/strong>\u00a0sur l\u2019engagement, la collaboration, la satisfaction client et la performance globale.<\/li>\n<\/ul>\n\n\n\n<p>Les\u00a0<strong>Outils Barrett de Transformation Culturelle<\/strong>\u00a0offrent une mani\u00e8re puissante, concr\u00e8te et \u00e9prouv\u00e9e de\u00a0<strong>mesurer, comprendre et faire \u00e9voluer votre culture d\u2019entreprise<\/strong>. Ils permettent de transformer les valeurs partag\u00e9es en un v\u00e9ritable moteur d\u2019engagement, de cr\u00e9ation de valeur et de sens.<\/p>\n<div id=\"toc_container\" class=\"no_bullets\"><p class=\"toc_title\">Sommaire<\/p><ul class=\"toc_list\"><li><a href=\"#Vos_enjeux\"><span class=\"toc_number toc_depth_1\">1<\/span> Vos enjeux<\/a><\/li><li><a href=\"#Les_Outils_Barrett_de_Transformation_Culturelle\"><span class=\"toc_number toc_depth_1\">2<\/span> Les Outils Barrett de Transformation Culturelle<\/a><\/li><li><a href=\"#Notre_approche\"><span class=\"toc_number toc_depth_1\">3<\/span> Notre approche<\/a><\/li><li><a href=\"#Les_benefices_de_la_demarche\"><span class=\"toc_number toc_depth_1\">4<\/span> Les b\u00e9n\u00e9fices de la d\u00e9marche<\/a><\/li><\/ul><\/div>\n","protected":false},"excerpt":{"rendered":"<p>Parce que la culture est l&#8217;ADN vivant de votre organisation, les outils Barrett permettent de la rendre visible, mesurable et mobilisatrice. Ils r\u00e9v\u00e8lent ce qui&#8230;<\/p>\n","protected":false},"author":2,"featured_media":2279,"parent":2396,"menu_order":3,"comment_status":"closed","ping_status":"closed","template":"","meta":{"_acf_changed":false,"footnotes":""},"class_list":["post-2377","page","type-page","status-publish","has-post-thumbnail","hentry"],"acf":[],"yoast_head":"<!-- This site is optimized with the Yoast SEO plugin v26.8 - https:\/\/yoast.com\/product\/yoast-seo-wordpress\/ -->\n<title>Les Outils Barrett CTT pour d\u00e9velopper la culture de votre entreprise - COLEADERS<\/title>\n<meta name=\"robots\" content=\"index, follow, max-snippet:-1, max-image-preview:large, max-video-preview:-1\" \/>\n<link rel=\"canonical\" href=\"https:\/\/coleaders.com\/en\/outils-barrett-de-transformation-culturelle\/\" \/>\n<meta property=\"og:locale\" content=\"en_US\" \/>\n<meta property=\"og:type\" content=\"article\" \/>\n<meta property=\"og:title\" content=\"Les Outils Barrett CTT pour d\u00e9velopper la culture de votre entreprise - COLEADERS\" \/>\n<meta property=\"og:description\" content=\"Parce que la culture est l&#8217;ADN vivant de votre organisation, les outils Barrett permettent de la rendre visible, mesurable et mobilisatrice. Ils r\u00e9v\u00e8lent ce qui...\" \/>\n<meta property=\"og:url\" content=\"https:\/\/coleaders.com\/en\/outils-barrett-de-transformation-culturelle\/\" \/>\n<meta property=\"og:site_name\" content=\"COLEADERS\" \/>\n<meta property=\"og:image\" content=\"https:\/\/coleaders.com\/beta\/wp-content\/uploads\/2025\/10\/Screenshot-2025-10-30-at-15.18.03.png\" \/>\n\t<meta property=\"og:image:width\" content=\"2322\" \/>\n\t<meta property=\"og:image:height\" content=\"1136\" \/>\n\t<meta property=\"og:image:type\" content=\"image\/png\" \/>\n<meta name=\"twitter:card\" content=\"summary_large_image\" \/>\n<meta name=\"twitter:label1\" content=\"Est. reading time\" \/>\n\t<meta name=\"twitter:data1\" content=\"3 minutes\" \/>\n<script type=\"application\/ld+json\" class=\"yoast-schema-graph\">{\"@context\":\"https:\/\/schema.org\",\"@graph\":[{\"@type\":\"WebPage\",\"@id\":\"https:\/\/coleaders.com\/en\/outils-barrett-de-transformation-culturelle\/\",\"url\":\"https:\/\/coleaders.com\/en\/outils-barrett-de-transformation-culturelle\/\",\"name\":\"Les Outils Barrett CTT pour d\u00e9velopper la culture de votre entreprise - COLEADERS\",\"isPartOf\":{\"@id\":\"https:\/\/coleaders.com\/#website\"},\"primaryImageOfPage\":{\"@id\":\"https:\/\/coleaders.com\/en\/outils-barrett-de-transformation-culturelle\/#primaryimage\"},\"image\":{\"@id\":\"https:\/\/coleaders.com\/en\/outils-barrett-de-transformation-culturelle\/#primaryimage\"},\"thumbnailUrl\":\"https:\/\/coleaders.com\/beta\/wp-content\/uploads\/2025\/10\/paul-skorupskas-7KLa-xLbSXA-unsplash-1-scaled.jpg\",\"datePublished\":\"2025-03-08T10:38:48+00:00\",\"breadcrumb\":{\"@id\":\"https:\/\/coleaders.com\/en\/outils-barrett-de-transformation-culturelle\/#breadcrumb\"},\"inLanguage\":\"en-US\",\"potentialAction\":[{\"@type\":\"ReadAction\",\"target\":[\"https:\/\/coleaders.com\/en\/outils-barrett-de-transformation-culturelle\/\"]}]},{\"@type\":\"ImageObject\",\"inLanguage\":\"en-US\",\"@id\":\"https:\/\/coleaders.com\/en\/outils-barrett-de-transformation-culturelle\/#primaryimage\",\"url\":\"https:\/\/coleaders.com\/beta\/wp-content\/uploads\/2025\/10\/paul-skorupskas-7KLa-xLbSXA-unsplash-1-scaled.jpg\",\"contentUrl\":\"https:\/\/coleaders.com\/beta\/wp-content\/uploads\/2025\/10\/paul-skorupskas-7KLa-xLbSXA-unsplash-1-scaled.jpg\",\"width\":2560,\"height\":1707},{\"@type\":\"BreadcrumbList\",\"@id\":\"https:\/\/coleaders.com\/en\/outils-barrett-de-transformation-culturelle\/#breadcrumb\",\"itemListElement\":[{\"@type\":\"ListItem\",\"position\":1,\"name\":\"Accueil\",\"item\":\"https:\/\/coleaders.com\/en\/\"},{\"@type\":\"ListItem\",\"position\":2,\"name\":\"Les Outils Barrett CTT pour d\u00e9velopper la culture de votre entreprise\"}]},{\"@type\":\"WebSite\",\"@id\":\"https:\/\/coleaders.com\/#website\",\"url\":\"https:\/\/coleaders.com\/\",\"name\":\"COLEADERS\",\"description\":\"Une \u00e9quipe de coachs ex\u00e9cutifs pour accompagner vos dirigeants et vos \u00e9quipes et r\u00e9ussir la dimension humaine des transformations de votre entreprise.\",\"publisher\":{\"@id\":\"https:\/\/coleaders.com\/#organization\"},\"alternateName\":\"COLEADERS\",\"potentialAction\":[{\"@type\":\"SearchAction\",\"target\":{\"@type\":\"EntryPoint\",\"urlTemplate\":\"https:\/\/coleaders.com\/?s={search_term_string}\"},\"query-input\":{\"@type\":\"PropertyValueSpecification\",\"valueRequired\":true,\"valueName\":\"search_term_string\"}}],\"inLanguage\":\"en-US\"},{\"@type\":\"Organization\",\"@id\":\"https:\/\/coleaders.com\/#organization\",\"name\":\"COLEADERS\",\"alternateName\":\"COLEADERS\",\"url\":\"https:\/\/coleaders.com\/\",\"logo\":{\"@type\":\"ImageObject\",\"inLanguage\":\"en-US\",\"@id\":\"https:\/\/coleaders.com\/#\/schema\/logo\/image\/\",\"url\":\"https:\/\/coleaders.com\/beta\/wp-content\/uploads\/2026\/01\/cropped-coleaders-favicon.png\",\"contentUrl\":\"https:\/\/coleaders.com\/beta\/wp-content\/uploads\/2026\/01\/cropped-coleaders-favicon.png\",\"width\":512,\"height\":512,\"caption\":\"COLEADERS\"},\"image\":{\"@id\":\"https:\/\/coleaders.com\/#\/schema\/logo\/image\/\"},\"sameAs\":[\"https:\/\/www.linkedin.com\/in\/christophemikolajczak\/\"]}]}<\/script>\n<!-- \/ Yoast SEO plugin. -->","yoast_head_json":{"title":"Les Outils Barrett CTT pour d\u00e9velopper la culture de votre entreprise - COLEADERS","robots":{"index":"index","follow":"follow","max-snippet":"max-snippet:-1","max-image-preview":"max-image-preview:large","max-video-preview":"max-video-preview:-1"},"canonical":"https:\/\/coleaders.com\/en\/outils-barrett-de-transformation-culturelle\/","og_locale":"en_US","og_type":"article","og_title":"Les Outils Barrett CTT pour d\u00e9velopper la culture de votre entreprise - COLEADERS","og_description":"Parce que la culture est l&#8217;ADN vivant de votre organisation, les outils Barrett permettent de la rendre visible, mesurable et mobilisatrice. Ils r\u00e9v\u00e8lent ce qui...","og_url":"https:\/\/coleaders.com\/en\/outils-barrett-de-transformation-culturelle\/","og_site_name":"COLEADERS","og_image":[{"width":2322,"height":1136,"url":"https:\/\/coleaders.com\/beta\/wp-content\/uploads\/2025\/10\/Screenshot-2025-10-30-at-15.18.03.png","type":"image\/png"}],"twitter_card":"summary_large_image","twitter_misc":{"Est. reading time":"3 minutes"},"schema":{"@context":"https:\/\/schema.org","@graph":[{"@type":"WebPage","@id":"https:\/\/coleaders.com\/en\/outils-barrett-de-transformation-culturelle\/","url":"https:\/\/coleaders.com\/en\/outils-barrett-de-transformation-culturelle\/","name":"Les Outils Barrett CTT pour d\u00e9velopper la culture de votre entreprise - COLEADERS","isPartOf":{"@id":"https:\/\/coleaders.com\/#website"},"primaryImageOfPage":{"@id":"https:\/\/coleaders.com\/en\/outils-barrett-de-transformation-culturelle\/#primaryimage"},"image":{"@id":"https:\/\/coleaders.com\/en\/outils-barrett-de-transformation-culturelle\/#primaryimage"},"thumbnailUrl":"https:\/\/coleaders.com\/beta\/wp-content\/uploads\/2025\/10\/paul-skorupskas-7KLa-xLbSXA-unsplash-1-scaled.jpg","datePublished":"2025-03-08T10:38:48+00:00","breadcrumb":{"@id":"https:\/\/coleaders.com\/en\/outils-barrett-de-transformation-culturelle\/#breadcrumb"},"inLanguage":"en-US","potentialAction":[{"@type":"ReadAction","target":["https:\/\/coleaders.com\/en\/outils-barrett-de-transformation-culturelle\/"]}]},{"@type":"ImageObject","inLanguage":"en-US","@id":"https:\/\/coleaders.com\/en\/outils-barrett-de-transformation-culturelle\/#primaryimage","url":"https:\/\/coleaders.com\/beta\/wp-content\/uploads\/2025\/10\/paul-skorupskas-7KLa-xLbSXA-unsplash-1-scaled.jpg","contentUrl":"https:\/\/coleaders.com\/beta\/wp-content\/uploads\/2025\/10\/paul-skorupskas-7KLa-xLbSXA-unsplash-1-scaled.jpg","width":2560,"height":1707},{"@type":"BreadcrumbList","@id":"https:\/\/coleaders.com\/en\/outils-barrett-de-transformation-culturelle\/#breadcrumb","itemListElement":[{"@type":"ListItem","position":1,"name":"Accueil","item":"https:\/\/coleaders.com\/en\/"},{"@type":"ListItem","position":2,"name":"Les Outils Barrett CTT pour d\u00e9velopper la culture de votre entreprise"}]},{"@type":"WebSite","@id":"https:\/\/coleaders.com\/#website","url":"https:\/\/coleaders.com\/","name":"COLEADERS","description":"Une \u00e9quipe de coachs ex\u00e9cutifs pour accompagner vos dirigeants et vos \u00e9quipes et r\u00e9ussir la dimension humaine des transformations de votre entreprise.","publisher":{"@id":"https:\/\/coleaders.com\/#organization"},"alternateName":"COLEADERS","potentialAction":[{"@type":"SearchAction","target":{"@type":"EntryPoint","urlTemplate":"https:\/\/coleaders.com\/?s={search_term_string}"},"query-input":{"@type":"PropertyValueSpecification","valueRequired":true,"valueName":"search_term_string"}}],"inLanguage":"en-US"},{"@type":"Organization","@id":"https:\/\/coleaders.com\/#organization","name":"COLEADERS","alternateName":"COLEADERS","url":"https:\/\/coleaders.com\/","logo":{"@type":"ImageObject","inLanguage":"en-US","@id":"https:\/\/coleaders.com\/#\/schema\/logo\/image\/","url":"https:\/\/coleaders.com\/beta\/wp-content\/uploads\/2026\/01\/cropped-coleaders-favicon.png","contentUrl":"https:\/\/coleaders.com\/beta\/wp-content\/uploads\/2026\/01\/cropped-coleaders-favicon.png","width":512,"height":512,"caption":"COLEADERS"},"image":{"@id":"https:\/\/coleaders.com\/#\/schema\/logo\/image\/"},"sameAs":["https:\/\/www.linkedin.com\/in\/christophemikolajczak\/"]}]}},"_links":{"self":[{"href":"https:\/\/coleaders.com\/en\/wp-json\/wp\/v2\/pages\/2377","targetHints":{"allow":["GET"]}}],"collection":[{"href":"https:\/\/coleaders.com\/en\/wp-json\/wp\/v2\/pages"}],"about":[{"href":"https:\/\/coleaders.com\/en\/wp-json\/wp\/v2\/types\/page"}],"author":[{"embeddable":true,"href":"https:\/\/coleaders.com\/en\/wp-json\/wp\/v2\/users\/2"}],"replies":[{"embeddable":true,"href":"https:\/\/coleaders.com\/en\/wp-json\/wp\/v2\/comments?post=2377"}],"version-history":[{"count":0,"href":"https:\/\/coleaders.com\/en\/wp-json\/wp\/v2\/pages\/2377\/revisions"}],"up":[{"embeddable":true,"href":"https:\/\/coleaders.com\/en\/wp-json\/wp\/v2\/pages\/2396"}],"wp:featuredmedia":[{"embeddable":true,"href":"https:\/\/coleaders.com\/en\/wp-json\/wp\/v2\/media\/2279"}],"wp:attachment":[{"href":"https:\/\/coleaders.com\/en\/wp-json\/wp\/v2\/media?parent=2377"}],"curies":[{"name":"wp","href":"https:\/\/api.w.org\/{rel}","templated":true}]}}