{"id":2375,"date":"2025-04-17T15:32:05","date_gmt":"2025-04-17T13:32:05","guid":{"rendered":"https:\/\/coleaders.com\/les-fondamentaux-du-coaching-systemique-dequipe\/"},"modified":"2025-04-17T15:32:05","modified_gmt":"2025-04-17T13:32:05","slug":"les-fondamentaux-du-coaching-systemique-dequipe","status":"publish","type":"page","link":"https:\/\/coleaders.com\/en\/offres-coachs\/formations\/les-fondamentaux-du-coaching-systemique-dequipe\/","title":{"rendered":"Les Fondamentaux du Coaching Syst\u00e9mique d&#8217;Equipe"},"content":{"rendered":"\n<p>Ma\u00eetrisez les fondamentaux du coaching syst\u00e9mique d&#8217;\u00e9quipe et d\u00e9veloppez votre capacit\u00e9 \u00e0 accompagner avec impact les \u00e9quipes dirigeantes en organisation. \u00c0 travers un parcours immersif alliant boussoles, mise en pratique et supervision entre pairs, vous acquerrez les comp\u00e9tences cl\u00e9s pour transformer les dynamiques d&#8217;\u00e9quipe et amplifier leur synergie collective.&nbsp;<\/p>\n\n\n\n<h2 class=\"wp-block-heading\"><span id=\"Le_coaching_d8217equipe_systemique\">Le coaching d&#8217;\u00e9quipe syst\u00e9mique<\/span><\/h2>\n\n\n\n<p>Une approche pionni\u00e8re d&#8217;accompagnement des \u00e9quipes, d\u00e9velopp\u00e9e \u00e0 l&#8217;origine par Peter Hawkins, que nous avons fait \u00e9voluer \u00e0 la lumi\u00e8re de notre exp\u00e9rience. Cette approche offre une vision globale du coaching d&#8217;\u00e9quipe qui relie les 5 comp\u00e9tences collectives essentielles pour devenir une \u00e9quipe dirigeante \u00e0 forte cr\u00e9ation de valeur collective:<\/p>\n\n\n\n<div class=\"wp-block-media-text is-stacked-on-mobile\"><figure class=\"wp-block-media-text__media\"><img loading=\"lazy\" decoding=\"async\" width=\"1600\" height=\"1221\" src=\"https:\/\/coleaders.com\/beta\/wp-content\/uploads\/2025\/04\/Screenshot-2025-04-18-at-15.21.51-1600x1221.png\" alt=\"\" class=\"wp-image-894 size-full\" srcset=\"https:\/\/coleaders.com\/beta\/wp-content\/uploads\/2025\/04\/Screenshot-2025-04-18-at-15.21.51-1600x1221.png 1600w, https:\/\/coleaders.com\/beta\/wp-content\/uploads\/2025\/04\/Screenshot-2025-04-18-at-15.21.51-1200x916.png 1200w, https:\/\/coleaders.com\/beta\/wp-content\/uploads\/2025\/04\/Screenshot-2025-04-18-at-15.21.51-768x586.png 768w, https:\/\/coleaders.com\/beta\/wp-content\/uploads\/2025\/04\/Screenshot-2025-04-18-at-15.21.51-1536x1172.png 1536w, https:\/\/coleaders.com\/beta\/wp-content\/uploads\/2025\/04\/Screenshot-2025-04-18-at-15.21.51.png 1738w\" sizes=\"auto, (max-width: 1600px) 100vw, 1600px\" \/><\/figure><div class=\"wp-block-media-text__content\">\n<p>Les 5 comp\u00e9tences des \u00e9quipes dirigeantes \u00e0 forte cr\u00e9ation de valeur collective: <\/p>\n\n\n\n<ul class=\"wp-block-list\">\n<li>Stakeholder goals<\/li>\n\n\n\n<li>Team purpose and vision<\/li>\n\n\n\n<li>Team collaboration<\/li>\n\n\n\n<li>Stakeholder collaboration<\/li>\n\n\n\n<li>Team learning<\/li>\n<\/ul>\n<\/div><\/div>\n\n\n\n<p>La formation permet d&#8217;en acqu\u00e9rir les fondamentaux pour pouvoir commencer \u00e0 les mettre en pratique en confiance. <\/p>\n\n\n\n<h2 class=\"wp-block-heading\"><span id=\"A_qui_sadresse_la_formation\">A qui s\u2019adresse la formation<\/span><\/h2>\n\n\n\n<p>Cette formation est pour vous si&#8230;<\/p>\n\n\n\n<ul class=\"wp-block-list\">\n<li>Vous \u00eates dirigeant, responsable RH, consultant, coach, formateur, facilitateur<\/li>\n\n\n\n<li>Vous avez une exp\u00e9rience de l\u2019accompagnement en organisation<\/li>\n\n\n\n<li>Vous n&#8217;avez pas forc\u00e9ment de formation pr\u00e9alable au coaching<\/li>\n\n\n\n<li>Vous souhaitez acqu\u00e9rir les comp\u00e9tences du coaching syst\u00e9mique d\u2019\u00e9quipe<\/li>\n<\/ul>\n\n\n\n<p>La diversit\u00e9 des exp\u00e9riences et des profils des participants fait partie int\u00e9grante de la formation.<\/p>\n\n\n\n<h2 class=\"wp-block-heading\"><span id=\"Les_objectifs_de_la_formation\">Les objectifs de la formation<\/span><\/h2>\n\n\n\n<ul class=\"wp-block-list\">\n<li>Acqu\u00e9rir les&nbsp;<strong>fondamentaux du coaching syst\u00e9mique d\u2019\u00e9quipe<\/strong><\/li>\n\n\n\n<li>D\u00e9velopper le&nbsp;<strong>savoir-faire<\/strong>&nbsp;et le&nbsp;<strong>savoir-\u00eatre&nbsp;<\/strong>du coaching syst\u00e9mique d\u2019\u00e9quipe<\/li>\n\n\n\n<li>Appliquer les fondamentaux du coaching syst\u00e9mique d\u2019\u00e9quipe dans l\u2019accompagnement<strong>&nbsp;des \u00e9quipes dirigeantes<\/strong><\/li>\n\n\n\n<li>Conna\u00eetre les sp\u00e9cificit\u00e9s&nbsp;<strong>des 5 comp\u00e9tences cl\u00e9s<\/strong>&nbsp;des \u00e9quipes dirigeantes \u00e0 forte synergie<\/li>\n\n\n\n<li>Progresser dans son d\u00e9veloppement en tant que coach syst\u00e9mique d\u2019\u00e9quipe<\/li>\n\n\n\n<li><strong>B\u00e9n\u00e9ficier de soutien et d\u2019inspiration r\u00e9ciproques&nbsp;<\/strong>au sein d\u2019un r\u00e9seau de praticiens<\/li>\n<\/ul>\n\n\n\n<h2 class=\"wp-block-heading\"><span id=\"Le_parcours_de_formation\">Le parcours de formation<\/span><\/h2>\n\n\n\n<p>Un parcours de formation en 3 \u00e9tapes&nbsp;:<\/p>\n\n\n\n<figure class=\"wp-block-image size-large\"><img loading=\"lazy\" decoding=\"async\" width=\"1600\" height=\"443\" src=\"https:\/\/coleaders.com\/beta\/wp-content\/uploads\/2025\/04\/Screenshot-2025-04-18-at-15.37.52-1600x443.png\" alt=\"\" class=\"wp-image-897\" srcset=\"https:\/\/coleaders.com\/beta\/wp-content\/uploads\/2025\/04\/Screenshot-2025-04-18-at-15.37.52-1600x443.png 1600w, https:\/\/coleaders.com\/beta\/wp-content\/uploads\/2025\/04\/Screenshot-2025-04-18-at-15.37.52-1200x332.png 1200w, https:\/\/coleaders.com\/beta\/wp-content\/uploads\/2025\/04\/Screenshot-2025-04-18-at-15.37.52-768x213.png 768w, https:\/\/coleaders.com\/beta\/wp-content\/uploads\/2025\/04\/Screenshot-2025-04-18-at-15.37.52-1536x425.png 1536w, https:\/\/coleaders.com\/beta\/wp-content\/uploads\/2025\/04\/Screenshot-2025-04-18-at-15.37.52-2048x567.png 2048w, https:\/\/coleaders.com\/beta\/wp-content\/uploads\/2025\/04\/Screenshot-2025-04-18-at-15.37.52-1980x548.png 1980w\" sizes=\"auto, (max-width: 1600px) 100vw, 1600px\" \/><\/figure>\n\n\n\n<div class=\"wp-block-pb-accordion-item c-accordion__item js-accordion-item no-js\"><h3 id=\"at-8290\" class=\"c-accordion__title js-accordion-controller\" role=\"button\"><strong>Atelier \u00ab\u00a0Boussoles\u00a0\u00bb\u00a0\u00a0(0,5 jour)<\/strong><\/h3><div id=\"ac-8290\" class=\"c-accordion__content\">\n\n<ul class=\"wp-block-list\">\n\n<li>Former la dynamique de groupe. <\/li>\n\n\n<li>Comprendre les 5 comp\u00e9tences cl\u00e9s des \u00e9quipes dirigeantes \u00e0 forte synergie, et l\u2019approche centr\u00e9e sur les parties prenantes.\u00a0<\/li>\n\n\n<li>D\u00e9couvrir le processus SIDER et les 3 \u00e9tapes majeures du coaching d\u2019\u00e9quipe dirigeante. <\/li>\n\n\n<li>Acqu\u00e9rir les outils pour le travail de r\u00e9flexion pr\u00e9paratoire.\u00a0<\/li>\n\n<\/ul>\n\n<\/div><\/div>\n\n\n\n<div class=\"wp-block-pb-accordion-item c-accordion__item js-accordion-item no-js\"><h3 id=\"at-8292\" class=\"c-accordion__title js-accordion-controller\" role=\"button\"><strong>Atelier Les Fondamentaux du Coaching Syst\u00e9mique d\u2019Equipe (3 jours)<\/strong><\/h3><div id=\"ac-8292\" class=\"c-accordion__content\">\n\n<ul class=\"wp-block-list\">\n\n<li>Acqu\u00e9rir les outils essentiels de diagnostic d\u2019\u00e9quipe. <\/li>\n\n\n<li>S&#8217;entra\u00eener au coaching d\u2019\u00e9quipe en plusieurs \u00e9tapes sur un cas en real play, avec mise en pratique des 5 comp\u00e9tences d\u2019\u00e9quipe et des utils fondamentaux. <\/li>\n\n\n<li>Appliquer les outils de diagnostic sur un cas personnel d&#8217;accompagnement d&#8217;\u00e9quipe.<\/li>\n\n\n<li>Identifier<em> <\/em>et travailler les enjeux personnels de d\u00e9veloppement en tant que coach syst\u00e9mique d&#8217;\u00e9quipe. <\/li>\n\n\n<li>Int\u00e9grer les apprentissages de chaque journ\u00e9e et \u00e9laborer d\u2019une bo\u00eete \u00e0 outil sur mesure.<\/li>\n\n<\/ul>\n\n<\/div><\/div>\n\n\n\n<div class=\"wp-block-pb-accordion-item c-accordion__item js-accordion-item no-js\"><h3 id=\"at-8293\" class=\"c-accordion__title js-accordion-controller\" role=\"button\"><strong>Supervision\u00a0de coaching syst\u00e9mique d\u2019\u00e9quipe (4 x 0,5 jours sur 4 mois)<\/strong><\/h3><div id=\"ac-8293\" class=\"c-accordion__content\">\n\n<ul class=\"wp-block-list\">\n\n<li>Accompagner la mise en pratique du coaching syst\u00e9mique d\u2019\u00e9quipe.<\/li>\n\n\n<li>Mettre au travail les situations complexes de coaching d\u2019\u00e9quipe.<\/li>\n\n\n<li>Appliquer les outils du coaching syst\u00e9mique d\u2019\u00e9quipe aux situations d\u2019accompagnement.<\/li>\n\n\n<li>Mobiliser le groupe de supervision au service de chacun.e de ses membres.\u00a0\u00a0<\/li>\n\n<\/ul>\n\n<\/div><\/div>\n\n\n\n<p>La formation peut se vivre soit en pr\u00e9sentiel soit en format &#8220;hybride&#8221;:<\/p>\n\n\n\n<ul class=\"wp-block-list\">\n<li>L\u2019atelier de 3 jours (Les Fondamentaux) se donne en pr\u00e9sentiel.&nbsp;<\/li>\n\n\n\n<li>L\u2019atelier &#8220;boussoles&#8221; et les quatre sessions de supervision peuvent s\u2019organiser soit en pr\u00e9sentiel soit en distanciel.&nbsp;<\/li>\n<\/ul>\n\n\n\n<h2 class=\"wp-block-heading\"><span id=\"Style_pedagogique\">Style p\u00e9dagogique<\/span><\/h2>\n\n\n\n<p>La formation est exp\u00e9rientielle, bas\u00e9e sur l&#8217;apprentissage par l&#8217;action et en groupe de pairs. Les outils p\u00e9dagogiques principaux incluent:<\/p>\n\n\n\n<ul class=\"wp-block-list\">\n<li>Ateliers exp\u00e9rientiels pour vivre les outils du coaching syst\u00e9mique d\u2019\u00e9quipes, avec observation et feedbacks<\/li>\n\n\n\n<li>Real plays de coaching d\u2019\u00e9quipe \u00e0 partir de cas clients<\/li>\n\n\n\n<li>D\u00e9monstrations de coaching d\u2019\u00e9quipe syst\u00e9mique<\/li>\n\n\n\n<li>Application des outils \u00e0 des \u00e9quipes r\u00e9elles<\/li>\n\n\n\n<li>Partage d\u2019exemples clients<\/li>\n\n\n\n<li>Supervision et covision collaborative<\/li>\n\n\n\n<li>Partage d\u2019outils concrets de coaching d\u2019\u00e9quipe syst\u00e9mique<\/li>\n\n\n\n<li>Supports p\u00e9dagogiques<\/li>\n<\/ul>\n\n\n\n<h2 class=\"wp-block-heading\"><span id=\"Organiser_la_formation_au_sein_de_votre_entreprise\">Organiser la formation au sein de votre entreprise<\/span><\/h2>\n\n\n\n<p>Il est possible d\u2019organiser un parcours sur mesure de formation au coaching syst\u00e9mique d\u2019\u00e9quipes au sein de votre entreprise. C&#8217;est une d\u00e9marche qui peut avoir un impact positif consid\u00e9rable:&nbsp;<\/p>\n\n\n\n<ul class=\"wp-block-list\">\n<li>D\u00e9velopper et diffuser les comp\u00e9tences en interne<\/li>\n\n\n\n<li>Autonomiser l&#8217;entreprise<\/li>\n\n\n\n<li>Accro\u00eetre les capacit\u00e9s de d\u00e9ploiement \u00e0 l&#8217;\u00e9chelle<\/li>\n\n\n\n<li>Renforcer le changement dans la dur\u00e9e<\/li>\n<\/ul>\n\n\n\n<p>Prenez contact avec nous pour \u00e9changer sur le potentiel du coaching syst\u00e9mique d\u2019\u00e9quipes au sein de votre organisation.<\/p>\n<div id=\"toc_container\" class=\"no_bullets\"><p class=\"toc_title\">Sommaire<\/p><ul class=\"toc_list\"><li><a href=\"#Le_coaching_d8217equipe_systemique\"><span class=\"toc_number toc_depth_1\">1<\/span> Le coaching d&#8217;\u00e9quipe syst\u00e9mique<\/a><\/li><li><a href=\"#A_qui_sadresse_la_formation\"><span class=\"toc_number toc_depth_1\">2<\/span> A qui s\u2019adresse la formation<\/a><\/li><li><a href=\"#Les_objectifs_de_la_formation\"><span class=\"toc_number toc_depth_1\">3<\/span> Les objectifs de la formation<\/a><\/li><li><a href=\"#Le_parcours_de_formation\"><span class=\"toc_number toc_depth_1\">4<\/span> Le parcours de formation<\/a><\/li><li><a href=\"#Style_pedagogique\"><span class=\"toc_number toc_depth_1\">5<\/span> Style p\u00e9dagogique<\/a><\/li><li><a href=\"#Organiser_la_formation_au_sein_de_votre_entreprise\"><span class=\"toc_number toc_depth_1\">6<\/span> Organiser la formation au sein de votre entreprise<\/a><\/li><\/ul><\/div>\n","protected":false},"excerpt":{"rendered":"<p>Ma\u00eetrisez les fondamentaux du coaching syst\u00e9mique d&#8217;\u00e9quipe et d\u00e9veloppez votre capacit\u00e9 \u00e0 accompagner avec impact les \u00e9quipes dirigeantes en organisation. \u00c0 travers un parcours immersif&#8230;<\/p>\n","protected":false},"author":2,"featured_media":2282,"parent":2385,"menu_order":2,"comment_status":"closed","ping_status":"closed","template":"","meta":{"_acf_changed":false,"footnotes":""},"class_list":["post-2375","page","type-page","status-publish","has-post-thumbnail","hentry"],"acf":[],"yoast_head":"<!-- This site is optimized with the Yoast SEO plugin v26.8 - https:\/\/yoast.com\/product\/yoast-seo-wordpress\/ -->\n<title>Les Fondamentaux du Coaching Syst\u00e9mique d&#039;Equipe - COLEADERS<\/title>\n<meta name=\"robots\" content=\"index, follow, max-snippet:-1, max-image-preview:large, max-video-preview:-1\" \/>\n<link rel=\"canonical\" href=\"https:\/\/coleaders.com\/en\/les-fondamentaux-du-coaching-systemique-dequipe\/\" \/>\n<meta property=\"og:locale\" content=\"en_US\" \/>\n<meta property=\"og:type\" content=\"article\" \/>\n<meta property=\"og:title\" content=\"Les Fondamentaux du Coaching Syst\u00e9mique d&#039;Equipe - COLEADERS\" \/>\n<meta property=\"og:description\" content=\"Ma\u00eetrisez les fondamentaux du coaching syst\u00e9mique d&#8217;\u00e9quipe et d\u00e9veloppez votre capacit\u00e9 \u00e0 accompagner avec impact les \u00e9quipes dirigeantes en organisation. \u00c0 travers un parcours immersif...\" \/>\n<meta property=\"og:url\" content=\"https:\/\/coleaders.com\/en\/les-fondamentaux-du-coaching-systemique-dequipe\/\" \/>\n<meta property=\"og:site_name\" content=\"COLEADERS\" \/>\n<meta property=\"og:image\" content=\"https:\/\/coleaders.com\/beta\/wp-content\/uploads\/2025\/04\/Screenshot-2025-04-18-at-15.21.51.png\" \/>\n\t<meta property=\"og:image:width\" content=\"1738\" \/>\n\t<meta property=\"og:image:height\" content=\"1326\" \/>\n\t<meta property=\"og:image:type\" content=\"image\/png\" \/>\n<meta name=\"twitter:card\" content=\"summary_large_image\" \/>\n<meta name=\"twitter:label1\" content=\"Est. reading time\" \/>\n\t<meta name=\"twitter:data1\" content=\"4 minutes\" \/>\n<script type=\"application\/ld+json\" class=\"yoast-schema-graph\">{\"@context\":\"https:\/\/schema.org\",\"@graph\":[{\"@type\":\"WebPage\",\"@id\":\"https:\/\/coleaders.com\/en\/les-fondamentaux-du-coaching-systemique-dequipe\/\",\"url\":\"https:\/\/coleaders.com\/en\/les-fondamentaux-du-coaching-systemique-dequipe\/\",\"name\":\"Les Fondamentaux du Coaching Syst\u00e9mique d'Equipe - COLEADERS\",\"isPartOf\":{\"@id\":\"https:\/\/coleaders.com\/#website\"},\"primaryImageOfPage\":{\"@id\":\"https:\/\/coleaders.com\/en\/les-fondamentaux-du-coaching-systemique-dequipe\/#primaryimage\"},\"image\":{\"@id\":\"https:\/\/coleaders.com\/en\/les-fondamentaux-du-coaching-systemique-dequipe\/#primaryimage\"},\"thumbnailUrl\":\"https:\/\/coleaders.com\/beta\/wp-content\/uploads\/2025\/10\/lee-hans-0is0m3PdOMk-unsplash-scaled.jpg\",\"datePublished\":\"2025-04-17T13:32:05+00:00\",\"breadcrumb\":{\"@id\":\"https:\/\/coleaders.com\/en\/les-fondamentaux-du-coaching-systemique-dequipe\/#breadcrumb\"},\"inLanguage\":\"en-US\",\"potentialAction\":[{\"@type\":\"ReadAction\",\"target\":[\"https:\/\/coleaders.com\/en\/les-fondamentaux-du-coaching-systemique-dequipe\/\"]}]},{\"@type\":\"ImageObject\",\"inLanguage\":\"en-US\",\"@id\":\"https:\/\/coleaders.com\/en\/les-fondamentaux-du-coaching-systemique-dequipe\/#primaryimage\",\"url\":\"https:\/\/coleaders.com\/beta\/wp-content\/uploads\/2025\/10\/lee-hans-0is0m3PdOMk-unsplash-scaled.jpg\",\"contentUrl\":\"https:\/\/coleaders.com\/beta\/wp-content\/uploads\/2025\/10\/lee-hans-0is0m3PdOMk-unsplash-scaled.jpg\",\"width\":2560,\"height\":1669},{\"@type\":\"BreadcrumbList\",\"@id\":\"https:\/\/coleaders.com\/en\/les-fondamentaux-du-coaching-systemique-dequipe\/#breadcrumb\",\"itemListElement\":[{\"@type\":\"ListItem\",\"position\":1,\"name\":\"Accueil\",\"item\":\"https:\/\/coleaders.com\/en\/\"},{\"@type\":\"ListItem\",\"position\":2,\"name\":\"Les Fondamentaux du Coaching Syst\u00e9mique d&#8217;Equipe\"}]},{\"@type\":\"WebSite\",\"@id\":\"https:\/\/coleaders.com\/#website\",\"url\":\"https:\/\/coleaders.com\/\",\"name\":\"COLEADERS\",\"description\":\"Une \u00e9quipe de coachs ex\u00e9cutifs pour accompagner vos dirigeants et vos \u00e9quipes et r\u00e9ussir la dimension humaine des transformations de votre entreprise.\",\"publisher\":{\"@id\":\"https:\/\/coleaders.com\/#organization\"},\"alternateName\":\"COLEADERS\",\"potentialAction\":[{\"@type\":\"SearchAction\",\"target\":{\"@type\":\"EntryPoint\",\"urlTemplate\":\"https:\/\/coleaders.com\/?s={search_term_string}\"},\"query-input\":{\"@type\":\"PropertyValueSpecification\",\"valueRequired\":true,\"valueName\":\"search_term_string\"}}],\"inLanguage\":\"en-US\"},{\"@type\":\"Organization\",\"@id\":\"https:\/\/coleaders.com\/#organization\",\"name\":\"COLEADERS\",\"alternateName\":\"COLEADERS\",\"url\":\"https:\/\/coleaders.com\/\",\"logo\":{\"@type\":\"ImageObject\",\"inLanguage\":\"en-US\",\"@id\":\"https:\/\/coleaders.com\/#\/schema\/logo\/image\/\",\"url\":\"https:\/\/coleaders.com\/beta\/wp-content\/uploads\/2026\/01\/cropped-coleaders-favicon.png\",\"contentUrl\":\"https:\/\/coleaders.com\/beta\/wp-content\/uploads\/2026\/01\/cropped-coleaders-favicon.png\",\"width\":512,\"height\":512,\"caption\":\"COLEADERS\"},\"image\":{\"@id\":\"https:\/\/coleaders.com\/#\/schema\/logo\/image\/\"},\"sameAs\":[\"https:\/\/www.linkedin.com\/in\/christophemikolajczak\/\"]}]}<\/script>\n<!-- \/ Yoast SEO plugin. -->","yoast_head_json":{"title":"Les Fondamentaux du Coaching Syst\u00e9mique d'Equipe - COLEADERS","robots":{"index":"index","follow":"follow","max-snippet":"max-snippet:-1","max-image-preview":"max-image-preview:large","max-video-preview":"max-video-preview:-1"},"canonical":"https:\/\/coleaders.com\/en\/les-fondamentaux-du-coaching-systemique-dequipe\/","og_locale":"en_US","og_type":"article","og_title":"Les Fondamentaux du Coaching Syst\u00e9mique d'Equipe - COLEADERS","og_description":"Ma\u00eetrisez les fondamentaux du coaching syst\u00e9mique d&#8217;\u00e9quipe et d\u00e9veloppez votre capacit\u00e9 \u00e0 accompagner avec impact les \u00e9quipes dirigeantes en organisation. \u00c0 travers un parcours immersif...","og_url":"https:\/\/coleaders.com\/en\/les-fondamentaux-du-coaching-systemique-dequipe\/","og_site_name":"COLEADERS","og_image":[{"width":1738,"height":1326,"url":"https:\/\/coleaders.com\/beta\/wp-content\/uploads\/2025\/04\/Screenshot-2025-04-18-at-15.21.51.png","type":"image\/png"}],"twitter_card":"summary_large_image","twitter_misc":{"Est. reading time":"4 minutes"},"schema":{"@context":"https:\/\/schema.org","@graph":[{"@type":"WebPage","@id":"https:\/\/coleaders.com\/en\/les-fondamentaux-du-coaching-systemique-dequipe\/","url":"https:\/\/coleaders.com\/en\/les-fondamentaux-du-coaching-systemique-dequipe\/","name":"Les Fondamentaux du Coaching Syst\u00e9mique d'Equipe - COLEADERS","isPartOf":{"@id":"https:\/\/coleaders.com\/#website"},"primaryImageOfPage":{"@id":"https:\/\/coleaders.com\/en\/les-fondamentaux-du-coaching-systemique-dequipe\/#primaryimage"},"image":{"@id":"https:\/\/coleaders.com\/en\/les-fondamentaux-du-coaching-systemique-dequipe\/#primaryimage"},"thumbnailUrl":"https:\/\/coleaders.com\/beta\/wp-content\/uploads\/2025\/10\/lee-hans-0is0m3PdOMk-unsplash-scaled.jpg","datePublished":"2025-04-17T13:32:05+00:00","breadcrumb":{"@id":"https:\/\/coleaders.com\/en\/les-fondamentaux-du-coaching-systemique-dequipe\/#breadcrumb"},"inLanguage":"en-US","potentialAction":[{"@type":"ReadAction","target":["https:\/\/coleaders.com\/en\/les-fondamentaux-du-coaching-systemique-dequipe\/"]}]},{"@type":"ImageObject","inLanguage":"en-US","@id":"https:\/\/coleaders.com\/en\/les-fondamentaux-du-coaching-systemique-dequipe\/#primaryimage","url":"https:\/\/coleaders.com\/beta\/wp-content\/uploads\/2025\/10\/lee-hans-0is0m3PdOMk-unsplash-scaled.jpg","contentUrl":"https:\/\/coleaders.com\/beta\/wp-content\/uploads\/2025\/10\/lee-hans-0is0m3PdOMk-unsplash-scaled.jpg","width":2560,"height":1669},{"@type":"BreadcrumbList","@id":"https:\/\/coleaders.com\/en\/les-fondamentaux-du-coaching-systemique-dequipe\/#breadcrumb","itemListElement":[{"@type":"ListItem","position":1,"name":"Accueil","item":"https:\/\/coleaders.com\/en\/"},{"@type":"ListItem","position":2,"name":"Les Fondamentaux du Coaching Syst\u00e9mique d&#8217;Equipe"}]},{"@type":"WebSite","@id":"https:\/\/coleaders.com\/#website","url":"https:\/\/coleaders.com\/","name":"COLEADERS","description":"Une \u00e9quipe de coachs ex\u00e9cutifs pour accompagner vos dirigeants et vos \u00e9quipes et r\u00e9ussir la dimension humaine des transformations de votre entreprise.","publisher":{"@id":"https:\/\/coleaders.com\/#organization"},"alternateName":"COLEADERS","potentialAction":[{"@type":"SearchAction","target":{"@type":"EntryPoint","urlTemplate":"https:\/\/coleaders.com\/?s={search_term_string}"},"query-input":{"@type":"PropertyValueSpecification","valueRequired":true,"valueName":"search_term_string"}}],"inLanguage":"en-US"},{"@type":"Organization","@id":"https:\/\/coleaders.com\/#organization","name":"COLEADERS","alternateName":"COLEADERS","url":"https:\/\/coleaders.com\/","logo":{"@type":"ImageObject","inLanguage":"en-US","@id":"https:\/\/coleaders.com\/#\/schema\/logo\/image\/","url":"https:\/\/coleaders.com\/beta\/wp-content\/uploads\/2026\/01\/cropped-coleaders-favicon.png","contentUrl":"https:\/\/coleaders.com\/beta\/wp-content\/uploads\/2026\/01\/cropped-coleaders-favicon.png","width":512,"height":512,"caption":"COLEADERS"},"image":{"@id":"https:\/\/coleaders.com\/#\/schema\/logo\/image\/"},"sameAs":["https:\/\/www.linkedin.com\/in\/christophemikolajczak\/"]}]}},"_links":{"self":[{"href":"https:\/\/coleaders.com\/en\/wp-json\/wp\/v2\/pages\/2375","targetHints":{"allow":["GET"]}}],"collection":[{"href":"https:\/\/coleaders.com\/en\/wp-json\/wp\/v2\/pages"}],"about":[{"href":"https:\/\/coleaders.com\/en\/wp-json\/wp\/v2\/types\/page"}],"author":[{"embeddable":true,"href":"https:\/\/coleaders.com\/en\/wp-json\/wp\/v2\/users\/2"}],"replies":[{"embeddable":true,"href":"https:\/\/coleaders.com\/en\/wp-json\/wp\/v2\/comments?post=2375"}],"version-history":[{"count":0,"href":"https:\/\/coleaders.com\/en\/wp-json\/wp\/v2\/pages\/2375\/revisions"}],"up":[{"embeddable":true,"href":"https:\/\/coleaders.com\/en\/wp-json\/wp\/v2\/pages\/2385"}],"wp:featuredmedia":[{"embeddable":true,"href":"https:\/\/coleaders.com\/en\/wp-json\/wp\/v2\/media\/2282"}],"wp:attachment":[{"href":"https:\/\/coleaders.com\/en\/wp-json\/wp\/v2\/media?parent=2375"}],"curies":[{"name":"wp","href":"https:\/\/api.w.org\/{rel}","templated":true}]}}