{"id":2374,"date":"2025-04-17T15:41:02","date_gmt":"2025-04-17T13:41:02","guid":{"rendered":"https:\/\/coleaders.com\/praticien-en-coaching-systemique-dequipe\/"},"modified":"2025-04-17T15:41:02","modified_gmt":"2025-04-17T13:41:02","slug":"praticien-en-coaching-systemique-dequipe","status":"publish","type":"page","link":"https:\/\/coleaders.com\/en\/offres-coachs\/formations\/praticien-en-coaching-systemique-dequipe\/","title":{"rendered":"Praticien en Coaching Syst\u00e9mique d&#8217;Equipe"},"content":{"rendered":"\n<p>Ma\u00eetrisez la posture et les outils du coaching syst\u00e9mique d&#8217;\u00e9quipes pour accompagner en confiance les \u00e9quipes dirigeantes vers la cr\u00e9ation de valeur partag\u00e9e. D\u00e9veloppez des comp\u00e9tences concr\u00e8tes pour r\u00e9v\u00e9ler le potentiel collectif \u00e0 travers un parcours transformant centr\u00e9 sur la mise en pratique. Apprenez \u00e0 cr\u00e9er des dynamiques collaboratives puissantes qui g\u00e9n\u00e9reront un impact durable sur la coh\u00e9sion et la synergie des \u00e9quipes que vous accompagnerez.<\/p>\n\n\n\n<h2 class=\"wp-block-heading\"><span id=\"A_qui_s8217adresse_la_formation\">A qui s&#8217;adresse la formation<\/span><\/h2>\n\n\n\n<p>Cette formation s\u2019adresse aux consultants, coachs, facilitateurs et professionnels RH qui ont une exp\u00e9rience de l\u2019accompagnement et de la dynamique de groupes en organisation, et souhaitent acqu\u00e9rir les comp\u00e9tences du coaching syst\u00e9mique d\u2019\u00e9quipe.<\/p>\n\n\n\n<p>Il n\u2019est pas exig\u00e9 d\u2019avoir une formation pr\u00e9alable en coaching individuel. Il est recommand\u00e9 d&#8217;avoir suivi le module des fondamentaux du coaching syst\u00e9mique d&#8217;\u00e9quipe avant de suivre cette formation. Nous vous invitons \u00e0 nous contacter pour en discuter. <\/p>\n\n\n\n<h2 class=\"wp-block-heading\"><span id=\"Objectifs_de_la_formation\">Objectifs de la formation<\/span><\/h2>\n\n\n\n<p>L\u00e0 o\u00f9 la formation des fondamentaux permet d&#8217;acqu\u00e9rir les bases essentielles pour faire ses premiers pas, la formation de praticien donne toutes les comp\u00e9tences pour pratiquer le coaching d&#8217;\u00e9quipe syst\u00e9mique avec confiance et impact:<\/p>\n\n\n\n<ul class=\"wp-block-list\">\n<li>Ma\u00eetriser les&nbsp;<strong>outils et le processus<\/strong>&nbsp;du coaching syst\u00e9mique d\u2019\u00e9quipe.<\/li>\n\n\n\n<li>D\u00e9velopper le&nbsp;<strong>savoir-faire<\/strong>&nbsp;et le&nbsp;<strong>savoir-\u00eatre&nbsp;<\/strong>du coaching syst\u00e9mique d\u2019\u00e9quipe.&nbsp;<\/li>\n\n\n\n<li>Etre en mesure&nbsp;<strong>d\u2019accompagner des \u00e9quipes dirigeantes<\/strong>&nbsp;en confiance, sur&nbsp;<strong>chaque phase<\/strong>&nbsp;d\u2019un coaching d\u2019\u00e9quipe.<\/li>\n\n\n\n<li>Etre capable d\u2019accompagner les \u00e9quipes dirigeantes sur&nbsp;<strong>les 5 comp\u00e9tences cl\u00e9s<\/strong>&nbsp;des \u00e9quipes dirigeantes \u00e0 forte synergie.<\/li>\n\n\n\n<li>D\u00e9velopper sa&nbsp;<strong>propre mani\u00e8re d\u2019\u00eatre leader et membre d\u2019\u00e9quipe<\/strong>, et sa capacit\u00e9 \u00e0 intervenir en bin\u00f4me de coaching d\u2019\u00e9quipe.&nbsp;<\/li>\n\n\n\n<li>Pouvoir&nbsp;<strong>introduire le coaching syst\u00e9mique d\u2019\u00e9quipe<\/strong>&nbsp;au sein des organisations.&nbsp;<\/li>\n\n\n\n<li><strong>B\u00e9n\u00e9ficier de soutien et d\u2019inspiration r\u00e9ciproques&nbsp;<\/strong>au sein d\u2019un r\u00e9seau de praticiens.&nbsp;<\/li>\n<\/ul>\n\n\n\n<h2 class=\"wp-block-heading\"><span id=\"Structure_de_la_formation\">Structure de la formation<\/span><\/h2>\n\n\n\n<p>Un parcours de formation avanc\u00e9e pour ma\u00eetriser les comp\u00e9tences du coaching syst\u00e9mique d&#8217;\u00e9quipe en 5 ateliers mensuels de 2 jours suivis de 4 demi-journ\u00e9es de supervision. <\/p>\n\n\n\n<div class=\"wp-block-pb-accordion-item c-accordion__item js-accordion-item no-js\" data-initially-open=\"false\" data-click-to-close=\"true\" data-auto-close=\"true\" data-scroll=\"false\" data-scroll-offset=\"0\"><h3 id=\"at-8330\" class=\"c-accordion__title js-accordion-controller\" role=\"button\"><strong>Atelier 1&nbsp;(2 jours): <\/strong>D\u00e9marrer le coaching d&#8217;\u00e9quipe: d\u00e9couverte collaborative et cadrage<\/h3><div id=\"ac-8330\" class=\"c-accordion__content\">\n<ul class=\"wp-block-list\">\n<li>L\u2019enjeu de la synergie au sein des \u00e9quipes. <\/li>\n\n\n\n<li>Les 5 comp\u00e9tences cl\u00e9s des \u00e9quipes dirigeantes \u00e0 forte synergie. <\/li>\n\n\n\n<li>Le processus SIDER et les 3 \u00e9tapes du coaching d\u2019\u00e9quipe dirigeante. <\/li>\n\n\n\n<li>Mise en situation et mise en pratique sur un cas de coaching d\u2019\u00e9quipe en &#8216;real play&#8217;.&nbsp;<\/li>\n\n\n\n<li>Conna\u00eetre et les modalit\u00e9s et outils du co-diagnostic d\u2019\u00e9quipe et leur pertinence.<\/li>\n\n\n\n<li>Mettre en pratique l\u2019approche de d\u00e9couverte collaborative.<\/li>\n<\/ul>\n<\/div><\/div>\n\n\n\n<div class=\"wp-block-pb-accordion-item c-accordion__item js-accordion-item no-js\" data-initially-open=\"false\" data-click-to-close=\"true\" data-auto-close=\"true\" data-scroll=\"false\" data-scroll-offset=\"0\"><h3 id=\"at-8331\" class=\"c-accordion__title js-accordion-controller\" role=\"button\"><strong>Atelier 2&nbsp;(2 jours): Le contexte et les parties prenantes de l\u2019\u00e9quipe<\/strong><\/h3><div id=\"ac-8331\" class=\"c-accordion__content\">\n<ul class=\"wp-block-list\">\n<li>Comprendre le contexte de l\u2019\u00e9quipe dirigeante \u00e0 travers l\u2019Atelier d\u2019Organisation de Barry Oshry<\/li>\n\n\n\n<li>D\u00e9coder les enjeux syst\u00e9miques du d\u00e9veloppement de l\u2019\u00e9quipe.<\/li>\n\n\n\n<li>Mettre en \u0153uvre le coaching d\u2019\u00e9quipe centr\u00e9 sur les parties prenantes. <\/li>\n\n\n\n<li>Comprendre les enjeux des parties prenantes en profondeur, et les mettre au travail au sein de l\u2019\u00e9quipe dirigeante (conf\u00e9rence des parties prenantes). <\/li>\n\n\n\n<li>Mettre en pratique le partenariat \u00ab&nbsp;triple gagnant&nbsp;\u00bb.&nbsp;<\/li>\n<\/ul>\n<\/div><\/div>\n\n\n\n<div class=\"wp-block-pb-accordion-item c-accordion__item js-accordion-item no-js\" data-initially-open=\"false\" data-click-to-close=\"true\" data-auto-close=\"true\" data-scroll=\"false\" data-scroll-offset=\"0\"><h3 id=\"at-8332\" class=\"c-accordion__title js-accordion-controller\" role=\"button\"><strong>Atelier 3&nbsp;(2 jours): La vision partag\u00e9e et la cocr\u00e9ation en \u00e9quipe<\/strong><\/h3><div id=\"ac-8332\" class=\"c-accordion__content\">\n<ul class=\"wp-block-list\">\n<li>Comment construire une vision et une ambition partag\u00e9es d\u2019\u00e9quipe pour permettre \u00e0 l\u2019\u00e9quipe de travailler \u2018\u00e0 partir du futur\u2019. <\/li>\n\n\n\n<li>Les r\u00f4les du dirigeant, du noyau, et de l\u2019\u00e9quipe dans l\u2019\u00e9laboration de la vision. <\/li>\n\n\n\n<li>Se pr\u00e9parer \u00e0 impliquer les collaborateurs dans la vision partag\u00e9e&nbsp;: les 5 modalit\u00e9s et la m\u00e9thode Inspire.<\/li>\n\n\n\n<li>Mettre en \u0153uvre les processus d\u00e9l\u00e9gu\u00e9s pour d\u00e9velopper la synergie au sein d\u2019une \u00e9quipe dirigeante.<\/li>\n\n\n\n<li>Comprendre et d\u00e9velopper les niveaux de synergie en \u00e9quipe dirigeante.<\/li>\n\n\n\n<li>D\u00e9velopper la posture du facilitateur.<\/li>\n\n\n\n<li>D\u00e9velopper la prise de d\u00e9cision en \u00e9quipe&nbsp;dirigeante: matrice de d\u00e9cisions, et d\u00e9cision par consentement.<\/li>\n\n\n\n<li>Mettre en pratique le cycle apprenant en \u00e9quipe. Coacher l\u2019\u00e9quipe durant ses r\u00e9unions.<\/li>\n<\/ul>\n<\/div><\/div>\n\n\n\n<div class=\"wp-block-pb-accordion-item c-accordion__item js-accordion-item no-js\" data-initially-open=\"false\" data-click-to-close=\"true\" data-auto-close=\"true\" data-scroll=\"false\" data-scroll-offset=\"0\"><h3 id=\"at-8333\" class=\"c-accordion__title js-accordion-controller\" role=\"button\"><strong>Atelier 4&nbsp;(2 jours)&nbsp;: Confiance profonde et apprentissage continu en \u00e9quipe<\/strong><\/h3><div id=\"ac-8333\" class=\"c-accordion__content\">\n<ul class=\"wp-block-list\">\n<li>Mettre en pratique le feedback et le feedforward au sein de l\u2019\u00e9quipe de direction.<\/li>\n\n\n\n<li>Comprendre les besoins et les rigidit\u00e9s relationnelles au sein de l\u2019\u00e9quipe.<\/li>\n\n\n\n<li>Rep\u00e9rer les polarit\u00e9s dans les relations en \u00e9quipe, d\u00e9personnaliser les tensions, et favoriser la synergie.<\/li>\n\n\n\n<li>D\u00e9velopper le savoir \u00eatre pour favoriser la qualit\u00e9 des relations et la synergie en \u00e9quipe.<\/li>\n<\/ul>\n<\/div><\/div>\n\n\n\n<div class=\"wp-block-pb-accordion-item c-accordion__item js-accordion-item no-js\"><h3 id=\"at-8335\" class=\"c-accordion__title js-accordion-controller\" role=\"button\"><strong><strong>Atelier 5 (2 jours)\u00a0: D\u00e9velopper le coaching syst\u00e9mique d\u2019\u00e9quipes en entreprise<\/strong><\/strong><\/h3><div id=\"ac-8335\" class=\"c-accordion__content\">\n\n<ul class=\"wp-block-list\">\n\n<li>Structurer un projet de coaching d&#8217;\u00e9quipe.<\/li>\n\n\n<li>Les typologies majeures d&#8217;\u00e9quipe et sp\u00e9cificit\u00e9s d&#8217;accompagnement.<\/li>\n\n\n<li>Introduire le coaching syst\u00e9mique d\u2019\u00e9quipe au sein des organisations.<\/li>\n\n\n<li>Le coaching d&#8217;\u00e9quipe comme moteur de transformation de l&#8217;organisation. <\/li>\n\n\n<li>D\u00e9velopper une culture du teaming au sein de l&#8217;organisation.<\/li>\n\n<\/ul>\n\n<\/div><\/div>\n\n\n\n<div class=\"wp-block-pb-accordion-item c-accordion__item js-accordion-item no-js\" data-initially-open=\"false\" data-click-to-close=\"true\" data-auto-close=\"true\" data-scroll=\"false\" data-scroll-offset=\"0\"><h3 id=\"at-8334\" class=\"c-accordion__title js-accordion-controller\" role=\"button\"><strong>Supervision&nbsp;de coaching syst\u00e9mique d\u2019\u00e9quipe (4 x 0,5 jours en groupe de 6)<\/strong><\/h3><div id=\"ac-8334\" class=\"c-accordion__content\">\n<ul class=\"wp-block-list\">\n<li>Accompagner la mise en pratique du coaching syst\u00e9mique d\u2019\u00e9quipe. <\/li>\n\n\n\n<li>Mettre au travail les situations complexes de coaching d\u2019\u00e9quipe. <\/li>\n\n\n\n<li>Appliquer les outils du coaching syst\u00e9mique d\u2019\u00e9quipe aux situations d\u2019accompagnement. <\/li>\n\n\n\n<li>Mobiliser le groupe de supervision au service de chacun.e de ses membres.&nbsp;<\/li>\n<\/ul>\n<\/div><\/div>\n\n\n\n<h2 class=\"wp-block-heading\"><span id=\"Les_modalites_pedagogiques\">Les modalit\u00e9s p\u00e9dagogiques<\/span><\/h2>\n\n\n\n<p>Notre p\u00e9dagogie tire son impact d&#8217;une approche exp\u00e9rientielle, fond\u00e9e sur la mise en pratique et l&#8217;apprentissage en groupe de pairs.<\/p>\n\n\n\n<ul class=\"wp-block-list\">\n<li>Ateliers exp\u00e9rientiels pour vivre les outils du coaching syst\u00e9mique d\u2019\u00e9quipes<\/li>\n\n\n\n<li>Ateliers de mise en situation de coaching d\u2019\u00e9quipe, avec observation et feedbacks<\/li>\n\n\n\n<li>Real plays de coaching d\u2019\u00e9quipe \u00e0 partir de cas clients<\/li>\n\n\n\n<li>D\u00e9monstrations de coaching d\u2019\u00e9quipe syst\u00e9mique<\/li>\n\n\n\n<li>Application des outils \u00e0 des \u00e9quipes r\u00e9elles<\/li>\n\n\n\n<li>Partage d\u2019exemples clients<\/li>\n\n\n\n<li>Supervision et covision collaborative<\/li>\n\n\n\n<li>Partage d\u2019outils concrets de coaching d\u2019\u00e9quipe syst\u00e9mique<\/li>\n\n\n\n<li>Supports p\u00e9dagogiques<\/li>\n<\/ul>\n\n\n\n<p>Christophe Mikolajczak sera votre formateur &#8220;fil rouge&#8221;. Il sera rejoint par d&#8217;autres intervenants sur certains modules de la formation.<\/p>\n\n\n\n<h2 class=\"wp-block-heading\"><span id=\"Organiser_la_formation_au_sein_de_votre_entreprise\">Organiser la formation au sein de votre entreprise<\/span><\/h2>\n\n\n\n<p><span style=\"font-family: Aptos, sans-serif; font-size: medium; white-space: normal;\">Il est possible d\u2019organiser un parcours sur mesure de formation au coaching syst\u00e9mique d\u2019\u00e9quipes au sein de votre entreprise.\u00a0C&#8217;est une d\u00e9marche qui peut avoir un impact positif consid\u00e9rable:\u00a0<\/span><\/p>\n\n\n\n<ul class=\"wp-block-list\">\n<li>D\u00e9velopper et diffuser les comp\u00e9tences en interne<\/li>\n\n\n\n<li>Autonomiser l&#8217;entreprise<\/li>\n\n\n\n<li>Accro\u00eetre les capacit\u00e9s de d\u00e9ploiement \u00e0 l&#8217;\u00e9chelle<\/li>\n\n\n\n<li>Renforcer le changement dans la dur\u00e9e<\/li>\n<\/ul>\n\n\n\n<p><span style=\"font-family: Aptos, sans-serif; font-size: medium; white-space: normal;\">Prenez contact avec nous pour \u00e9changer sur le potentiel du coaching syst\u00e9mique d\u2019\u00e9quipes au sein de votre organisation.<\/span><\/p>\n<div id=\"toc_container\" class=\"no_bullets\"><p class=\"toc_title\">Sommaire<\/p><ul class=\"toc_list\"><li><a href=\"#A_qui_s8217adresse_la_formation\"><span class=\"toc_number toc_depth_1\">1<\/span> A qui s&#8217;adresse la formation<\/a><\/li><li><a href=\"#Objectifs_de_la_formation\"><span class=\"toc_number toc_depth_1\">2<\/span> Objectifs de la formation<\/a><\/li><li><a href=\"#Structure_de_la_formation\"><span class=\"toc_number toc_depth_1\">3<\/span> Structure de la formation<\/a><\/li><li><a href=\"#Les_modalites_pedagogiques\"><span class=\"toc_number toc_depth_1\">4<\/span> Les modalit\u00e9s p\u00e9dagogiques<\/a><\/li><li><a href=\"#Organiser_la_formation_au_sein_de_votre_entreprise\"><span class=\"toc_number toc_depth_1\">5<\/span> Organiser la formation au sein de votre entreprise<\/a><\/li><\/ul><\/div>\n","protected":false},"excerpt":{"rendered":"<p>Ma\u00eetrisez la posture et les outils du coaching syst\u00e9mique d&#8217;\u00e9quipes pour accompagner en confiance les \u00e9quipes dirigeantes vers la cr\u00e9ation de valeur partag\u00e9e. D\u00e9veloppez des&#8230;<\/p>\n","protected":false},"author":2,"featured_media":0,"parent":2385,"menu_order":3,"comment_status":"closed","ping_status":"closed","template":"","meta":{"_acf_changed":false,"footnotes":""},"class_list":["post-2374","page","type-page","status-publish","hentry"],"acf":[],"yoast_head":"<!-- This site is optimized with the Yoast SEO plugin v26.8 - https:\/\/yoast.com\/product\/yoast-seo-wordpress\/ -->\n<title>Praticien en Coaching Syst\u00e9mique d&#039;Equipe - COLEADERS<\/title>\n<meta name=\"robots\" content=\"index, follow, max-snippet:-1, max-image-preview:large, max-video-preview:-1\" \/>\n<link rel=\"canonical\" href=\"https:\/\/coleaders.com\/en\/praticien-en-coaching-systemique-dequipe\/\" \/>\n<meta property=\"og:locale\" content=\"en_US\" \/>\n<meta property=\"og:type\" content=\"article\" \/>\n<meta property=\"og:title\" content=\"Praticien en Coaching Syst\u00e9mique d&#039;Equipe - COLEADERS\" \/>\n<meta property=\"og:description\" content=\"Ma\u00eetrisez la posture et les outils du coaching syst\u00e9mique d&#8217;\u00e9quipes pour accompagner en confiance les \u00e9quipes dirigeantes vers la cr\u00e9ation de valeur partag\u00e9e. D\u00e9veloppez des...\" \/>\n<meta property=\"og:url\" content=\"https:\/\/coleaders.com\/en\/praticien-en-coaching-systemique-dequipe\/\" \/>\n<meta property=\"og:site_name\" content=\"COLEADERS\" \/>\n<meta property=\"og:image\" content=\"https:\/\/coleaders.com\/beta\/wp-content\/uploads\/2026\/01\/coleaders-og-white.png\" \/>\n\t<meta property=\"og:image:width\" content=\"1024\" \/>\n\t<meta property=\"og:image:height\" content=\"675\" \/>\n\t<meta property=\"og:image:type\" content=\"image\/png\" \/>\n<meta name=\"twitter:card\" content=\"summary_large_image\" \/>\n<meta name=\"twitter:label1\" content=\"Est. reading time\" \/>\n\t<meta name=\"twitter:data1\" content=\"5 minutes\" \/>\n<script type=\"application\/ld+json\" class=\"yoast-schema-graph\">{\"@context\":\"https:\/\/schema.org\",\"@graph\":[{\"@type\":\"WebPage\",\"@id\":\"https:\/\/coleaders.com\/en\/praticien-en-coaching-systemique-dequipe\/\",\"url\":\"https:\/\/coleaders.com\/en\/praticien-en-coaching-systemique-dequipe\/\",\"name\":\"Praticien en Coaching Syst\u00e9mique d'Equipe - COLEADERS\",\"isPartOf\":{\"@id\":\"https:\/\/coleaders.com\/#website\"},\"datePublished\":\"2025-04-17T13:41:02+00:00\",\"breadcrumb\":{\"@id\":\"https:\/\/coleaders.com\/en\/praticien-en-coaching-systemique-dequipe\/#breadcrumb\"},\"inLanguage\":\"en-US\",\"potentialAction\":[{\"@type\":\"ReadAction\",\"target\":[\"https:\/\/coleaders.com\/en\/praticien-en-coaching-systemique-dequipe\/\"]}]},{\"@type\":\"BreadcrumbList\",\"@id\":\"https:\/\/coleaders.com\/en\/praticien-en-coaching-systemique-dequipe\/#breadcrumb\",\"itemListElement\":[{\"@type\":\"ListItem\",\"position\":1,\"name\":\"Accueil\",\"item\":\"https:\/\/coleaders.com\/en\/\"},{\"@type\":\"ListItem\",\"position\":2,\"name\":\"Praticien en Coaching Syst\u00e9mique d&#8217;Equipe\"}]},{\"@type\":\"WebSite\",\"@id\":\"https:\/\/coleaders.com\/#website\",\"url\":\"https:\/\/coleaders.com\/\",\"name\":\"COLEADERS\",\"description\":\"Une \u00e9quipe de coachs ex\u00e9cutifs pour accompagner vos dirigeants et vos \u00e9quipes et r\u00e9ussir la dimension humaine des transformations de votre entreprise.\",\"publisher\":{\"@id\":\"https:\/\/coleaders.com\/#organization\"},\"alternateName\":\"COLEADERS\",\"potentialAction\":[{\"@type\":\"SearchAction\",\"target\":{\"@type\":\"EntryPoint\",\"urlTemplate\":\"https:\/\/coleaders.com\/?s={search_term_string}\"},\"query-input\":{\"@type\":\"PropertyValueSpecification\",\"valueRequired\":true,\"valueName\":\"search_term_string\"}}],\"inLanguage\":\"en-US\"},{\"@type\":\"Organization\",\"@id\":\"https:\/\/coleaders.com\/#organization\",\"name\":\"COLEADERS\",\"alternateName\":\"COLEADERS\",\"url\":\"https:\/\/coleaders.com\/\",\"logo\":{\"@type\":\"ImageObject\",\"inLanguage\":\"en-US\",\"@id\":\"https:\/\/coleaders.com\/#\/schema\/logo\/image\/\",\"url\":\"https:\/\/coleaders.com\/beta\/wp-content\/uploads\/2026\/01\/cropped-coleaders-favicon.png\",\"contentUrl\":\"https:\/\/coleaders.com\/beta\/wp-content\/uploads\/2026\/01\/cropped-coleaders-favicon.png\",\"width\":512,\"height\":512,\"caption\":\"COLEADERS\"},\"image\":{\"@id\":\"https:\/\/coleaders.com\/#\/schema\/logo\/image\/\"},\"sameAs\":[\"https:\/\/www.linkedin.com\/in\/christophemikolajczak\/\"]}]}<\/script>\n<!-- \/ Yoast SEO plugin. -->","yoast_head_json":{"title":"Praticien en Coaching Syst\u00e9mique d'Equipe - COLEADERS","robots":{"index":"index","follow":"follow","max-snippet":"max-snippet:-1","max-image-preview":"max-image-preview:large","max-video-preview":"max-video-preview:-1"},"canonical":"https:\/\/coleaders.com\/en\/praticien-en-coaching-systemique-dequipe\/","og_locale":"en_US","og_type":"article","og_title":"Praticien en Coaching Syst\u00e9mique d'Equipe - COLEADERS","og_description":"Ma\u00eetrisez la posture et les outils du coaching syst\u00e9mique d&#8217;\u00e9quipes pour accompagner en confiance les \u00e9quipes dirigeantes vers la cr\u00e9ation de valeur partag\u00e9e. D\u00e9veloppez des...","og_url":"https:\/\/coleaders.com\/en\/praticien-en-coaching-systemique-dequipe\/","og_site_name":"COLEADERS","og_image":[{"width":1024,"height":675,"url":"https:\/\/coleaders.com\/beta\/wp-content\/uploads\/2026\/01\/coleaders-og-white.png","type":"image\/png"}],"twitter_card":"summary_large_image","twitter_misc":{"Est. reading time":"5 minutes"},"schema":{"@context":"https:\/\/schema.org","@graph":[{"@type":"WebPage","@id":"https:\/\/coleaders.com\/en\/praticien-en-coaching-systemique-dequipe\/","url":"https:\/\/coleaders.com\/en\/praticien-en-coaching-systemique-dequipe\/","name":"Praticien en Coaching Syst\u00e9mique d'Equipe - COLEADERS","isPartOf":{"@id":"https:\/\/coleaders.com\/#website"},"datePublished":"2025-04-17T13:41:02+00:00","breadcrumb":{"@id":"https:\/\/coleaders.com\/en\/praticien-en-coaching-systemique-dequipe\/#breadcrumb"},"inLanguage":"en-US","potentialAction":[{"@type":"ReadAction","target":["https:\/\/coleaders.com\/en\/praticien-en-coaching-systemique-dequipe\/"]}]},{"@type":"BreadcrumbList","@id":"https:\/\/coleaders.com\/en\/praticien-en-coaching-systemique-dequipe\/#breadcrumb","itemListElement":[{"@type":"ListItem","position":1,"name":"Accueil","item":"https:\/\/coleaders.com\/en\/"},{"@type":"ListItem","position":2,"name":"Praticien en Coaching Syst\u00e9mique d&#8217;Equipe"}]},{"@type":"WebSite","@id":"https:\/\/coleaders.com\/#website","url":"https:\/\/coleaders.com\/","name":"COLEADERS","description":"Une \u00e9quipe de coachs ex\u00e9cutifs pour accompagner vos dirigeants et vos \u00e9quipes et r\u00e9ussir la dimension humaine des transformations de votre entreprise.","publisher":{"@id":"https:\/\/coleaders.com\/#organization"},"alternateName":"COLEADERS","potentialAction":[{"@type":"SearchAction","target":{"@type":"EntryPoint","urlTemplate":"https:\/\/coleaders.com\/?s={search_term_string}"},"query-input":{"@type":"PropertyValueSpecification","valueRequired":true,"valueName":"search_term_string"}}],"inLanguage":"en-US"},{"@type":"Organization","@id":"https:\/\/coleaders.com\/#organization","name":"COLEADERS","alternateName":"COLEADERS","url":"https:\/\/coleaders.com\/","logo":{"@type":"ImageObject","inLanguage":"en-US","@id":"https:\/\/coleaders.com\/#\/schema\/logo\/image\/","url":"https:\/\/coleaders.com\/beta\/wp-content\/uploads\/2026\/01\/cropped-coleaders-favicon.png","contentUrl":"https:\/\/coleaders.com\/beta\/wp-content\/uploads\/2026\/01\/cropped-coleaders-favicon.png","width":512,"height":512,"caption":"COLEADERS"},"image":{"@id":"https:\/\/coleaders.com\/#\/schema\/logo\/image\/"},"sameAs":["https:\/\/www.linkedin.com\/in\/christophemikolajczak\/"]}]}},"_links":{"self":[{"href":"https:\/\/coleaders.com\/en\/wp-json\/wp\/v2\/pages\/2374","targetHints":{"allow":["GET"]}}],"collection":[{"href":"https:\/\/coleaders.com\/en\/wp-json\/wp\/v2\/pages"}],"about":[{"href":"https:\/\/coleaders.com\/en\/wp-json\/wp\/v2\/types\/page"}],"author":[{"embeddable":true,"href":"https:\/\/coleaders.com\/en\/wp-json\/wp\/v2\/users\/2"}],"replies":[{"embeddable":true,"href":"https:\/\/coleaders.com\/en\/wp-json\/wp\/v2\/comments?post=2374"}],"version-history":[{"count":0,"href":"https:\/\/coleaders.com\/en\/wp-json\/wp\/v2\/pages\/2374\/revisions"}],"up":[{"embeddable":true,"href":"https:\/\/coleaders.com\/en\/wp-json\/wp\/v2\/pages\/2385"}],"wp:attachment":[{"href":"https:\/\/coleaders.com\/en\/wp-json\/wp\/v2\/media?parent=2374"}],"curies":[{"name":"wp","href":"https:\/\/api.w.org\/{rel}","templated":true}]}}