{"id":2371,"date":"2025-05-01T15:53:39","date_gmt":"2025-05-01T13:53:39","guid":{"rendered":"https:\/\/coleaders.com\/devenir-manager-coach\/"},"modified":"2025-05-01T15:53:39","modified_gmt":"2025-05-01T13:53:39","slug":"devenir-manager-coach","status":"publish","type":"page","link":"https:\/\/coleaders.com\/en\/offres-entreprises\/developpement-des-coachs-internes\/devenir-manager-coach\/","title":{"rendered":"Devenir Manager Coach"},"content":{"rendered":"\n<p>Devenez un leader qui lib\u00e8re le potentiel de ses collaborateurs. Transformez vos conversations quotidiennes en opportunit\u00e9s de d\u00e9veloppement qui cultivent confiance, autonomie et prise d&#8217;initiative au sein de votre \u00e9quipe.<\/p>\n\n\n\n<h2 class=\"wp-block-heading\"><span id=\"A_qui_s8217adresse_la_formation\">A qui s&#8217;adresse la formation<\/span><\/h2>\n\n\n\n<p>La formation est con\u00e7ue pour:<\/p>\n\n\n\n<ul class=\"wp-block-list\">\n<li>Les managers cherchant \u00e0 d\u00e9velopper la confiance et l&#8217;autonomie de leurs \u00e9quipes<\/li>\n\n\n\n<li>Les leaders souhaitant adopter une posture d&#8217;accompagnement<\/li>\n\n\n\n<li>Les responsables d&#8217;\u00e9quipes voulant favoriser le d\u00e9veloppement de leurs collaborateurs<\/li>\n\n\n\n<li>Les chefs de projet d\u00e9sirant renforcer l&#8217;engagement de leurs \u00e9quipes<\/li>\n\n\n\n<li>Toute personne en position d&#8217;encadrement souhaitant \u00e9voluer vers un management plus collaboratif<\/li>\n<\/ul>\n\n\n\n<h2 class=\"wp-block-heading\"><span id=\"Manager-coach_un_savoir-etre_et_un_savoir-faire\">Manager-coach: un savoir-\u00eatre et un savoir-faire<\/span><\/h2>\n\n\n\n<p>Notre formation vous permet d&#8217;acqu\u00e9rir et mettre en \u0153uvre le savoir-\u00eatre et savoir-faire du manager-coach:<\/p>\n\n\n\n<p><strong>Les 3 attitudes du manager-coach (Savoir-\u00eatre)<\/strong><\/p>\n\n\n\n<ul class=\"wp-block-list\">\n<li><strong>Pr\u00e9sence<\/strong>&nbsp;&#8211; \u00catre pleinement disponible et attentif lors des interactions<\/li>\n\n\n\n<li><strong>Posture basse<\/strong>&nbsp;&#8211; Adopter une position d&#8217;accompagnement plut\u00f4t que de direction<\/li>\n\n\n\n<li><strong>Attitude \u00ab canne \u00e0 p\u00eache \u00bb plut\u00f4t que poisson<\/strong>&nbsp;&#8211; Aider \u00e0 d\u00e9velopper les comp\u00e9tences plut\u00f4t que fournir les solutions<\/li>\n<\/ul>\n\n\n\n<p><strong>Les 7 comp\u00e9tences du manager-coach (Savoir-faire)<\/strong><\/p>\n\n\n\n<figure class=\"wp-block-image size-large is-resized\"><img loading=\"lazy\" decoding=\"async\" width=\"1600\" height=\"888\" src=\"https:\/\/coleaders.com\/beta\/wp-content\/uploads\/2025\/05\/Screenshot-2025-05-01-at-16.08.10-1600x888.png\" alt=\"\" class=\"wp-image-1093\" style=\"width:735px;height:auto\" srcset=\"https:\/\/coleaders.com\/beta\/wp-content\/uploads\/2025\/05\/Screenshot-2025-05-01-at-16.08.10-1600x888.png 1600w, https:\/\/coleaders.com\/beta\/wp-content\/uploads\/2025\/05\/Screenshot-2025-05-01-at-16.08.10-1200x666.png 1200w, https:\/\/coleaders.com\/beta\/wp-content\/uploads\/2025\/05\/Screenshot-2025-05-01-at-16.08.10-768x426.png 768w, https:\/\/coleaders.com\/beta\/wp-content\/uploads\/2025\/05\/Screenshot-2025-05-01-at-16.08.10-1536x852.png 1536w, https:\/\/coleaders.com\/beta\/wp-content\/uploads\/2025\/05\/Screenshot-2025-05-01-at-16.08.10-2048x1136.png 2048w, https:\/\/coleaders.com\/beta\/wp-content\/uploads\/2025\/05\/Screenshot-2025-05-01-at-16.08.10-1980x1098.png 1980w\" sizes=\"auto, (max-width: 1600px) 100vw, 1600px\" \/><\/figure>\n\n\n\n<h2 class=\"wp-block-heading\"><span id=\"Structure_de_la_formation\">Structure de la formation<\/span><\/h2>\n\n\n\n<p>La formation se d\u00e9roule en 3 ateliers sur 3 mois (4 jours au total) :<\/p>\n\n\n\n<figure class=\"wp-block-image size-large\"><img loading=\"lazy\" decoding=\"async\" width=\"1600\" height=\"563\" src=\"https:\/\/coleaders.com\/beta\/wp-content\/uploads\/2025\/05\/Screenshot-2025-02-26-at-14.30.23-1600x563.png\" alt=\"\" class=\"wp-image-1087\" srcset=\"https:\/\/coleaders.com\/beta\/wp-content\/uploads\/2025\/05\/Screenshot-2025-02-26-at-14.30.23-1600x563.png 1600w, https:\/\/coleaders.com\/beta\/wp-content\/uploads\/2025\/05\/Screenshot-2025-02-26-at-14.30.23-1200x422.png 1200w, https:\/\/coleaders.com\/beta\/wp-content\/uploads\/2025\/05\/Screenshot-2025-02-26-at-14.30.23-768x270.png 768w, https:\/\/coleaders.com\/beta\/wp-content\/uploads\/2025\/05\/Screenshot-2025-02-26-at-14.30.23-1536x540.png 1536w, https:\/\/coleaders.com\/beta\/wp-content\/uploads\/2025\/05\/Screenshot-2025-02-26-at-14.30.23-2048x720.png 2048w, https:\/\/coleaders.com\/beta\/wp-content\/uploads\/2025\/05\/Screenshot-2025-02-26-at-14.30.23-1980x697.png 1980w\" sizes=\"auto, (max-width: 1600px) 100vw, 1600px\" \/><\/figure>\n\n\n\n<div class=\"wp-block-pb-accordion-item c-accordion__item js-accordion-item no-js\"><h3 id=\"at-10382\" class=\"c-accordion__title js-accordion-controller\" role=\"button\"><strong>Atelier 1 (2 jours) : Les attitudes du manager-coach pour favoriser la relation de coaching<\/strong><\/h3><div id=\"ac-10382\" class=\"c-accordion__content\">\n\n<ul class=\"wp-block-list\">\n\n<li>Les 3 attitudes du manager-coach: Pr\u00e9sence, Posture basse, Attitude \u00ab canne \u00e0 p\u00eache \u00bb plut\u00f4t que poisson<\/li>\n\n\n<li>Les 4 premi\u00e8res comp\u00e9tences du manager-coach pour favoriser la relation: Se focaliser sur les objectifs du coach\u00e9, \u00catre pr\u00e9sent et \u00e9tablir la confiance, \u00c9couter avec attention, Poser des questions puissantes<\/li>\n\n\n<li>Mise en pratique avec feedback sur la pratique<\/li>\n\n<\/ul>\n\n<\/div><\/div>\n\n\n\n<div class=\"wp-block-pb-accordion-item c-accordion__item js-accordion-item no-js\"><h3 id=\"at-10383\" class=\"c-accordion__title js-accordion-controller\" role=\"button\"><strong>Atelier 2 (1 jour) : Donner du feedback et mettre en pratique en coaching<\/strong><\/h3><div id=\"ac-10383\" class=\"c-accordion__content\">\n\n<ul class=\"wp-block-list\">\n\n<li>Ma\u00eetriser et pratiquer les formes principales de feedback en coaching: feedback de perception, feedback appr\u00e9ciatif, feedback intuitif, feedback de suggestion<\/li>\n\n\n<li>Mise en pratique avec feedback au coach sur la pratique<\/li>\n\n<\/ul>\n\n<\/div><\/div>\n\n\n\n<div class=\"wp-block-pb-accordion-item c-accordion__item js-accordion-item no-js\"><h3 id=\"at-10384\" class=\"c-accordion__title js-accordion-controller\" role=\"button\"><strong>Atelier 3 (1 jour) : Faciliter l&#8217;engagement et l&#8217;action et mettre en pratique en coaching<\/strong><\/h3><div id=\"ac-10384\" class=\"c-accordion__content\">\n\n<ul class=\"wp-block-list\">\n\n<li>Favoriser l&#8217;engagement et faciliter l&#8217;action<\/li>\n\n\n<li>Mise en pratique avec feedback au coach sur la pratique<\/li>\n\n<\/ul>\n\n<\/div><\/div>\n\n\n\n<div class=\"wp-block-pb-accordion-item c-accordion__item js-accordion-item no-js\"><h3 id=\"at-10385\" class=\"c-accordion__title js-accordion-controller\" role=\"button\"><strong>Apr\u00e8s chaque atelier<\/strong>: <strong>Mise en pratique entre pairs<\/strong><\/h3><div id=\"ac-10385\" class=\"c-accordion__content\">\n\n<p>Mise en pratique entre pairs pour s\u2019exercer en autonomie tout en recevant du coaching et du feedback.<\/p>\n\n<\/div><\/div>\n\n\n\n<p>Vous repartez de chaque atelier avec :<\/p>\n\n\n\n<ul class=\"wp-block-list\">\n<li>Des outils pratiques imm\u00e9diatement applicables<\/li>\n\n\n\n<li>Un plan d&#8217;action pour mettre en \u0153uvre votre posture de manager-coach<\/li>\n\n\n\n<li>Des techniques de conversation et de questionnement \u00e0 utiliser dans le quotidien<\/li>\n<\/ul>\n\n\n\n<h2 class=\"wp-block-heading\"><span id=\"Style_pedagogique\">Style <strong>p\u00e9dagogique<\/strong><\/span><\/h2>\n\n\n\n<p>Notre approche p\u00e9dagogique est fond\u00e9e sur 5 piliers inspir\u00e9 du coaching:<\/p>\n\n\n\n<ul class=\"wp-block-list\">\n<li><strong>Pratique avant th\u00e9orie<\/strong>&nbsp;&#8211; 80% d&#8217;exercices et 20% de concepts<\/li>\n\n\n\n<li><strong>Apprentissage par l&#8217;exp\u00e9rience<\/strong>&nbsp;&#8211; Mises en situation concr\u00e8tes et feedback imm\u00e9diat<\/li>\n\n\n\n<li><strong>Coaching entre pairs<\/strong>&nbsp;&#8211; Pratique et observation entre participants<\/li>\n\n\n\n<li><strong>Feedback continu<\/strong>&nbsp;&#8211; Am\u00e9lioration progressive des comp\u00e9tences<\/li>\n\n\n\n<li><strong>Application imm\u00e9diate<\/strong>&nbsp;&#8211; Plans d&#8217;action pour int\u00e9grer les acquis dans votre quotidien<\/li>\n<\/ul>\n\n\n\n<p><\/p>\n\n\n\n<h2 class=\"wp-block-heading\"><span id=\"Les_benefices_de_la_formation\">Les b\u00e9n\u00e9fices de la formation<\/span><\/h2>\n\n\n\n<p>\u00c0 l&#8217;issue de ce parcours, <strong>vous serez capable de<\/strong> :<\/p>\n\n\n\n<ul class=\"wp-block-list\">\n<li>D\u00e9sapprendre le r\u00e9flexe de &#8220;<strong>donner les r\u00e9ponses<\/strong>&#8221; pour adopter une posture qui responsabilise votre \u00e9quipe<\/li>\n\n\n\n<li>Adopter<strong> les 3 attitudes essentielles<\/strong> du manager-coach favorisant la confiance et l&#8217;autonomie<\/li>\n\n\n\n<li>Ma\u00eetriser <strong>les 7 comp\u00e9tences cl\u00e9<\/strong>s qui vous permettront d&#8217;accompagner efficacement le d\u00e9veloppement de vos collaborateurs<\/li>\n\n\n\n<li><strong>Conna\u00eetre et assouplir<\/strong> vos propres <strong>attitudes limitantes<\/strong> \u00e0 la posture du manager-coach<\/li>\n\n\n\n<li>Mener des<strong> conversations de coaching<\/strong> qui stimulent la cr\u00e9ativit\u00e9 et des plans d&#8217;action concrets<\/li>\n\n\n\n<li>Donner un <strong>feedback constructif <\/strong>qui favorise l&#8217;apprentissage et la progression<\/li>\n\n\n\n<li>Faciliter<strong> l&#8217;\u00e9mergence des solutions<\/strong> par vos collaborateurs plut\u00f4t que de les imposer<\/li>\n\n\n\n<li>Cr\u00e9er un environnement o\u00f9 vos collaborateurs d\u00e9veloppent <strong>leur confiance<\/strong> en eux et prennent <strong>de plus en plus d&#8217;initiatives<\/strong><\/li>\n<\/ul>\n\n\n\n<p><strong>Pour votre \u00e9quipe<\/strong>, les b\u00e9n\u00e9fices seront multiples :<\/p>\n\n\n\n<ul class=\"wp-block-list\">\n<li>Une <strong>confiance accrue<\/strong> en leurs capacit\u00e9s et dans la relation manag\u00e9riale<\/li>\n\n\n\n<li>Une plus grande <strong>autonomie<\/strong> dans la r\u00e9solution de probl\u00e8mes et la prise de d\u00e9cision<\/li>\n\n\n\n<li>Un d\u00e9veloppement acc\u00e9l\u00e9r\u00e9 de leurs <strong>comp\u00e9tences<\/strong> et de leur potentiel<\/li>\n\n\n\n<li>Un <strong>engagement renforc\u00e9<\/strong> dans leurs missions et objectifs<\/li>\n<\/ul>\n\n\n\n<p>Prenez contact avec nous pour \u00e9changer sur votre aspirations et votre potentiel de manager-coach.<\/p>\n<div id=\"toc_container\" class=\"no_bullets\"><p class=\"toc_title\">Sommaire<\/p><ul class=\"toc_list\"><li><a href=\"#A_qui_s8217adresse_la_formation\"><span class=\"toc_number toc_depth_1\">1<\/span> A qui s&#8217;adresse la formation<\/a><\/li><li><a href=\"#Manager-coach_un_savoir-etre_et_un_savoir-faire\"><span class=\"toc_number toc_depth_1\">2<\/span> Manager-coach: un savoir-\u00eatre et un savoir-faire<\/a><\/li><li><a href=\"#Structure_de_la_formation\"><span class=\"toc_number toc_depth_1\">3<\/span> Structure de la formation<\/a><\/li><li><a href=\"#Style_pedagogique\"><span class=\"toc_number toc_depth_1\">4<\/span> Style p\u00e9dagogique<\/a><\/li><li><a href=\"#Les_benefices_de_la_formation\"><span class=\"toc_number toc_depth_1\">5<\/span> Les b\u00e9n\u00e9fices de la formation<\/a><\/li><\/ul><\/div>\n","protected":false},"excerpt":{"rendered":"<p>Devenez un leader qui lib\u00e8re le potentiel de ses collaborateurs. Transformez vos conversations quotidiennes en opportunit\u00e9s de d\u00e9veloppement qui cultivent confiance, autonomie et prise d&#8217;initiative&#8230;<\/p>\n","protected":false},"author":2,"featured_media":0,"parent":2395,"menu_order":4,"comment_status":"closed","ping_status":"closed","template":"","meta":{"_acf_changed":false,"footnotes":""},"class_list":["post-2371","page","type-page","status-publish","hentry"],"acf":[],"yoast_head":"<!-- This site is optimized with the Yoast SEO plugin v26.8 - https:\/\/yoast.com\/product\/yoast-seo-wordpress\/ -->\n<title>Devenir Manager Coach - COLEADERS<\/title>\n<meta name=\"robots\" content=\"index, follow, max-snippet:-1, max-image-preview:large, max-video-preview:-1\" \/>\n<link rel=\"canonical\" href=\"https:\/\/coleaders.com\/en\/devenir-manager-coach\/\" \/>\n<meta property=\"og:locale\" content=\"en_US\" \/>\n<meta property=\"og:type\" content=\"article\" \/>\n<meta property=\"og:title\" content=\"Devenir Manager Coach - COLEADERS\" \/>\n<meta property=\"og:description\" content=\"Devenez un leader qui lib\u00e8re le potentiel de ses collaborateurs. Transformez vos conversations quotidiennes en opportunit\u00e9s de d\u00e9veloppement qui cultivent confiance, autonomie et prise d&#8217;initiative...\" \/>\n<meta property=\"og:url\" content=\"https:\/\/coleaders.com\/en\/devenir-manager-coach\/\" \/>\n<meta property=\"og:site_name\" content=\"COLEADERS\" \/>\n<meta property=\"og:image\" content=\"https:\/\/coleaders.com\/beta\/wp-content\/uploads\/2025\/05\/Screenshot-2025-05-01-at-16.08.10.png\" \/>\n\t<meta property=\"og:image:width\" content=\"2138\" \/>\n\t<meta property=\"og:image:height\" content=\"1186\" \/>\n\t<meta property=\"og:image:type\" content=\"image\/png\" \/>\n<meta name=\"twitter:card\" content=\"summary_large_image\" \/>\n<meta name=\"twitter:label1\" content=\"Est. reading time\" \/>\n\t<meta name=\"twitter:data1\" content=\"3 minutes\" \/>\n<script type=\"application\/ld+json\" class=\"yoast-schema-graph\">{\"@context\":\"https:\/\/schema.org\",\"@graph\":[{\"@type\":\"WebPage\",\"@id\":\"https:\/\/coleaders.com\/en\/devenir-manager-coach\/\",\"url\":\"https:\/\/coleaders.com\/en\/devenir-manager-coach\/\",\"name\":\"Devenir Manager Coach - COLEADERS\",\"isPartOf\":{\"@id\":\"https:\/\/coleaders.com\/#website\"},\"primaryImageOfPage\":{\"@id\":\"https:\/\/coleaders.com\/en\/devenir-manager-coach\/#primaryimage\"},\"image\":{\"@id\":\"https:\/\/coleaders.com\/en\/devenir-manager-coach\/#primaryimage\"},\"thumbnailUrl\":\"https:\/\/coleaders.com\/beta\/wp-content\/uploads\/2025\/05\/Screenshot-2025-05-01-at-16.08.10-1600x888.png\",\"datePublished\":\"2025-05-01T13:53:39+00:00\",\"breadcrumb\":{\"@id\":\"https:\/\/coleaders.com\/en\/devenir-manager-coach\/#breadcrumb\"},\"inLanguage\":\"en-US\",\"potentialAction\":[{\"@type\":\"ReadAction\",\"target\":[\"https:\/\/coleaders.com\/en\/devenir-manager-coach\/\"]}]},{\"@type\":\"ImageObject\",\"inLanguage\":\"en-US\",\"@id\":\"https:\/\/coleaders.com\/en\/devenir-manager-coach\/#primaryimage\",\"url\":\"https:\/\/coleaders.com\/beta\/wp-content\/uploads\/2025\/05\/Screenshot-2025-05-01-at-16.08.10-1600x888.png\",\"contentUrl\":\"https:\/\/coleaders.com\/beta\/wp-content\/uploads\/2025\/05\/Screenshot-2025-05-01-at-16.08.10-1600x888.png\"},{\"@type\":\"BreadcrumbList\",\"@id\":\"https:\/\/coleaders.com\/en\/devenir-manager-coach\/#breadcrumb\",\"itemListElement\":[{\"@type\":\"ListItem\",\"position\":1,\"name\":\"Accueil\",\"item\":\"https:\/\/coleaders.com\/en\/\"},{\"@type\":\"ListItem\",\"position\":2,\"name\":\"Devenir Manager Coach\"}]},{\"@type\":\"WebSite\",\"@id\":\"https:\/\/coleaders.com\/#website\",\"url\":\"https:\/\/coleaders.com\/\",\"name\":\"COLEADERS\",\"description\":\"Une \u00e9quipe de coachs ex\u00e9cutifs pour accompagner vos dirigeants et vos \u00e9quipes et r\u00e9ussir la dimension humaine des transformations de votre entreprise.\",\"publisher\":{\"@id\":\"https:\/\/coleaders.com\/#organization\"},\"alternateName\":\"COLEADERS\",\"potentialAction\":[{\"@type\":\"SearchAction\",\"target\":{\"@type\":\"EntryPoint\",\"urlTemplate\":\"https:\/\/coleaders.com\/?s={search_term_string}\"},\"query-input\":{\"@type\":\"PropertyValueSpecification\",\"valueRequired\":true,\"valueName\":\"search_term_string\"}}],\"inLanguage\":\"en-US\"},{\"@type\":\"Organization\",\"@id\":\"https:\/\/coleaders.com\/#organization\",\"name\":\"COLEADERS\",\"alternateName\":\"COLEADERS\",\"url\":\"https:\/\/coleaders.com\/\",\"logo\":{\"@type\":\"ImageObject\",\"inLanguage\":\"en-US\",\"@id\":\"https:\/\/coleaders.com\/#\/schema\/logo\/image\/\",\"url\":\"https:\/\/coleaders.com\/beta\/wp-content\/uploads\/2026\/01\/cropped-coleaders-favicon.png\",\"contentUrl\":\"https:\/\/coleaders.com\/beta\/wp-content\/uploads\/2026\/01\/cropped-coleaders-favicon.png\",\"width\":512,\"height\":512,\"caption\":\"COLEADERS\"},\"image\":{\"@id\":\"https:\/\/coleaders.com\/#\/schema\/logo\/image\/\"},\"sameAs\":[\"https:\/\/www.linkedin.com\/in\/christophemikolajczak\/\"]}]}<\/script>\n<!-- \/ Yoast SEO plugin. -->","yoast_head_json":{"title":"Devenir Manager Coach - COLEADERS","robots":{"index":"index","follow":"follow","max-snippet":"max-snippet:-1","max-image-preview":"max-image-preview:large","max-video-preview":"max-video-preview:-1"},"canonical":"https:\/\/coleaders.com\/en\/devenir-manager-coach\/","og_locale":"en_US","og_type":"article","og_title":"Devenir Manager Coach - COLEADERS","og_description":"Devenez un leader qui lib\u00e8re le potentiel de ses collaborateurs. Transformez vos conversations quotidiennes en opportunit\u00e9s de d\u00e9veloppement qui cultivent confiance, autonomie et prise d&#8217;initiative...","og_url":"https:\/\/coleaders.com\/en\/devenir-manager-coach\/","og_site_name":"COLEADERS","og_image":[{"width":2138,"height":1186,"url":"https:\/\/coleaders.com\/beta\/wp-content\/uploads\/2025\/05\/Screenshot-2025-05-01-at-16.08.10.png","type":"image\/png"}],"twitter_card":"summary_large_image","twitter_misc":{"Est. reading time":"3 minutes"},"schema":{"@context":"https:\/\/schema.org","@graph":[{"@type":"WebPage","@id":"https:\/\/coleaders.com\/en\/devenir-manager-coach\/","url":"https:\/\/coleaders.com\/en\/devenir-manager-coach\/","name":"Devenir Manager Coach - COLEADERS","isPartOf":{"@id":"https:\/\/coleaders.com\/#website"},"primaryImageOfPage":{"@id":"https:\/\/coleaders.com\/en\/devenir-manager-coach\/#primaryimage"},"image":{"@id":"https:\/\/coleaders.com\/en\/devenir-manager-coach\/#primaryimage"},"thumbnailUrl":"https:\/\/coleaders.com\/beta\/wp-content\/uploads\/2025\/05\/Screenshot-2025-05-01-at-16.08.10-1600x888.png","datePublished":"2025-05-01T13:53:39+00:00","breadcrumb":{"@id":"https:\/\/coleaders.com\/en\/devenir-manager-coach\/#breadcrumb"},"inLanguage":"en-US","potentialAction":[{"@type":"ReadAction","target":["https:\/\/coleaders.com\/en\/devenir-manager-coach\/"]}]},{"@type":"ImageObject","inLanguage":"en-US","@id":"https:\/\/coleaders.com\/en\/devenir-manager-coach\/#primaryimage","url":"https:\/\/coleaders.com\/beta\/wp-content\/uploads\/2025\/05\/Screenshot-2025-05-01-at-16.08.10-1600x888.png","contentUrl":"https:\/\/coleaders.com\/beta\/wp-content\/uploads\/2025\/05\/Screenshot-2025-05-01-at-16.08.10-1600x888.png"},{"@type":"BreadcrumbList","@id":"https:\/\/coleaders.com\/en\/devenir-manager-coach\/#breadcrumb","itemListElement":[{"@type":"ListItem","position":1,"name":"Accueil","item":"https:\/\/coleaders.com\/en\/"},{"@type":"ListItem","position":2,"name":"Devenir Manager Coach"}]},{"@type":"WebSite","@id":"https:\/\/coleaders.com\/#website","url":"https:\/\/coleaders.com\/","name":"COLEADERS","description":"Une \u00e9quipe de coachs ex\u00e9cutifs pour accompagner vos dirigeants et vos \u00e9quipes et r\u00e9ussir la dimension humaine des transformations de votre entreprise.","publisher":{"@id":"https:\/\/coleaders.com\/#organization"},"alternateName":"COLEADERS","potentialAction":[{"@type":"SearchAction","target":{"@type":"EntryPoint","urlTemplate":"https:\/\/coleaders.com\/?s={search_term_string}"},"query-input":{"@type":"PropertyValueSpecification","valueRequired":true,"valueName":"search_term_string"}}],"inLanguage":"en-US"},{"@type":"Organization","@id":"https:\/\/coleaders.com\/#organization","name":"COLEADERS","alternateName":"COLEADERS","url":"https:\/\/coleaders.com\/","logo":{"@type":"ImageObject","inLanguage":"en-US","@id":"https:\/\/coleaders.com\/#\/schema\/logo\/image\/","url":"https:\/\/coleaders.com\/beta\/wp-content\/uploads\/2026\/01\/cropped-coleaders-favicon.png","contentUrl":"https:\/\/coleaders.com\/beta\/wp-content\/uploads\/2026\/01\/cropped-coleaders-favicon.png","width":512,"height":512,"caption":"COLEADERS"},"image":{"@id":"https:\/\/coleaders.com\/#\/schema\/logo\/image\/"},"sameAs":["https:\/\/www.linkedin.com\/in\/christophemikolajczak\/"]}]}},"_links":{"self":[{"href":"https:\/\/coleaders.com\/en\/wp-json\/wp\/v2\/pages\/2371","targetHints":{"allow":["GET"]}}],"collection":[{"href":"https:\/\/coleaders.com\/en\/wp-json\/wp\/v2\/pages"}],"about":[{"href":"https:\/\/coleaders.com\/en\/wp-json\/wp\/v2\/types\/page"}],"author":[{"embeddable":true,"href":"https:\/\/coleaders.com\/en\/wp-json\/wp\/v2\/users\/2"}],"replies":[{"embeddable":true,"href":"https:\/\/coleaders.com\/en\/wp-json\/wp\/v2\/comments?post=2371"}],"version-history":[{"count":0,"href":"https:\/\/coleaders.com\/en\/wp-json\/wp\/v2\/pages\/2371\/revisions"}],"up":[{"embeddable":true,"href":"https:\/\/coleaders.com\/en\/wp-json\/wp\/v2\/pages\/2395"}],"wp:attachment":[{"href":"https:\/\/coleaders.com\/en\/wp-json\/wp\/v2\/media?parent=2371"}],"curies":[{"name":"wp","href":"https:\/\/api.w.org\/{rel}","templated":true}]}}