{"id":2368,"date":"2025-10-27T10:20:24","date_gmt":"2025-10-27T09:20:24","guid":{"rendered":"https:\/\/coleaders.com\/partenariat-international\/"},"modified":"2025-10-27T10:20:24","modified_gmt":"2025-10-27T09:20:24","slug":"partenariat-international","status":"publish","type":"page","link":"https:\/\/coleaders.com\/en\/coleaders\/partenariat-international\/","title":{"rendered":"Partenariat international"},"content":{"rendered":"\n<p>Une alliance au service du leadership syst\u00e9mique des \u00e9quipes \u2014 pour vous accompagner dans vos transformations \u00e0 l&#8217;international avec la force d\u2019un r\u00e9seau mondial de coachs anim\u00e9s par une approche commune.<\/p>\n\n\n<div class=\"wp-block-image\">\n<figure class=\"aligncenter size-full is-resized\"><img loading=\"lazy\" decoding=\"async\" width=\"912\" height=\"472\" src=\"https:\/\/coleaders.com\/beta\/wp-content\/uploads\/2026\/01\/GLT-Renewal.jpeg\" alt=\"\" class=\"wp-image-1783\" style=\"aspect-ratio:1.8162034994853697;width:602px;height:auto\" srcset=\"https:\/\/coleaders.com\/beta\/wp-content\/uploads\/2026\/01\/GLT-Renewal.jpeg 912w, https:\/\/coleaders.com\/beta\/wp-content\/uploads\/2026\/01\/GLT-Renewal-768x397.jpeg 768w\" sizes=\"auto, (max-width: 912px) 100vw, 912px\" \/><figcaption class=\"wp-element-caption\"><em>La Global Leadership Team de Renewal International<\/em><\/figcaption><\/figure>\n<\/div>\n\n\n<h2 class=\"wp-block-heading\"><span id=\"Notre_partenariat_avec_Renewal_International\">Notre partenariat avec Renewal International<\/span><\/h2>\n\n\n\n<p>Chez&nbsp;<strong>COLEADERS<\/strong>, nous croyons que les transformations durables naissent de la coop\u00e9ration entre praticiens partageant une&nbsp;<strong>m\u00eame vision de l\u2019accompagnement syst\u00e9mique des \u00e9quipes dans la transformation<\/strong>. C\u2019est dans cet esprit que nous avons nou\u00e9 un partenariat avec&nbsp;<strong>Renewal International<\/strong>, un r\u00e9seau mondial de r\u00e9f\u00e9rence en&nbsp;<strong>coaching syst\u00e9mique d\u2019\u00e9quipes et d\u2019organisations<\/strong>.<\/p>\n\n\n<div class=\"wp-block-image\">\n<figure class=\"aligncenter size-full is-resized\"><img loading=\"lazy\" decoding=\"async\" width=\"1125\" height=\"563\" src=\"https:\/\/coleaders.com\/beta\/wp-content\/uploads\/2026\/01\/Full-logo-Teal-Navy.png\" alt=\"\" class=\"wp-image-1853\" style=\"aspect-ratio:1.9984387197501952;width:382px;height:auto\" srcset=\"https:\/\/coleaders.com\/beta\/wp-content\/uploads\/2026\/01\/Full-logo-Teal-Navy.png 1125w, https:\/\/coleaders.com\/beta\/wp-content\/uploads\/2026\/01\/Full-logo-Teal-Navy-768x384.png 768w\" sizes=\"auto, (max-width: 1125px) 100vw, 1125px\" \/><\/figure>\n<\/div>\n\n\n<p>Ce partenariat renforce notre capacit\u00e9 \u00e0&nbsp;<strong>vous accompagner \u00e0 l\u2019international<\/strong>&nbsp;dans vos d\u00e9marches de transformation, avec une&nbsp;<strong>approche commune, coh\u00e9rente et coordonn\u00e9e<\/strong>. Il offre \u00e9galement la force d\u2019un&nbsp;<strong>r\u00e9seau global<\/strong>&nbsp;anim\u00e9 par des valeurs et des pratiques partag\u00e9es, au service des dirigeants, des \u00e9quipes et des organisations en \u00e9volution.<\/p>\n\n\n\n<h2 class=\"wp-block-heading\"><span id=\"Un_reseau_mondial_de_coachs_avec_une_approche_commune\">Un r\u00e9seau mondial de coachs avec une approche commune<\/span><\/h2>\n\n\n\n<p><strong>Renewal International<\/strong>&nbsp;rassemble plus de&nbsp;<strong>70 coachs seniors<\/strong>&nbsp;\u00e0 travers le monde, anim\u00e9s par une passion commune : accompagner les \u00e9quipes et les organisations dans leur \u00e9volution \u00e0 travers une approche syst\u00e9mique, relationnelle et contextualis\u00e9e du leadership. <\/p>\n\n\n<div class=\"wp-block-image\">\n<figure class=\"aligncenter size-large is-resized\"><img loading=\"lazy\" decoding=\"async\" width=\"1600\" height=\"881\" src=\"https:\/\/coleaders.com\/beta\/wp-content\/uploads\/2025\/10\/iStock-972675258-1600x881.jpg\" alt=\"\" class=\"wp-image-1311\" style=\"aspect-ratio:1.8161548596331205;width:578px;height:auto\" srcset=\"https:\/\/coleaders.com\/beta\/wp-content\/uploads\/2025\/10\/iStock-972675258-1600x881.jpg 1600w, https:\/\/coleaders.com\/beta\/wp-content\/uploads\/2025\/10\/iStock-972675258-1200x661.jpg 1200w, https:\/\/coleaders.com\/beta\/wp-content\/uploads\/2025\/10\/iStock-972675258-768x423.jpg 768w, https:\/\/coleaders.com\/beta\/wp-content\/uploads\/2025\/10\/iStock-972675258-1536x846.jpg 1536w, https:\/\/coleaders.com\/beta\/wp-content\/uploads\/2025\/10\/iStock-972675258-2048x1128.jpg 2048w, https:\/\/coleaders.com\/beta\/wp-content\/uploads\/2025\/10\/iStock-972675258-1980x1091.jpg 1980w\" sizes=\"auto, (max-width: 1600px) 100vw, 1600px\" \/><\/figure>\n<\/div>\n\n\n<p>L\u2019\u00e9quipe de&nbsp;<strong>Renewal International<\/strong>&nbsp;rassemble des coachs et consultants qui figurent parmi les plus exp\u00e9riment\u00e9s dans les domaines du&nbsp;<strong>coaching de dirigeants<\/strong>, du&nbsp;<strong>coaching syst\u00e9mique d\u2019\u00e9quipes<\/strong>, du&nbsp;<strong>d\u00e9veloppement du leadership<\/strong>, du&nbsp;<strong>d\u00e9veloppement organisationnel<\/strong>&nbsp;et de la&nbsp;<strong>supervision de coachs<\/strong>.<\/p>\n\n\n\n<p>Chaque membre du r\u00e9seau est s\u00e9lectionn\u00e9 avec soin pour son&nbsp;<strong>exp\u00e9rience approfondie<\/strong>, sa <strong>formation rigoureuse<\/strong>, son&nbsp;<strong>engagement sur l&#8217;\u00e9thique professionnelle<\/strong>, et sa passion de l&#8217;accompagnement du changement en entreprise. <\/p>\n\n\n\n<h2 class=\"wp-block-heading\"><span id=\"Des_ouvrages_collectifs_de_premier_plan\">Des ouvrages collectifs de premier plan<\/span><\/h2>\n\n\n\n<p>Le r\u00e9seau est reconnu pour la&nbsp;<strong>richesse de ses publications<\/strong>, qui font aujourd\u2019hui r\u00e9f\u00e9rence dans le champ du coaching syst\u00e9mique. <\/p>\n\n\n\n<p>Parmi elles, plusieurs&nbsp;<strong>ouvrages collectifs<\/strong>&nbsp;tels que&nbsp;<em>Leadership Team Coaching in Practice<\/em>&nbsp;et&nbsp;<em>Coaching the Team of Teams<\/em>, auxquels&nbsp;<strong>Christophe Mikolajczak<\/strong>&nbsp;a contribu\u00e9, rassemblent les exp\u00e9riences et perspectives de nombreux praticiens du r\u00e9seau Renewal International.<\/p>\n\n\n\n<figure class=\"wp-block-gallery has-nested-images columns-default is-cropped wp-block-gallery-1 is-layout-flex wp-block-gallery-is-layout-flex\">\n<figure class=\"wp-block-image size-full\"><img loading=\"lazy\" decoding=\"async\" width=\"1000\" height=\"1500\" data-id=\"750\" src=\"https:\/\/coleaders.com\/beta\/wp-content\/uploads\/2025\/03\/leadership-team-practice_71zW5n5dqlS._SL1500_.jpeg\" alt=\"\" class=\"wp-image-750\" srcset=\"https:\/\/coleaders.com\/beta\/wp-content\/uploads\/2025\/03\/leadership-team-practice_71zW5n5dqlS._SL1500_.jpeg 1000w, https:\/\/coleaders.com\/beta\/wp-content\/uploads\/2025\/03\/leadership-team-practice_71zW5n5dqlS._SL1500_-800x1200.jpeg 800w, https:\/\/coleaders.com\/beta\/wp-content\/uploads\/2025\/03\/leadership-team-practice_71zW5n5dqlS._SL1500_-768x1152.jpeg 768w\" sizes=\"auto, (max-width: 1000px) 100vw, 1000px\" \/><\/figure>\n\n\n\n<figure class=\"wp-block-image size-full\"><img loading=\"lazy\" decoding=\"async\" width=\"1000\" height=\"1500\" data-id=\"756\" src=\"https:\/\/coleaders.com\/beta\/wp-content\/uploads\/2025\/03\/team-of-teams71-fSjeOZ6L._SL1500_.jpeg\" alt=\"\" class=\"wp-image-756\" srcset=\"https:\/\/coleaders.com\/beta\/wp-content\/uploads\/2025\/03\/team-of-teams71-fSjeOZ6L._SL1500_.jpeg 1000w, https:\/\/coleaders.com\/beta\/wp-content\/uploads\/2025\/03\/team-of-teams71-fSjeOZ6L._SL1500_-800x1200.jpeg 800w, https:\/\/coleaders.com\/beta\/wp-content\/uploads\/2025\/03\/team-of-teams71-fSjeOZ6L._SL1500_-768x1152.jpeg 768w\" sizes=\"auto, (max-width: 1000px) 100vw, 1000px\" \/><\/figure>\n\n\n\n<figure class=\"wp-block-image size-full\"><img loading=\"lazy\" decoding=\"async\" width=\"348\" height=\"522\" data-id=\"1307\" src=\"https:\/\/coleaders.com\/beta\/wp-content\/uploads\/2025\/10\/81gnyyKtwGL._SY522_.jpg\" alt=\"\" class=\"wp-image-1307\"\/><\/figure>\n<\/figure>\n\n\n\n<p>Ces ouvrages compl\u00e8tent les travaux de r\u00e9f\u00e9rence de&nbsp;<strong>Peter Hawkins<\/strong>, notamment&nbsp;<em>Leadership Team Coaching<\/em>, qui fonde une grande partie de l\u2019approche syst\u00e9mique du coaching d\u2019\u00e9quipe et d\u2019organisation.<\/p>\n\n\n\n<h2 class=\"wp-block-heading\"><span id=\"Une_ecole_internationale_de_coaching_systemique_dequipes\">Une \u00e9cole internationale de coaching syst\u00e9mique d\u2019\u00e9quipes<\/span><\/h2>\n\n\n\n<p>Renewal International porte \u00e9galement une&nbsp;<strong>\u00e9cole internationale de formation au coaching syst\u00e9mique d\u2019\u00e9quipes et d\u2019organisations<\/strong>, destin\u00e9e aux professionnels du coaching et du d\u00e9veloppement du leadership. Le programme allie exigence th\u00e9orique, exp\u00e9rimentation pratique et travail en profondeur sur la posture du coach. Cet espace d\u2019apprentissage constitue un lieu privil\u00e9gi\u00e9 pour approfondir la pratique syst\u00e9mique et tisser des liens entre cultures et contextes organisationnels.<\/p>\n\n\n\n<h2 class=\"wp-block-heading\"><span id=\"Un_ancrage_local_une_ampleur_globale\">Un ancrage local, une ampleur globale<\/span><\/h2>\n\n\n\n<p>Ce partenariat incarne une&nbsp;<strong>compl\u00e9mentarit\u00e9 naturelle<\/strong>&nbsp;: COLEADERS agit avec un&nbsp;<strong>ancrage local fort<\/strong>&nbsp;en Belgique, France et Luxembourg, tandis que Renewal International apporte une&nbsp;<strong>ampleur mondiale<\/strong>&nbsp;\u00e0 nos interventions.<br>En tant que&nbsp;<strong>Regional Lead pour la Belgique, la France et le Luxembourg<\/strong>,&nbsp;<strong>Christophe Mikolajczak<\/strong>&nbsp;accompagne les clients et anime la communaut\u00e9 des coachs dans ces trois pays, ce qui nous permet de servir nos clients \u00e0 l\u2019international aussi bien qu&#8217;en local.<\/p>\n<div id=\"toc_container\" class=\"no_bullets\"><p class=\"toc_title\">Sommaire<\/p><ul class=\"toc_list\"><li><a href=\"#Notre_partenariat_avec_Renewal_International\"><span class=\"toc_number toc_depth_1\">1<\/span> Notre partenariat avec Renewal International<\/a><\/li><li><a href=\"#Un_reseau_mondial_de_coachs_avec_une_approche_commune\"><span class=\"toc_number toc_depth_1\">2<\/span> Un r\u00e9seau mondial de coachs avec une approche commune<\/a><\/li><li><a href=\"#Des_ouvrages_collectifs_de_premier_plan\"><span class=\"toc_number toc_depth_1\">3<\/span> Des ouvrages collectifs de premier plan<\/a><\/li><li><a href=\"#Une_ecole_internationale_de_coaching_systemique_dequipes\"><span class=\"toc_number toc_depth_1\">4<\/span> Une \u00e9cole internationale de coaching syst\u00e9mique d\u2019\u00e9quipes<\/a><\/li><li><a href=\"#Un_ancrage_local_une_ampleur_globale\"><span class=\"toc_number toc_depth_1\">5<\/span> Un ancrage local, une ampleur globale<\/a><\/li><\/ul><\/div>\n","protected":false},"excerpt":{"rendered":"<p>Une alliance au service du leadership syst\u00e9mique des \u00e9quipes \u2014 pour vous accompagner dans vos transformations \u00e0 l&#8217;international avec la force d\u2019un r\u00e9seau mondial de&#8230;<\/p>\n","protected":false},"author":2,"featured_media":0,"parent":2402,"menu_order":7,"comment_status":"closed","ping_status":"closed","template":"","meta":{"_acf_changed":false,"footnotes":""},"class_list":["post-2368","page","type-page","status-publish","hentry"],"acf":[],"yoast_head":"<!-- This site is optimized with the Yoast SEO plugin v26.8 - https:\/\/yoast.com\/product\/yoast-seo-wordpress\/ -->\n<title>Partenariat international - COLEADERS<\/title>\n<meta name=\"robots\" content=\"index, follow, max-snippet:-1, max-image-preview:large, max-video-preview:-1\" \/>\n<link rel=\"canonical\" href=\"https:\/\/coleaders.com\/en\/partenariat-international\/\" \/>\n<meta property=\"og:locale\" content=\"en_US\" \/>\n<meta property=\"og:type\" content=\"article\" \/>\n<meta property=\"og:title\" content=\"Partenariat international - COLEADERS\" \/>\n<meta property=\"og:description\" content=\"Une alliance au service du leadership syst\u00e9mique des \u00e9quipes \u2014 pour vous accompagner dans vos transformations \u00e0 l&#8217;international avec la force d\u2019un r\u00e9seau mondial de...\" \/>\n<meta property=\"og:url\" content=\"https:\/\/coleaders.com\/en\/partenariat-international\/\" \/>\n<meta property=\"og:site_name\" content=\"COLEADERS\" \/>\n<meta property=\"og:image\" content=\"https:\/\/coleaders.com\/beta\/wp-content\/uploads\/2026\/01\/GLT-Renewal.jpeg\" \/>\n\t<meta property=\"og:image:width\" content=\"912\" \/>\n\t<meta property=\"og:image:height\" content=\"472\" \/>\n\t<meta property=\"og:image:type\" content=\"image\/jpeg\" \/>\n<meta name=\"twitter:card\" content=\"summary_large_image\" \/>\n<meta name=\"twitter:label1\" content=\"Est. reading time\" \/>\n\t<meta name=\"twitter:data1\" content=\"3 minutes\" \/>\n<script type=\"application\/ld+json\" class=\"yoast-schema-graph\">{\"@context\":\"https:\/\/schema.org\",\"@graph\":[{\"@type\":\"WebPage\",\"@id\":\"https:\/\/coleaders.com\/en\/partenariat-international\/\",\"url\":\"https:\/\/coleaders.com\/en\/partenariat-international\/\",\"name\":\"Partenariat international - COLEADERS\",\"isPartOf\":{\"@id\":\"https:\/\/coleaders.com\/#website\"},\"primaryImageOfPage\":{\"@id\":\"https:\/\/coleaders.com\/en\/partenariat-international\/#primaryimage\"},\"image\":{\"@id\":\"https:\/\/coleaders.com\/en\/partenariat-international\/#primaryimage\"},\"thumbnailUrl\":\"https:\/\/coleaders.com\/beta\/wp-content\/uploads\/2026\/01\/GLT-Renewal.jpeg\",\"datePublished\":\"2025-10-27T09:20:24+00:00\",\"breadcrumb\":{\"@id\":\"https:\/\/coleaders.com\/en\/partenariat-international\/#breadcrumb\"},\"inLanguage\":\"en-US\",\"potentialAction\":[{\"@type\":\"ReadAction\",\"target\":[\"https:\/\/coleaders.com\/en\/partenariat-international\/\"]}]},{\"@type\":\"ImageObject\",\"inLanguage\":\"en-US\",\"@id\":\"https:\/\/coleaders.com\/en\/partenariat-international\/#primaryimage\",\"url\":\"https:\/\/coleaders.com\/beta\/wp-content\/uploads\/2026\/01\/GLT-Renewal.jpeg\",\"contentUrl\":\"https:\/\/coleaders.com\/beta\/wp-content\/uploads\/2026\/01\/GLT-Renewal.jpeg\"},{\"@type\":\"BreadcrumbList\",\"@id\":\"https:\/\/coleaders.com\/en\/partenariat-international\/#breadcrumb\",\"itemListElement\":[{\"@type\":\"ListItem\",\"position\":1,\"name\":\"Accueil\",\"item\":\"https:\/\/coleaders.com\/en\/\"},{\"@type\":\"ListItem\",\"position\":2,\"name\":\"Partenariat international\"}]},{\"@type\":\"WebSite\",\"@id\":\"https:\/\/coleaders.com\/#website\",\"url\":\"https:\/\/coleaders.com\/\",\"name\":\"COLEADERS\",\"description\":\"Une \u00e9quipe de coachs ex\u00e9cutifs pour accompagner vos dirigeants et vos \u00e9quipes et r\u00e9ussir la dimension humaine des transformations de votre entreprise.\",\"publisher\":{\"@id\":\"https:\/\/coleaders.com\/#organization\"},\"alternateName\":\"COLEADERS\",\"potentialAction\":[{\"@type\":\"SearchAction\",\"target\":{\"@type\":\"EntryPoint\",\"urlTemplate\":\"https:\/\/coleaders.com\/?s={search_term_string}\"},\"query-input\":{\"@type\":\"PropertyValueSpecification\",\"valueRequired\":true,\"valueName\":\"search_term_string\"}}],\"inLanguage\":\"en-US\"},{\"@type\":\"Organization\",\"@id\":\"https:\/\/coleaders.com\/#organization\",\"name\":\"COLEADERS\",\"alternateName\":\"COLEADERS\",\"url\":\"https:\/\/coleaders.com\/\",\"logo\":{\"@type\":\"ImageObject\",\"inLanguage\":\"en-US\",\"@id\":\"https:\/\/coleaders.com\/#\/schema\/logo\/image\/\",\"url\":\"https:\/\/coleaders.com\/beta\/wp-content\/uploads\/2026\/01\/cropped-coleaders-favicon.png\",\"contentUrl\":\"https:\/\/coleaders.com\/beta\/wp-content\/uploads\/2026\/01\/cropped-coleaders-favicon.png\",\"width\":512,\"height\":512,\"caption\":\"COLEADERS\"},\"image\":{\"@id\":\"https:\/\/coleaders.com\/#\/schema\/logo\/image\/\"},\"sameAs\":[\"https:\/\/www.linkedin.com\/in\/christophemikolajczak\/\"]}]}<\/script>\n<!-- \/ Yoast SEO plugin. -->","yoast_head_json":{"title":"Partenariat international - COLEADERS","robots":{"index":"index","follow":"follow","max-snippet":"max-snippet:-1","max-image-preview":"max-image-preview:large","max-video-preview":"max-video-preview:-1"},"canonical":"https:\/\/coleaders.com\/en\/partenariat-international\/","og_locale":"en_US","og_type":"article","og_title":"Partenariat international - COLEADERS","og_description":"Une alliance au service du leadership syst\u00e9mique des \u00e9quipes \u2014 pour vous accompagner dans vos transformations \u00e0 l&#8217;international avec la force d\u2019un r\u00e9seau mondial de...","og_url":"https:\/\/coleaders.com\/en\/partenariat-international\/","og_site_name":"COLEADERS","og_image":[{"width":912,"height":472,"url":"https:\/\/coleaders.com\/beta\/wp-content\/uploads\/2026\/01\/GLT-Renewal.jpeg","type":"image\/jpeg"}],"twitter_card":"summary_large_image","twitter_misc":{"Est. reading time":"3 minutes"},"schema":{"@context":"https:\/\/schema.org","@graph":[{"@type":"WebPage","@id":"https:\/\/coleaders.com\/en\/partenariat-international\/","url":"https:\/\/coleaders.com\/en\/partenariat-international\/","name":"Partenariat international - COLEADERS","isPartOf":{"@id":"https:\/\/coleaders.com\/#website"},"primaryImageOfPage":{"@id":"https:\/\/coleaders.com\/en\/partenariat-international\/#primaryimage"},"image":{"@id":"https:\/\/coleaders.com\/en\/partenariat-international\/#primaryimage"},"thumbnailUrl":"https:\/\/coleaders.com\/beta\/wp-content\/uploads\/2026\/01\/GLT-Renewal.jpeg","datePublished":"2025-10-27T09:20:24+00:00","breadcrumb":{"@id":"https:\/\/coleaders.com\/en\/partenariat-international\/#breadcrumb"},"inLanguage":"en-US","potentialAction":[{"@type":"ReadAction","target":["https:\/\/coleaders.com\/en\/partenariat-international\/"]}]},{"@type":"ImageObject","inLanguage":"en-US","@id":"https:\/\/coleaders.com\/en\/partenariat-international\/#primaryimage","url":"https:\/\/coleaders.com\/beta\/wp-content\/uploads\/2026\/01\/GLT-Renewal.jpeg","contentUrl":"https:\/\/coleaders.com\/beta\/wp-content\/uploads\/2026\/01\/GLT-Renewal.jpeg"},{"@type":"BreadcrumbList","@id":"https:\/\/coleaders.com\/en\/partenariat-international\/#breadcrumb","itemListElement":[{"@type":"ListItem","position":1,"name":"Accueil","item":"https:\/\/coleaders.com\/en\/"},{"@type":"ListItem","position":2,"name":"Partenariat international"}]},{"@type":"WebSite","@id":"https:\/\/coleaders.com\/#website","url":"https:\/\/coleaders.com\/","name":"COLEADERS","description":"Une \u00e9quipe de coachs ex\u00e9cutifs pour accompagner vos dirigeants et vos \u00e9quipes et r\u00e9ussir la dimension humaine des transformations de votre entreprise.","publisher":{"@id":"https:\/\/coleaders.com\/#organization"},"alternateName":"COLEADERS","potentialAction":[{"@type":"SearchAction","target":{"@type":"EntryPoint","urlTemplate":"https:\/\/coleaders.com\/?s={search_term_string}"},"query-input":{"@type":"PropertyValueSpecification","valueRequired":true,"valueName":"search_term_string"}}],"inLanguage":"en-US"},{"@type":"Organization","@id":"https:\/\/coleaders.com\/#organization","name":"COLEADERS","alternateName":"COLEADERS","url":"https:\/\/coleaders.com\/","logo":{"@type":"ImageObject","inLanguage":"en-US","@id":"https:\/\/coleaders.com\/#\/schema\/logo\/image\/","url":"https:\/\/coleaders.com\/beta\/wp-content\/uploads\/2026\/01\/cropped-coleaders-favicon.png","contentUrl":"https:\/\/coleaders.com\/beta\/wp-content\/uploads\/2026\/01\/cropped-coleaders-favicon.png","width":512,"height":512,"caption":"COLEADERS"},"image":{"@id":"https:\/\/coleaders.com\/#\/schema\/logo\/image\/"},"sameAs":["https:\/\/www.linkedin.com\/in\/christophemikolajczak\/"]}]}},"_links":{"self":[{"href":"https:\/\/coleaders.com\/en\/wp-json\/wp\/v2\/pages\/2368","targetHints":{"allow":["GET"]}}],"collection":[{"href":"https:\/\/coleaders.com\/en\/wp-json\/wp\/v2\/pages"}],"about":[{"href":"https:\/\/coleaders.com\/en\/wp-json\/wp\/v2\/types\/page"}],"author":[{"embeddable":true,"href":"https:\/\/coleaders.com\/en\/wp-json\/wp\/v2\/users\/2"}],"replies":[{"embeddable":true,"href":"https:\/\/coleaders.com\/en\/wp-json\/wp\/v2\/comments?post=2368"}],"version-history":[{"count":0,"href":"https:\/\/coleaders.com\/en\/wp-json\/wp\/v2\/pages\/2368\/revisions"}],"up":[{"embeddable":true,"href":"https:\/\/coleaders.com\/en\/wp-json\/wp\/v2\/pages\/2402"}],"wp:attachment":[{"href":"https:\/\/coleaders.com\/en\/wp-json\/wp\/v2\/media?parent=2368"}],"curies":[{"name":"wp","href":"https:\/\/api.w.org\/{rel}","templated":true}]}}