{"id":2365,"date":"2026-01-04T10:50:54","date_gmt":"2026-01-04T09:50:54","guid":{"rendered":"https:\/\/coleaders.com\/cercle-de-codeveloppement-des-leaders-rh\/"},"modified":"2026-01-04T10:50:54","modified_gmt":"2026-01-04T09:50:54","slug":"cercle-de-codeveloppement-des-leaders-rh","status":"publish","type":"page","link":"https:\/\/coleaders.com\/en\/offres-entreprises\/communautes-de-leaders\/cercle-de-codeveloppement-des-leaders-rh\/","title":{"rendered":"Cercle de Cod\u00e9veloppement pour Leaders RH"},"content":{"rendered":"\n<p>Transformez vos d\u00e9fis de leadership RH en nouvelles pistes d\u2019action gr\u00e2ce au cod\u00e9veloppement\u00a0entre DRH de diff\u00e9rentes entreprises: un espace\u00a0de confiance et\u00a0d\u2019apprentissage, o\u00f9 les\u00a0regards\u00a0crois\u00e9s\u00a0de pairs issus d\u2019autres secteurs ouvrent\u00a0de nouveaux leviers pour r\u00e9ussir les enjeux humains des transformations de votre entreprise.<\/p>\n\n\n\n<h2 class=\"wp-block-heading\"><span id=\"Un_espace_de_confiance_et_de_coaching_entre_pairs\"><strong>Un espace de confiance et de coaching entre pairs<\/strong><\/span><\/h2>\n\n\n\n<p>Les transformations actuelles de l\u2019entreprise \u2014 commerciales, culturelles, organisationnelles, technologiques \u2014 placent les leaders RH dans une position \u00e0 la fois&nbsp;<strong>strat\u00e9gique et exigeante<\/strong>, fortement sollicit\u00e9s pour accompagner les enjeux humains de ces transformations.&nbsp;<\/p>\n\n\n\n<p>Le cercle de cod\u00e9veloppement pour leaders RH est n\u00e9 de cette intention d\u2019offrir un espace de confiance o\u00f9 les leaders RH de diff\u00e9rentes entreprises peuvent:<\/p>\n\n\n\n<ul class=\"wp-block-list\">\n<li><strong>Partager en ouverture leurs d\u00e9fis de leadership RH<\/strong><\/li>\n\n\n\n<li><strong>Prendre du recul<\/strong> ensemble<\/li>\n\n\n\n<li>Apprendre<strong>&nbsp;<\/strong>\u00e0 partir <strong>des partages et du coaching entre pairs<\/strong><\/li>\n\n\n\n<li><strong>Explorer ce qui se joue vraiment <\/strong>dans leurs transformations de leur entreprise<\/li>\n\n\n\n<li><strong>D\u00e9velopper de nouvelles approches <\/strong>enrichies du regard des pairs&nbsp;<\/li>\n<\/ul>\n\n\n\n<blockquote class=\"wp-block-quote is-layout-flow wp-block-quote-is-layout-flow\">\n<p>\u00ab C\u2019est un espace convivial et d\u00e9tendu o\u00f9 les responsables RH peuvent partager ouvertement leurs d\u00e9fis r\u00e9els et apprendre les uns des autres. Les \u00e9changes entre pairs sont extr\u00eamement pr\u00e9cieux et apportent des perspectives concr\u00e8tes sur les d\u00e9fis cl\u00e9s de la fonction. Tout est positif\u2026 et l\u2019atmosph\u00e8re facilite grandement les \u00e9changes. \u00bb&nbsp;&#8211; Participant, Leader RH<\/p>\n<\/blockquote>\n\n\n\n<h2 class=\"wp-block-heading\"><span id=\"A_qui_s8217adresse_le_cercle_de_codeveloppement\"><strong>A qui s&#8217;adresse le cercle de cod\u00e9veloppement ?<\/strong><\/span><\/h2>\n\n\n\n<p>Le&nbsp;cercle de cod\u00e9veloppement pour Leaders RH&nbsp; est un&nbsp;<strong>groupe continu de 6 \u00e0 8 participants<\/strong>, qui se retrouvent r\u00e9guli\u00e8rement dans un cadre confidentiel pour partager leurs d\u00e9fis et s\u2019accompagner dans une dynamique de coaching entre pairs, leaders RH.<\/p>\n\n\n\n<p>Les participants sont :<\/p>\n\n\n\n<ul class=\"wp-block-list\">\n<li>Des Leaders RH issus&nbsp;<strong>d\u2019entreprises et de secteurs diff\u00e9rents<\/strong><\/li>\n\n\n\n<li>Portant des <strong>responsabilit\u00e9s comparables<\/strong><\/li>\n\n\n\n<li>Confront\u00e9s \u00e0 des<strong> enjeux de transformation complexes<\/strong><\/li>\n<\/ul>\n\n\n\n<p>Cette&nbsp;diversit\u00e9 de participants, d\u2019entreprises, et de secteurs&nbsp;devient une ressource pr\u00e9cieuse au service des participants: elle permet de b\u00e9n\u00e9ficier d\u2019une diversit\u00e9 de regards, d\u2019exp\u00e9riences et d\u2019approches.<\/p>\n\n\n\n<p>Le d\u00e9marrage du cercle est con\u00e7u comme un temps essentiel pour former le groupe et installer la confiance. La premi\u00e8re session est d\u00e9di\u00e9e \u00e0:<\/p>\n\n\n\n<ul class=\"wp-block-list\">\n<li>Apprendre \u00e0 se conna\u00eetre au-del\u00e0 des r\u00f4les et des organisations<\/li>\n\n\n\n<li>Cr\u00e9er un climat de confiance<\/li>\n\n\n\n<li>Poser les principes de fonctionnement du cercle<\/li>\n\n\n\n<li>S\u2019approprier le processus de cod\u00e9veloppement<\/li>\n<\/ul>\n\n\n\n<h2 class=\"wp-block-heading\"><span id=\"Comment_fonctionne_le_codeveloppement_entre_Leaders_RH\"><strong>Comment fonctionne le cod\u00e9veloppement entre Leaders RH? <\/strong><\/span><\/h2>\n\n\n\n<p>Dans le cercle,&nbsp;<strong>chacun est tour \u00e0 tour porteur de d\u00e9fi et coach pour les autres<\/strong>. Chaque participant est invit\u00e9 \u00e0 partager \u00e0 la fois ses d\u00e9fis de leadership RH, ses exp\u00e9riences apprenantes et ses feedbacks en mode coaching entre pairs.&nbsp;<\/p>\n\n\n\n<p>Le groupe est accompagn\u00e9 par <strong>un animateur <\/strong>qui facilite <strong>le processus<\/strong> <strong>du cod\u00e9veloppement<\/strong> et <strong>la dynamique du groupe.&nbsp;<\/strong><\/p>\n\n\n\n<ul class=\"wp-block-list\">\n<li>Chaque participant partage tour \u00e0 tour <strong>ses d\u00e9fis r\u00e9els et actuels de leadership.<\/strong><\/li>\n\n\n\n<li>Les d\u00e9fis partag\u00e9s sont des <strong>d\u00e9fis de leadership RH actuels, importants et concrets<\/strong>.&nbsp;<\/li>\n\n\n\n<li>Chacun devient <strong>coach pour les autres<\/strong>, en partageant ses questions, ses perceptions, son feedback \/ feedforward.<\/li>\n<\/ul>\n\n\n\n<p>Chaque session dure <strong>une demi-journ\u00e9e<\/strong>, pour un total de <strong>8 sessions<\/strong> sur l&#8217;ann\u00e9e, \u00e0 une fr\u00e9quence typique <strong>de 6 semaines<\/strong>.&nbsp;<\/p>\n\n\n\n<h2 class=\"wp-block-heading\"><span id=\"Un_partenariat_au_service_du_cercle_pour_Leaders_RH\"><strong>Un partenariat au service du cercle pour Leaders RH<\/strong><\/span><\/h2>\n\n\n\n<p>Nos cercles pour Leaders RH sont d\u00e9velopp\u00e9s en partenariat entre COLEADERS et SAWOO: <\/p>\n\n\n\n<ul class=\"wp-block-list\">\n<li>COLEADERS, nous apportons une exp\u00e9rience de longue date et reconnue en accompagnement des DRH sur leurs enjeux strat\u00e9giques (enjeux humains et culturels des transformations, d\u00e9veloppement des leaders et d&#8217;\u00e9quipe de direction), ainsi qu&#8217;en animation de groupes de cod\u00e9veloppement (plus de 50 groupes de cod\u00e9veloppement et plus de 300 dirigeants accompagn\u00e9s, avec un&nbsp;niveau d\u2019appr\u00e9ciation \u00e9lev\u00e9 et constant&nbsp;de la part des participants). <\/li>\n\n\n\n<li>SAWOO est pionnier dans le d\u00e9veloppement de communaut\u00e9s de leaders dans diff\u00e9rentes fonctions et secteurs, communaut\u00e9s fond\u00e9es sur le principe du coaching entre pairs, et ce dans plusieurs pays d&#8217;Europe. <\/li>\n<\/ul>\n\n\n\n<p>Ensemble, nous d\u00e9veloppons la communaut\u00e9 Level Up HR et les cercles de cod\u00e9veloppement pour Leaders RH \u00e0 Bruxelles.<\/p>\n\n\n\n<h2 class=\"wp-block-heading\"><span id=\"Les_benefices_pour_les_participants\"><strong>Les b\u00e9n\u00e9fices pour les participants<\/strong><\/span><\/h2>\n\n\n\n<p>Participer \u00e0 un cercle de cod\u00e9veloppement&nbsp;pour Leaders RH permet de: <\/p>\n\n\n\n<ul class=\"wp-block-list\">\n<li><strong>Prendre du recul<\/strong>&nbsp;sur des situations complexes et sensibles<\/li>\n\n\n\n<li><strong>D\u00e9bloquer plus rapidement<\/strong>&nbsp;des impasses humaines ou organisationnelles<\/li>\n\n\n\n<li><strong>\u00c9largir ses perspectives<\/strong>&nbsp;gr\u00e2ce \u00e0 la diversit\u00e9 des entreprises et des secteurs<\/li>\n\n\n\n<li><strong>Evoluer dans sa posture de leader RH<\/strong>&nbsp;au sein du comit\u00e9 de direction<\/li>\n\n\n\n<li><strong>D\u00e9cider avec plus de clart\u00e9 et d\u2019alignement<\/strong><\/li>\n\n\n\n<li><strong>Renforcer ses comp\u00e9tences de coaching et de leadership<\/strong><\/li>\n\n\n\n<li>S\u2019appuyer sur un&nbsp;<strong>collectif de pairs bienveillant, soutenant et exigeant<\/strong><\/li>\n<\/ul>\n\n\n\n<h2 class=\"wp-block-heading\"><span id=\"Envie_dexplorer_ou_de_rejoindre_un_cercle\"><strong>Envie d\u2019explorer ou de rejoindre un cercle ?<\/strong><\/span><\/h2>\n\n\n\n<p>Contactez-nous pour \u00e9changer sur vos enjeux et votre int\u00e9r\u00eat pour le cod\u00e9veloppement entre leaders RH.<\/p>\n<div id=\"toc_container\" class=\"no_bullets\"><p class=\"toc_title\">Sommaire<\/p><ul class=\"toc_list\"><li><a href=\"#Un_espace_de_confiance_et_de_coaching_entre_pairs\"><span class=\"toc_number toc_depth_1\">1<\/span> Un espace de confiance et de coaching entre pairs<\/a><\/li><li><a href=\"#A_qui_s8217adresse_le_cercle_de_codeveloppement\"><span class=\"toc_number toc_depth_1\">2<\/span> A qui s&#8217;adresse le cercle de cod\u00e9veloppement ?<\/a><\/li><li><a href=\"#Comment_fonctionne_le_codeveloppement_entre_Leaders_RH\"><span class=\"toc_number toc_depth_1\">3<\/span> Comment fonctionne le cod\u00e9veloppement entre Leaders RH?<\/a><\/li><li><a href=\"#Un_partenariat_au_service_du_cercle_pour_Leaders_RH\"><span class=\"toc_number toc_depth_1\">4<\/span> Un partenariat au service du cercle pour Leaders RH<\/a><\/li><li><a href=\"#Les_benefices_pour_les_participants\"><span class=\"toc_number toc_depth_1\">5<\/span> Les b\u00e9n\u00e9fices pour les participants<\/a><\/li><li><a href=\"#Envie_dexplorer_ou_de_rejoindre_un_cercle\"><span class=\"toc_number toc_depth_1\">6<\/span> Envie d\u2019explorer ou de rejoindre un cercle ?<\/a><\/li><\/ul><\/div>\n","protected":false},"excerpt":{"rendered":"<p>Transformez vos d\u00e9fis de leadership RH en nouvelles pistes d\u2019action gr\u00e2ce au cod\u00e9veloppement\u00a0entre DRH de diff\u00e9rentes entreprises: un espace\u00a0de confiance et\u00a0d\u2019apprentissage, o\u00f9 les\u00a0regards\u00a0crois\u00e9s\u00a0de pairs issus&#8230;<\/p>\n","protected":false},"author":2,"featured_media":2344,"parent":2366,"menu_order":0,"comment_status":"closed","ping_status":"closed","template":"","meta":{"_acf_changed":false,"footnotes":""},"class_list":["post-2365","page","type-page","status-publish","has-post-thumbnail","hentry"],"acf":[],"yoast_head":"<!-- This site is optimized with the Yoast SEO plugin v26.8 - https:\/\/yoast.com\/product\/yoast-seo-wordpress\/ -->\n<title>Cercle de Cod\u00e9veloppement pour Leaders RH - COLEADERS<\/title>\n<meta name=\"robots\" content=\"index, follow, max-snippet:-1, max-image-preview:large, max-video-preview:-1\" \/>\n<link rel=\"canonical\" href=\"https:\/\/coleaders.com\/en\/cercle-de-codeveloppement-des-leaders-rh\/\" \/>\n<meta property=\"og:locale\" content=\"en_US\" \/>\n<meta property=\"og:type\" content=\"article\" \/>\n<meta property=\"og:title\" content=\"Cercle de Cod\u00e9veloppement pour Leaders RH - COLEADERS\" \/>\n<meta property=\"og:description\" content=\"Transformez vos d\u00e9fis de leadership RH en nouvelles pistes d\u2019action gr\u00e2ce au cod\u00e9veloppement\u00a0entre DRH de diff\u00e9rentes entreprises: un espace\u00a0de confiance et\u00a0d\u2019apprentissage, o\u00f9 les\u00a0regards\u00a0crois\u00e9s\u00a0de pairs issus...\" \/>\n<meta property=\"og:url\" content=\"https:\/\/coleaders.com\/en\/cercle-de-codeveloppement-des-leaders-rh\/\" \/>\n<meta property=\"og:site_name\" content=\"COLEADERS\" \/>\n<meta property=\"og:image\" content=\"https:\/\/coleaders.com\/beta\/wp-content\/uploads\/2026\/01\/coleaders-og-white.png\" \/>\n\t<meta property=\"og:image:width\" content=\"1024\" \/>\n\t<meta property=\"og:image:height\" content=\"675\" \/>\n\t<meta property=\"og:image:type\" content=\"image\/png\" \/>\n<meta name=\"twitter:card\" content=\"summary_large_image\" \/>\n<meta name=\"twitter:label1\" content=\"Est. reading time\" \/>\n\t<meta name=\"twitter:data1\" content=\"4 minutes\" \/>\n<script type=\"application\/ld+json\" class=\"yoast-schema-graph\">{\"@context\":\"https:\/\/schema.org\",\"@graph\":[{\"@type\":\"WebPage\",\"@id\":\"https:\/\/coleaders.com\/en\/cercle-de-codeveloppement-des-leaders-rh\/\",\"url\":\"https:\/\/coleaders.com\/en\/cercle-de-codeveloppement-des-leaders-rh\/\",\"name\":\"Cercle de Cod\u00e9veloppement pour Leaders RH - COLEADERS\",\"isPartOf\":{\"@id\":\"https:\/\/coleaders.com\/#website\"},\"primaryImageOfPage\":{\"@id\":\"https:\/\/coleaders.com\/en\/cercle-de-codeveloppement-des-leaders-rh\/#primaryimage\"},\"image\":{\"@id\":\"https:\/\/coleaders.com\/en\/cercle-de-codeveloppement-des-leaders-rh\/#primaryimage\"},\"thumbnailUrl\":\"https:\/\/coleaders.com\/beta\/wp-content\/uploads\/2026\/01\/regine-tholen-fKvNHFzXIU0-unsplash-scaled.jpg\",\"datePublished\":\"2026-01-04T09:50:54+00:00\",\"breadcrumb\":{\"@id\":\"https:\/\/coleaders.com\/en\/cercle-de-codeveloppement-des-leaders-rh\/#breadcrumb\"},\"inLanguage\":\"en-US\",\"potentialAction\":[{\"@type\":\"ReadAction\",\"target\":[\"https:\/\/coleaders.com\/en\/cercle-de-codeveloppement-des-leaders-rh\/\"]}]},{\"@type\":\"ImageObject\",\"inLanguage\":\"en-US\",\"@id\":\"https:\/\/coleaders.com\/en\/cercle-de-codeveloppement-des-leaders-rh\/#primaryimage\",\"url\":\"https:\/\/coleaders.com\/beta\/wp-content\/uploads\/2026\/01\/regine-tholen-fKvNHFzXIU0-unsplash-scaled.jpg\",\"contentUrl\":\"https:\/\/coleaders.com\/beta\/wp-content\/uploads\/2026\/01\/regine-tholen-fKvNHFzXIU0-unsplash-scaled.jpg\",\"width\":2560,\"height\":1706},{\"@type\":\"BreadcrumbList\",\"@id\":\"https:\/\/coleaders.com\/en\/cercle-de-codeveloppement-des-leaders-rh\/#breadcrumb\",\"itemListElement\":[{\"@type\":\"ListItem\",\"position\":1,\"name\":\"Accueil\",\"item\":\"https:\/\/coleaders.com\/en\/\"},{\"@type\":\"ListItem\",\"position\":2,\"name\":\"Cercle de Cod\u00e9veloppement pour Leaders RH\"}]},{\"@type\":\"WebSite\",\"@id\":\"https:\/\/coleaders.com\/#website\",\"url\":\"https:\/\/coleaders.com\/\",\"name\":\"COLEADERS\",\"description\":\"Une \u00e9quipe de coachs ex\u00e9cutifs pour accompagner vos dirigeants et vos \u00e9quipes et r\u00e9ussir la dimension humaine des transformations de votre entreprise.\",\"publisher\":{\"@id\":\"https:\/\/coleaders.com\/#organization\"},\"alternateName\":\"COLEADERS\",\"potentialAction\":[{\"@type\":\"SearchAction\",\"target\":{\"@type\":\"EntryPoint\",\"urlTemplate\":\"https:\/\/coleaders.com\/?s={search_term_string}\"},\"query-input\":{\"@type\":\"PropertyValueSpecification\",\"valueRequired\":true,\"valueName\":\"search_term_string\"}}],\"inLanguage\":\"en-US\"},{\"@type\":\"Organization\",\"@id\":\"https:\/\/coleaders.com\/#organization\",\"name\":\"COLEADERS\",\"alternateName\":\"COLEADERS\",\"url\":\"https:\/\/coleaders.com\/\",\"logo\":{\"@type\":\"ImageObject\",\"inLanguage\":\"en-US\",\"@id\":\"https:\/\/coleaders.com\/#\/schema\/logo\/image\/\",\"url\":\"https:\/\/coleaders.com\/beta\/wp-content\/uploads\/2026\/01\/cropped-coleaders-favicon.png\",\"contentUrl\":\"https:\/\/coleaders.com\/beta\/wp-content\/uploads\/2026\/01\/cropped-coleaders-favicon.png\",\"width\":512,\"height\":512,\"caption\":\"COLEADERS\"},\"image\":{\"@id\":\"https:\/\/coleaders.com\/#\/schema\/logo\/image\/\"},\"sameAs\":[\"https:\/\/www.linkedin.com\/in\/christophemikolajczak\/\"]}]}<\/script>\n<!-- \/ Yoast SEO plugin. -->","yoast_head_json":{"title":"Cercle de Cod\u00e9veloppement pour Leaders RH - COLEADERS","robots":{"index":"index","follow":"follow","max-snippet":"max-snippet:-1","max-image-preview":"max-image-preview:large","max-video-preview":"max-video-preview:-1"},"canonical":"https:\/\/coleaders.com\/en\/cercle-de-codeveloppement-des-leaders-rh\/","og_locale":"en_US","og_type":"article","og_title":"Cercle de Cod\u00e9veloppement pour Leaders RH - COLEADERS","og_description":"Transformez vos d\u00e9fis de leadership RH en nouvelles pistes d\u2019action gr\u00e2ce au cod\u00e9veloppement\u00a0entre DRH de diff\u00e9rentes entreprises: un espace\u00a0de confiance et\u00a0d\u2019apprentissage, o\u00f9 les\u00a0regards\u00a0crois\u00e9s\u00a0de pairs issus...","og_url":"https:\/\/coleaders.com\/en\/cercle-de-codeveloppement-des-leaders-rh\/","og_site_name":"COLEADERS","og_image":[{"width":1024,"height":675,"url":"https:\/\/coleaders.com\/beta\/wp-content\/uploads\/2026\/01\/coleaders-og-white.png","type":"image\/png"}],"twitter_card":"summary_large_image","twitter_misc":{"Est. reading time":"4 minutes"},"schema":{"@context":"https:\/\/schema.org","@graph":[{"@type":"WebPage","@id":"https:\/\/coleaders.com\/en\/cercle-de-codeveloppement-des-leaders-rh\/","url":"https:\/\/coleaders.com\/en\/cercle-de-codeveloppement-des-leaders-rh\/","name":"Cercle de Cod\u00e9veloppement pour Leaders RH - COLEADERS","isPartOf":{"@id":"https:\/\/coleaders.com\/#website"},"primaryImageOfPage":{"@id":"https:\/\/coleaders.com\/en\/cercle-de-codeveloppement-des-leaders-rh\/#primaryimage"},"image":{"@id":"https:\/\/coleaders.com\/en\/cercle-de-codeveloppement-des-leaders-rh\/#primaryimage"},"thumbnailUrl":"https:\/\/coleaders.com\/beta\/wp-content\/uploads\/2026\/01\/regine-tholen-fKvNHFzXIU0-unsplash-scaled.jpg","datePublished":"2026-01-04T09:50:54+00:00","breadcrumb":{"@id":"https:\/\/coleaders.com\/en\/cercle-de-codeveloppement-des-leaders-rh\/#breadcrumb"},"inLanguage":"en-US","potentialAction":[{"@type":"ReadAction","target":["https:\/\/coleaders.com\/en\/cercle-de-codeveloppement-des-leaders-rh\/"]}]},{"@type":"ImageObject","inLanguage":"en-US","@id":"https:\/\/coleaders.com\/en\/cercle-de-codeveloppement-des-leaders-rh\/#primaryimage","url":"https:\/\/coleaders.com\/beta\/wp-content\/uploads\/2026\/01\/regine-tholen-fKvNHFzXIU0-unsplash-scaled.jpg","contentUrl":"https:\/\/coleaders.com\/beta\/wp-content\/uploads\/2026\/01\/regine-tholen-fKvNHFzXIU0-unsplash-scaled.jpg","width":2560,"height":1706},{"@type":"BreadcrumbList","@id":"https:\/\/coleaders.com\/en\/cercle-de-codeveloppement-des-leaders-rh\/#breadcrumb","itemListElement":[{"@type":"ListItem","position":1,"name":"Accueil","item":"https:\/\/coleaders.com\/en\/"},{"@type":"ListItem","position":2,"name":"Cercle de Cod\u00e9veloppement pour Leaders RH"}]},{"@type":"WebSite","@id":"https:\/\/coleaders.com\/#website","url":"https:\/\/coleaders.com\/","name":"COLEADERS","description":"Une \u00e9quipe de coachs ex\u00e9cutifs pour accompagner vos dirigeants et vos \u00e9quipes et r\u00e9ussir la dimension humaine des transformations de votre entreprise.","publisher":{"@id":"https:\/\/coleaders.com\/#organization"},"alternateName":"COLEADERS","potentialAction":[{"@type":"SearchAction","target":{"@type":"EntryPoint","urlTemplate":"https:\/\/coleaders.com\/?s={search_term_string}"},"query-input":{"@type":"PropertyValueSpecification","valueRequired":true,"valueName":"search_term_string"}}],"inLanguage":"en-US"},{"@type":"Organization","@id":"https:\/\/coleaders.com\/#organization","name":"COLEADERS","alternateName":"COLEADERS","url":"https:\/\/coleaders.com\/","logo":{"@type":"ImageObject","inLanguage":"en-US","@id":"https:\/\/coleaders.com\/#\/schema\/logo\/image\/","url":"https:\/\/coleaders.com\/beta\/wp-content\/uploads\/2026\/01\/cropped-coleaders-favicon.png","contentUrl":"https:\/\/coleaders.com\/beta\/wp-content\/uploads\/2026\/01\/cropped-coleaders-favicon.png","width":512,"height":512,"caption":"COLEADERS"},"image":{"@id":"https:\/\/coleaders.com\/#\/schema\/logo\/image\/"},"sameAs":["https:\/\/www.linkedin.com\/in\/christophemikolajczak\/"]}]}},"_links":{"self":[{"href":"https:\/\/coleaders.com\/en\/wp-json\/wp\/v2\/pages\/2365","targetHints":{"allow":["GET"]}}],"collection":[{"href":"https:\/\/coleaders.com\/en\/wp-json\/wp\/v2\/pages"}],"about":[{"href":"https:\/\/coleaders.com\/en\/wp-json\/wp\/v2\/types\/page"}],"author":[{"embeddable":true,"href":"https:\/\/coleaders.com\/en\/wp-json\/wp\/v2\/users\/2"}],"replies":[{"embeddable":true,"href":"https:\/\/coleaders.com\/en\/wp-json\/wp\/v2\/comments?post=2365"}],"version-history":[{"count":0,"href":"https:\/\/coleaders.com\/en\/wp-json\/wp\/v2\/pages\/2365\/revisions"}],"up":[{"embeddable":true,"href":"https:\/\/coleaders.com\/en\/wp-json\/wp\/v2\/pages\/2366"}],"wp:featuredmedia":[{"embeddable":true,"href":"https:\/\/coleaders.com\/en\/wp-json\/wp\/v2\/media\/2344"}],"wp:attachment":[{"href":"https:\/\/coleaders.com\/en\/wp-json\/wp\/v2\/media?parent=2365"}],"curies":[{"name":"wp","href":"https:\/\/api.w.org\/{rel}","templated":true}]}}